{"id":4100,"date":"2020-09-28T19:29:26","date_gmt":"2020-09-28T17:29:26","guid":{"rendered":"http:\/\/kmim.wm.pwr.edu.pl\/labowska\/?page_id=4100"},"modified":"2022-10-17T12:14:31","modified_gmt":"2022-10-17T10:14:31","slug":"matlab","status":"publish","type":"page","link":"https:\/\/kmim.wm.pwr.edu.pl\/labowska\/dydaktyka\/matlab\/","title":{"rendered":"MATLAB w zastosowaniach in\u017cynierskich"},"content":{"rendered":"<p>Zaj\u0119cia b\u0119d\u0105 odbywa\u0142y si\u0119 z wykorzystaniem programu komputerowego MATLAB.&nbsp;<\/p>\n<ul>\n<li><a href=\"http:\/\/kmim.wm.pwr.edu.pl\/labowska\/wp-content\/uploads\/sites\/83\/2021\/10\/Lista-zadan-nr-1.docx\" target=\"_blank\" rel=\"noopener\">Lista zada\u0144 nr 1<\/a>\n<ul>\n<li style=\"list-style-type: none\">\n<ul>\n<li><a href=\"http:\/\/kmim.wm.pwr.edu.pl\/labowska\/wp-content\/uploads\/sites\/83\/2020\/10\/Przyk\u0142adowe-komendy.docx\">Przyk\u0142adowe komendy<\/a><\/li>\n<\/ul>\n<\/li>\n<\/ul>\n<\/li>\n<li><a href=\"http:\/\/kmim.wm.pwr.edu.pl\/labowska\/wp-content\/uploads\/sites\/83\/2022\/10\/Lista-zadan-nr-2-1.docx\">Lista zada\u0144 nr 2<\/a>\n<ul>\n<li style=\"list-style-type: none\">\n<ul>\n<li><a href=\"http:\/\/kmim.wm.pwr.edu.pl\/labowska\/wp-content\/uploads\/sites\/83\/2021\/10\/Dzialania-tablicowe-i-macierzowe.docx\">Dzia\u0142ania tablicowe i macierzowe<\/a><\/li>\n<\/ul>\n<\/li>\n<\/ul>\n<\/li>\n<li><a href=\"http:\/\/kmim.wm.pwr.edu.pl\/labowska\/wp-content\/uploads\/sites\/83\/2020\/09\/Lista-zada\u0144-nr-3.docx\">Lista zada\u0144 nr 3<\/a><\/li>\n<li><a href=\"http:\/\/kmim.wm.pwr.edu.pl\/labowska\/wp-content\/uploads\/sites\/83\/2020\/09\/Lista-zada\u0144-nr-4.docx\">Lista zada\u0144 nr 4<\/a><\/li>\n<li><a href=\"http:\/\/kmim.wm.pwr.edu.pl\/labowska\/wp-content\/uploads\/sites\/83\/2020\/09\/Lista-zada\u0144-nr-5.docx\">Lista zada\u0144 nr 5<\/a>\n<ul>\n<li style=\"list-style-type: none\"><img loading=\"lazy\" decoding=\"async\" class=\"alignnone size-full wp-image-4155\" src=\"http:\/\/kmim.wm.pwr.edu.pl\/labowska\/wp-content\/uploads\/sites\/83\/2020\/11\/Stopy1_grayscale.png\" alt=\"\" width=\"144\" height=\"161\"><\/li>\n<\/ul>\n<\/li>\n<\/ul>\n<p><img loading=\"lazy\" decoding=\"async\" class=\"alignnone size-medium wp-image-4159\" src=\"http:\/\/kmim.wm.pwr.edu.pl\/labowska\/wp-content\/uploads\/sites\/83\/2020\/11\/Skala-300x15.png\" alt=\"\" width=\"300\" height=\"15\" srcset=\"https:\/\/kmim.wm.pwr.edu.pl\/labowska\/wp-content\/uploads\/sites\/83\/2020\/11\/Skala-300x15.png 300w, https:\/\/kmim.wm.pwr.edu.pl\/labowska\/wp-content\/uploads\/sites\/83\/2020\/11\/Skala.png 540w\" sizes=\"auto, (max-width: 300px) 100vw, 300px\" \/><\/p>\n<p><a href=\"http:\/\/kmim.wm.pwr.edu.pl\/labowska\/wp-content\/uploads\/sites\/83\/2021\/11\/Operacje-na-plikach.doc\">Operacje na plikach <\/a><\/p>\n<ul>\n<li><a href=\"http:\/\/kmim.wm.pwr.edu.pl\/labowska\/wp-content\/uploads\/sites\/83\/2020\/09\/Lista-zada\u0144-nr-6.docx\">Lista zada\u0144 nr 6<\/a>\n<ul>\n<li style=\"list-style-type: none\">\n<ul>\n<li><a href=\"http:\/\/kmim.wm.pwr.edu.pl\/labowska\/wp-content\/uploads\/sites\/83\/2020\/11\/Wykresy2D.docx\" target=\"_blank\" rel=\"noopener noreferrer\">Komendy pomocne przy wykresach<\/a><\/li>\n<\/ul>\n<\/li>\n<\/ul>\n<\/li>\n<li><a href=\"http:\/\/kmim.wm.pwr.edu.pl\/labowska\/wp-content\/uploads\/sites\/83\/2020\/09\/Lista-zada\u0144-nr-7.docx\">Lista zada\u0144 nr 7<\/a><\/li>\n<li><a href=\"http:\/\/kmim.wm.pwr.edu.pl\/labowska\/wp-content\/uploads\/sites\/83\/2020\/09\/Lista-zada\u0144-nr-8.docx\">Lista zada\u0144 nr 8<\/a>\n<ul>\n<li style=\"list-style-type: none\">\n<ul>\n<li><a href=\"http:\/\/kmim.wm.pwr.edu.pl\/labowska\/wp-content\/uploads\/sites\/83\/2020\/12\/daneLista8.txt\">Dane do listy zada\u0144<\/a><\/li>\n<\/ul>\n<\/li>\n<\/ul>\n<\/li>\n<\/ul>\n<p>&nbsp;<\/p>\n<p>Pomocnicza literatura:<\/p>\n<ol>\n<li><a href=\"http:\/\/www.iigw.pl\/uploads\/TI\/matlab1.pdf\">Podstawowe komendy (www)<\/a><\/li>\n<li><a href=\"http:\/\/vistula.pk.edu.pl\/~sciezor\/Kurs_IPP\/matlab.pdf\">Podstawy programowania w j\u0119zyku MATLAB <\/a><\/li>\n<li><a href=\"http:\/\/cybra.p.lodz.pl\/Content\/12506\/ZPakowski_Podstawy_MATLAB_2014.pdf\">Podstawy MATLABa w in\u017cynierii procesowej<\/a><\/li>\n<li>&#8230; inne zasoby na stronach www&nbsp;<\/li>\n<\/ol>\n","protected":false},"excerpt":{"rendered":"<p>Zaj\u0119cia b\u0119d\u0105 odbywa\u0142y si\u0119 z wykorzystaniem programu komputerowego MATLAB.&nbsp; Lista zada\u0144 nr 1 Przyk\u0142adowe komendy Lista zada\u0144 nr 2 Dzia\u0142ania tablicowe i macierzowe Lista zada\u0144 nr 3 Lista zada\u0144 nr 4 Lista zada\u0144 nr 5 Operacje na plikach Lista zada\u0144 nr 6 Komendy pomocne przy wykresach Lista zada\u0144 nr 7 Lista zada\u0144 nr 8 Dane &hellip; <a href=\"https:\/\/kmim.wm.pwr.edu.pl\/labowska\/dydaktyka\/matlab\/\" class=\"more-link\">Czytaj dalej <span class=\"screen-reader-text\">MATLAB w zastosowaniach in\u017cynierskich<\/span> <span class=\"meta-nav\">&rarr;<\/span><\/a><\/p>\n","protected":false},"author":80,"featured_media":0,"parent":4098,"menu_order":0,"comment_status":"closed","ping_status":"closed","template":"","meta":{"ngg_post_thumbnail":0,"footnotes":""},"class_list":["post-4100","page","type-page","status-publish","hentry"],"publishpress_future_action":{"enabled":false,"date":"2026-04-24 12:14:18","action":"change-status","newStatus":"draft","terms":[],"taxonomy":"language","extraData":[]},"publishpress_future_workflow_manual_trigger":{"enabledWorkflows":[]},"_links":{"self":[{"href":"https:\/\/kmim.wm.pwr.edu.pl\/labowska\/wp-json\/wp\/v2\/pages\/4100","targetHints":{"allow":["GET"]}}],"collection":[{"href":"https:\/\/kmim.wm.pwr.edu.pl\/labowska\/wp-json\/wp\/v2\/pages"}],"about":[{"href":"https:\/\/kmim.wm.pwr.edu.pl\/labowska\/wp-json\/wp\/v2\/types\/page"}],"author":[{"embeddable":true,"href":"https:\/\/kmim.wm.pwr.edu.pl\/labowska\/wp-json\/wp\/v2\/users\/80"}],"replies":[{"embeddable":true,"href":"https:\/\/kmim.wm.pwr.edu.pl\/labowska\/wp-json\/wp\/v2\/comments?post=4100"}],"version-history":[{"count":14,"href":"https:\/\/kmim.wm.pwr.edu.pl\/labowska\/wp-json\/wp\/v2\/pages\/4100\/revisions"}],"predecessor-version":[{"id":5437,"href":"https:\/\/kmim.wm.pwr.edu.pl\/labowska\/wp-json\/wp\/v2\/pages\/4100\/revisions\/5437"}],"up":[{"embeddable":true,"href":"https:\/\/kmim.wm.pwr.edu.pl\/labowska\/wp-json\/wp\/v2\/pages\/4098"}],"wp:attachment":[{"href":"https:\/\/kmim.wm.pwr.edu.pl\/labowska\/wp-json\/wp\/v2\/media?parent=4100"}],"curies":[{"name":"wp","href":"https:\/\/api.w.org\/{rel}","templated":true}]}}