{"id":4102,"date":"2020-09-28T19:36:21","date_gmt":"2020-09-28T17:36:21","guid":{"rendered":"http:\/\/kmim.wm.pwr.edu.pl\/labowska\/?page_id=4102"},"modified":"2023-03-19T18:49:35","modified_gmt":"2023-03-19T17:49:35","slug":"konsultacje","status":"publish","type":"page","link":"https:\/\/kmim.wm.pwr.edu.pl\/labowska\/konsultacje\/","title":{"rendered":"Konsultacje"},"content":{"rendered":"<p><strong>Semestr zimowy 2022\/2023<\/strong><\/p>\n<ul>\n<li>Poniedzia\u0142ek 9:30 &#8211; 11:30<\/li>\n<li>\u015aroda 13:00 &#8211; 15:00<\/li>\n<\/ul>\n<p>Konsultacje odbywaj\u0105 si\u0119 w sali 605\/B1 &#8211; wjazd wind\u0105 na pi\u0105te pi\u0119tro<\/p>\n<p>&nbsp;<\/p>\n","protected":false},"excerpt":{"rendered":"<p>Semestr zimowy 2022\/2023 Poniedzia\u0142ek 9:30 &#8211; 11:30 \u015aroda 13:00 &#8211; 15:00 Konsultacje odbywaj\u0105 si\u0119 w sali 605\/B1 &#8211; wjazd wind\u0105 na pi\u0105te pi\u0119tro &nbsp;<\/p>\n","protected":false},"author":80,"featured_media":0,"parent":0,"menu_order":2,"comment_status":"closed","ping_status":"closed","template":"","meta":{"ngg_post_thumbnail":0,"footnotes":""},"class_list":["post-4102","page","type-page","status-publish","hentry"],"publishpress_future_action":{"enabled":false,"date":"2026-04-24 15:42:52","action":"change-status","newStatus":"draft","terms":[],"taxonomy":"language","extraData":[]},"publishpress_future_workflow_manual_trigger":{"enabledWorkflows":[]},"_links":{"self":[{"href":"https:\/\/kmim.wm.pwr.edu.pl\/labowska\/wp-json\/wp\/v2\/pages\/4102","targetHints":{"allow":["GET"]}}],"collection":[{"href":"https:\/\/kmim.wm.pwr.edu.pl\/labowska\/wp-json\/wp\/v2\/pages"}],"about":[{"href":"https:\/\/kmim.wm.pwr.edu.pl\/labowska\/wp-json\/wp\/v2\/types\/page"}],"author":[{"embeddable":true,"href":"https:\/\/kmim.wm.pwr.edu.pl\/labowska\/wp-json\/wp\/v2\/users\/80"}],"replies":[{"embeddable":true,"href":"https:\/\/kmim.wm.pwr.edu.pl\/labowska\/wp-json\/wp\/v2\/comments?post=4102"}],"version-history":[{"count":45,"href":"https:\/\/kmim.wm.pwr.edu.pl\/labowska\/wp-json\/wp\/v2\/pages\/4102\/revisions"}],"predecessor-version":[{"id":5736,"href":"https:\/\/kmim.wm.pwr.edu.pl\/labowska\/wp-json\/wp\/v2\/pages\/4102\/revisions\/5736"}],"wp:attachment":[{"href":"https:\/\/kmim.wm.pwr.edu.pl\/labowska\/wp-json\/wp\/v2\/media?parent=4102"}],"curies":[{"name":"wp","href":"https:\/\/api.w.org\/{rel}","templated":true}]}}