{"id":4106,"date":"2020-09-28T19:41:13","date_gmt":"2020-09-28T17:41:13","guid":{"rendered":"http:\/\/kmim.wm.pwr.edu.pl\/labowska\/?page_id=4106"},"modified":"2023-03-19T18:55:37","modified_gmt":"2023-03-19T17:55:37","slug":"wprowadzenie-do-informatyki","status":"publish","type":"page","link":"https:\/\/kmim.wm.pwr.edu.pl\/labowska\/dydaktyka\/wprowadzenie-do-informatyki\/","title":{"rendered":"Wprowadzenie do informatyki"},"content":{"rendered":"<p>Wymagania i przebieg niniejszego kursu s\u0105 zawarte w <a href=\"http:\/\/&lt;!-- PDF Embedder: Please provide an &quot;URL&quot; attribute in your shortcode. --&gt;\">Karcie Kursu<\/a><\/p>\n<p>Zaliczenie kursu &#8211; wymagania:<\/p>\n<ul>\n<li>obecno\u015b\u0107 na zaj\u0119ciach<\/li>\n<li>listy zada\u0144 realizowane podczas zaj\u0119\u0107 i wysy\u0142ane na eportal<\/li>\n<li>pozytywnie zaliczona ekran\u00f3wka<\/li>\n<li>pozytywna ocena z kolokwium ko\u0144cowego<\/li>\n<\/ul>\n<p>Listy zada\u0144 udost\u0119pniane s\u0105 przez eportal&nbsp;<\/p>\n","protected":false},"excerpt":{"rendered":"<p>Wymagania i przebieg niniejszego kursu s\u0105 zawarte w Karcie Kursu Zaliczenie kursu &#8211; wymagania: obecno\u015b\u0107 na zaj\u0119ciach listy zada\u0144 realizowane podczas zaj\u0119\u0107 i wysy\u0142ane na eportal pozytywnie zaliczona ekran\u00f3wka pozytywna ocena z kolokwium ko\u0144cowego Listy zada\u0144 udost\u0119pniane s\u0105 przez eportal&nbsp;<\/p>\n","protected":false},"author":80,"featured_media":0,"parent":4098,"menu_order":1,"comment_status":"closed","ping_status":"closed","template":"","meta":{"ngg_post_thumbnail":0,"footnotes":""},"class_list":["post-4106","page","type-page","status-publish","hentry"],"publishpress_future_action":{"enabled":false,"date":"2026-04-24 13:54:35","action":"change-status","newStatus":"draft","terms":[],"taxonomy":"language","extraData":[]},"publishpress_future_workflow_manual_trigger":{"enabledWorkflows":[]},"_links":{"self":[{"href":"https:\/\/kmim.wm.pwr.edu.pl\/labowska\/wp-json\/wp\/v2\/pages\/4106","targetHints":{"allow":["GET"]}}],"collection":[{"href":"https:\/\/kmim.wm.pwr.edu.pl\/labowska\/wp-json\/wp\/v2\/pages"}],"about":[{"href":"https:\/\/kmim.wm.pwr.edu.pl\/labowska\/wp-json\/wp\/v2\/types\/page"}],"author":[{"embeddable":true,"href":"https:\/\/kmim.wm.pwr.edu.pl\/labowska\/wp-json\/wp\/v2\/users\/80"}],"replies":[{"embeddable":true,"href":"https:\/\/kmim.wm.pwr.edu.pl\/labowska\/wp-json\/wp\/v2\/comments?post=4106"}],"version-history":[{"count":5,"href":"https:\/\/kmim.wm.pwr.edu.pl\/labowska\/wp-json\/wp\/v2\/pages\/4106\/revisions"}],"predecessor-version":[{"id":5739,"href":"https:\/\/kmim.wm.pwr.edu.pl\/labowska\/wp-json\/wp\/v2\/pages\/4106\/revisions\/5739"}],"up":[{"embeddable":true,"href":"https:\/\/kmim.wm.pwr.edu.pl\/labowska\/wp-json\/wp\/v2\/pages\/4098"}],"wp:attachment":[{"href":"https:\/\/kmim.wm.pwr.edu.pl\/labowska\/wp-json\/wp\/v2\/media?parent=4106"}],"curies":[{"name":"wp","href":"https:\/\/api.w.org\/{rel}","templated":true}]}}