{"id":1350,"date":"2017-10-06T11:18:57","date_gmt":"2017-10-06T09:18:57","guid":{"rendered":"http:\/\/kmim.wm.pwr.edu.pl\/laszcz\/?page_id=1350"},"modified":"2017-10-06T11:18:57","modified_gmt":"2017-10-06T09:18:57","slug":"kursy","status":"publish","type":"page","link":"https:\/\/kmim.wm.pwr.edu.pl\/laszcz\/kursy\/","title":{"rendered":"Kursy"},"content":{"rendered":"<p>Kursy prowadzone w <strong>semestrze zimowym 2017\/2018<\/strong>:<\/p>\n<ul>\n<li>R\u00f3wnania r\u00f3\u017cniczkowe zwyczajne (\u0107wiczenia \/ 15h) &#8211;&nbsp;M05-19e<\/li>\n<li>R\u00f3wnania r\u00f3\u017cniczkowe zwyczajne (\u0107wiczenia \/ 15h) &#8211;&nbsp;M05-19c<\/li>\n<li>R\u00f3wnania r\u00f3\u017cniczkowe zwyczajne (\u0107wiczenia \/ 15h) &#8211;&nbsp;M05-19g<\/li>\n<\/ul>\n","protected":false},"excerpt":{"rendered":"<p>Kursy prowadzone w semestrze zimowym 2017\/2018: R\u00f3wnania r\u00f3\u017cniczkowe zwyczajne (\u0107wiczenia \/ 15h) &#8211;&nbsp;M05-19e R\u00f3wnania r\u00f3\u017cniczkowe zwyczajne (\u0107wiczenia \/ 15h) &#8211;&nbsp;M05-19c R\u00f3wnania r\u00f3\u017cniczkowe zwyczajne (\u0107wiczenia \/ 15h) &#8211;&nbsp;M05-19g<\/p>\n","protected":false},"author":62,"featured_media":0,"parent":0,"menu_order":0,"comment_status":"closed","ping_status":"closed","template":"","meta":{"ngg_post_thumbnail":0,"footnotes":""},"class_list":["post-1350","page","type-page","status-publish","hentry"],"publishpress_future_action":{"enabled":false,"date":"2026-04-18 20:32:33","action":"change-status","newStatus":"draft","terms":[],"taxonomy":"language","extraData":[]},"publishpress_future_workflow_manual_trigger":{"enabledWorkflows":[]},"_links":{"self":[{"href":"https:\/\/kmim.wm.pwr.edu.pl\/laszcz\/wp-json\/wp\/v2\/pages\/1350","targetHints":{"allow":["GET"]}}],"collection":[{"href":"https:\/\/kmim.wm.pwr.edu.pl\/laszcz\/wp-json\/wp\/v2\/pages"}],"about":[{"href":"https:\/\/kmim.wm.pwr.edu.pl\/laszcz\/wp-json\/wp\/v2\/types\/page"}],"author":[{"embeddable":true,"href":"https:\/\/kmim.wm.pwr.edu.pl\/laszcz\/wp-json\/wp\/v2\/users\/62"}],"replies":[{"embeddable":true,"href":"https:\/\/kmim.wm.pwr.edu.pl\/laszcz\/wp-json\/wp\/v2\/comments?post=1350"}],"version-history":[{"count":2,"href":"https:\/\/kmim.wm.pwr.edu.pl\/laszcz\/wp-json\/wp\/v2\/pages\/1350\/revisions"}],"predecessor-version":[{"id":1352,"href":"https:\/\/kmim.wm.pwr.edu.pl\/laszcz\/wp-json\/wp\/v2\/pages\/1350\/revisions\/1352"}],"wp:attachment":[{"href":"https:\/\/kmim.wm.pwr.edu.pl\/laszcz\/wp-json\/wp\/v2\/media?parent=1350"}],"curies":[{"name":"wp","href":"https:\/\/api.w.org\/{rel}","templated":true}]}}