{"id":1359,"date":"2017-10-06T12:38:35","date_gmt":"2017-10-06T10:38:35","guid":{"rendered":"http:\/\/kmim.wm.pwr.edu.pl\/laszcz\/?page_id=1359"},"modified":"2018-10-02T15:27:24","modified_gmt":"2018-10-02T13:27:24","slug":"literatura","status":"publish","type":"page","link":"https:\/\/kmim.wm.pwr.edu.pl\/laszcz\/kursy\/rownania-rozniczkowe-zwyczajne\/literatura\/","title":{"rendered":"Literatura"},"content":{"rendered":"<h3>Literatura<\/h3>\n<h4 style=\"text-align: justify\"><strong>Polska<\/strong><\/h4>\n<ol style=\"text-align: justify\">\n<li><span class=\"fontstyle0\"><strong>W. Krysicki, L. W\u0142odarski, <em>Analiza matematyczna w zadaniach. Cz\u0119\u015b\u0107 2<\/em>, PWN, Warszawa, 2011.<\/strong><br \/>\n<\/span><span class=\"fontstyle0\">Obejmuje wszystkie zagadnienia przerabiane na \u0107wiczeniach. Na ko\u0144cu poszczeg\u00f3lnych rozdzia\u0142\u00f3w znajduje si\u0119 zawsze lista zada\u0144 wraz z rozwi\u0105zaniami. Taki poziom zada\u0144 obowi\u0105zuje nas na \u0107wiczeniach.&nbsp;<\/span><\/li>\n<li><span class=\"fontstyle0\">M. Gewert, Z. Skoczylas,<em> R\u00f3wnania r\u00f3\u017cniczkowe zwyczajne. Teoria, przyk\u0142ady, zadania<\/em>, Oficyna Wydawnicza GIS, Wroc\u0142aw, 2007 <\/span><\/li>\n<li><span class=\"fontstyle0\">F. Leja, <em>Rachunek r\u00f3\u017cniczkowy i ca\u0142kowy ze wst\u0119pem do r\u00f3wna\u0144 r\u00f3\u017cniczkowych<\/em>, PWN, Warszawa, 2008<\/span><\/li>\n<li>N. Matwiejew, <em>Metody ca\u0142kowania r\u00f3wna\u0144 r\u00f3\u017cniczkowych zwyczajnych<\/em>, PWN, Warszawa, 1986.<\/li>\n<li>N. Matwiejew, <em>Zadania z r\u00f3wna\u0144 r\u00f3\u017cniczkowych zwyczajnych<\/em>, PWN, Warszawa, 1976.<br \/>\nPodr\u0119czniki Matwiejewa uzupe\u0142niaj\u0105 i rozszerzaj\u0105 informacji z zakresu rozwi\u0105zywania r\u00f3wna\u0144 r\u00f3\u017cniczkowych, a co wa\u017cne zawieraj\u0105 wiele, dok\u0142adnie wyt\u0142umaczonych przyk\u0142ad\u00f3w.<\/li>\n<\/ol>\n<h4 style=\"text-align: justify\"><strong><span class=\"fontstyle0\">Angielska<\/span><\/strong><\/h4>\n<ol>\n<li style=\"text-align: justify\"><span class=\"fontstyle0\">M. Tenenbaum, H. Pollard, <em>Ordinary Differential Equations<\/em>,&nbsp;Dover Publications, New York, 1985.<br \/>\n<\/span><span class=\"fontstyle0\">Rachunek r\u00f3\u017cniczkowy &#8211; krok po kroku. Od najbardziej podstawowych zagadnie\u0144, a\u017c do tych bardziej skomplikowanych. Do tego wszystko napisane przyst\u0119pnym j\u0119zykiem. 820 stron, kt\u00f3re mo\u017cna poleci\u0107.<br \/>\n<\/span>&nbsp;<\/li>\n<\/ol>\n","protected":false},"excerpt":{"rendered":"<p>Literatura Polska W. Krysicki, L. W\u0142odarski, Analiza matematyczna w zadaniach. Cz\u0119\u015b\u0107 2, PWN, Warszawa, 2011. Obejmuje wszystkie zagadnienia przerabiane na \u0107wiczeniach. Na ko\u0144cu poszczeg\u00f3lnych rozdzia\u0142\u00f3w znajduje si\u0119 zawsze lista zada\u0144 wraz z rozwi\u0105zaniami. Taki poziom zada\u0144 obowi\u0105zuje nas na \u0107wiczeniach.&nbsp; M. Gewert, Z. Skoczylas, R\u00f3wnania r\u00f3\u017cniczkowe zwyczajne. Teoria, przyk\u0142ady, zadania, Oficyna Wydawnicza GIS, Wroc\u0142aw, 2007 &hellip; <a href=\"https:\/\/kmim.wm.pwr.edu.pl\/laszcz\/kursy\/rownania-rozniczkowe-zwyczajne\/literatura\/\" class=\"more-link\">Czytaj dalej <span class=\"screen-reader-text\">Literatura<\/span> <span class=\"meta-nav\">&rarr;<\/span><\/a><\/p>\n","protected":false},"author":62,"featured_media":0,"parent":1354,"menu_order":0,"comment_status":"closed","ping_status":"closed","template":"","meta":{"ngg_post_thumbnail":0,"footnotes":""},"class_list":["post-1359","page","type-page","status-publish","hentry"],"publishpress_future_action":{"enabled":false,"date":"2026-04-18 20:32:32","action":"change-status","newStatus":"draft","terms":[],"taxonomy":"language","extraData":[]},"publishpress_future_workflow_manual_trigger":{"enabledWorkflows":[]},"_links":{"self":[{"href":"https:\/\/kmim.wm.pwr.edu.pl\/laszcz\/wp-json\/wp\/v2\/pages\/1359","targetHints":{"allow":["GET"]}}],"collection":[{"href":"https:\/\/kmim.wm.pwr.edu.pl\/laszcz\/wp-json\/wp\/v2\/pages"}],"about":[{"href":"https:\/\/kmim.wm.pwr.edu.pl\/laszcz\/wp-json\/wp\/v2\/types\/page"}],"author":[{"embeddable":true,"href":"https:\/\/kmim.wm.pwr.edu.pl\/laszcz\/wp-json\/wp\/v2\/users\/62"}],"replies":[{"embeddable":true,"href":"https:\/\/kmim.wm.pwr.edu.pl\/laszcz\/wp-json\/wp\/v2\/comments?post=1359"}],"version-history":[{"count":2,"href":"https:\/\/kmim.wm.pwr.edu.pl\/laszcz\/wp-json\/wp\/v2\/pages\/1359\/revisions"}],"predecessor-version":[{"id":1646,"href":"https:\/\/kmim.wm.pwr.edu.pl\/laszcz\/wp-json\/wp\/v2\/pages\/1359\/revisions\/1646"}],"up":[{"embeddable":true,"href":"https:\/\/kmim.wm.pwr.edu.pl\/laszcz\/wp-json\/wp\/v2\/pages\/1354"}],"wp:attachment":[{"href":"https:\/\/kmim.wm.pwr.edu.pl\/laszcz\/wp-json\/wp\/v2\/media?parent=1359"}],"curies":[{"name":"wp","href":"https:\/\/api.w.org\/{rel}","templated":true}]}}