{"id":1361,"date":"2017-10-06T13:15:29","date_gmt":"2017-10-06T11:15:29","guid":{"rendered":"http:\/\/kmim.wm.pwr.edu.pl\/laszcz\/?page_id=1361"},"modified":"2020-10-04T13:47:18","modified_gmt":"2020-10-04T11:47:18","slug":"zasady-zaliczenia-mbm","status":"publish","type":"page","link":"https:\/\/kmim.wm.pwr.edu.pl\/laszcz\/kursy\/rownania-rozniczkowe-zwyczajne\/zasady-zaliczenia-mbm\/","title":{"rendered":"Zasady zaliczenia [MBM, AIR, IB]"},"content":{"rendered":"<h6><strong>Aktualne zasady zaliczenia dost\u0119pne s\u0105 na kursie w ePortalu.<\/strong><\/h6>\n<h5 style=\"text-align: justify\"><del><strong>Obecno\u015b\u0107<\/strong><\/del><\/h5>\n<p style=\"text-align: justify\"><del>Dozwolona jest <strong>jedna nieusprawiedliwiona nieobecno\u015b\u0107<\/strong>. Zaj\u0119cia mo\u017cna odrabia\u0107 w innych moich grupach. Zaleg\u0142e kartk\u00f3wki mo\u017cna napisa\u0107 na konsultacjach po <strong>wcze\u015bniejszej e-mailowej informacji<\/strong>, ale <strong>nie p\u00f3\u017aniej ni\u017c 2 tyg. od opuszczonych zaj\u0119\u0107<\/strong>.<\/del><\/p>\n<h5 style=\"text-align: justify\"><del><strong>Kartk\u00f3wki<\/strong><\/del><\/h5>\n<p style=\"text-align: justify\"><del>Kartk\u00f3wki b\u0119d\u0105 odbywa\u0142y si\u0119 <strong>na ka\u017cdych zaj\u0119ciach<\/strong> (pocz\u0105wszy od trzecich zaj\u0119\u0107). Pisanie kartk\u00f3wek jest <strong>dobrowolne<\/strong> i nie ma negatywnych konsekwencji ich niepisania. Pozytywnie zaliczone kartk\u00f3wki s\u0105 jednak <strong>jedn\u0105 z mo\u017cliwo\u015bci zaliczenia kursu<\/strong>. Ka\u017cda kartk\u00f3wka b\u0119dzie oceniana <strong>w skali 0-5 pkt<\/strong>. Wyniki z kartk\u00f3wek b\u0119d\u0105 pojawia\u0142y si\u0119 systematycznie na <span style=\"color: #ff6600\"><strong><a style=\"color: #ff6600\" href=\"https:\/\/kmim.wm.pwr.edu.pl\/laszcz\/pl\/kursy\/rownania-rozniczkowe-zwyczajne\/wyniki-kartkowekkolokwiow\/\">tej stronie<\/a><\/strong><\/span>.<\/del><br \/>\n<del>W zale\u017cno\u015bci od liczby kartk\u00f3wek na koniec semestru obowi\u0105zuje <strong>nast\u0119puj\u0105ce skala ocen<\/strong>:<\/del><\/p>\n<ul>\n<li><del><em>&gt;90% &#8211; 100% &#8211; 5,0<\/em><\/del><\/li>\n<li><del><em>&gt; 80% &#8211; 90% &#8211; 4,5<\/em><\/del><\/li>\n<li><del><em>&gt; 70% &#8211; 80% &#8211; 4,0<\/em><\/del><\/li>\n<li><del><em>&gt; 60% &#8211; 70% &#8211; 3,5<\/em><\/del><\/li>\n<li><del><em>&gt; 50% &#8211; 60% &#8211; 3,0<\/em><\/del><\/li>\n<li><del><em>0% &#8211; 50% &#8211; widzimy si\u0119 na kolokwium<\/em><\/del><\/li>\n<\/ul>\n<p style=\"text-align: justify\"><del>Zaleg\u0142e kartk\u00f3wki mo\u017cna napisa\u0107<strong> tylko w wyj\u0105tkowych sytuacjach<\/strong>, po wcze\u015bniejszym usprawiedliwieniu, <strong>nie p\u00f3\u017aniej ni\u017c 2 tyg. od terminu opuszczonych zaj\u0119\u0107.<\/strong><\/del><\/p>\n<h5 style=\"text-align: justify\"><del><strong>Kolokwium<\/strong><\/del><\/h5>\n<p style=\"text-align: justify\"><del><strong>Na przedostatnich zaj\u0119ciach<\/strong> odb\u0119dzie si\u0119 kolokwium dla os\u00f3b, kt\u00f3re nie zaliczy\u0142y kursu kartk\u00f3wkami lub te\u017c chc\u0105 poprawi\u0107 swoj\u0105 ko\u0144cow\u0105 ocen\u0119. Kolokwium b\u0119dzie obejmowa\u0142o <strong>wszystkie<\/strong> przerobione na \u0107wiczeniach zagadnienia. Kolokwium b\u0119dzie <strong>oceniane dok\u0142adnie tak samo jak kartk\u00f3wki<\/strong>.&nbsp; Na ostatnich zaj\u0119ciach przewidziane jest kolokwium poprawkowe.<\/del><\/p>\n<h5 style=\"text-align: justify\"><del><strong>Co z aktywno\u015bci\u0105 przy tablicy i &#8222;plusikami&#8221;?<\/strong><\/del><\/h5>\n<p style=\"text-align: justify\"><del>Na \u0107wiczenia <strong>przychodzimy si\u0119 czego\u015b nauczy\u0107<\/strong>, wi\u0119c nie b\u0119d\u0119 dodatkowo premiowa\u0142 os\u00f3b, kt\u00f3re wcze\u015bniej, we w\u0142asnym zakresie przerobi\u0142y ju\u017c dany materia\u0142. <span style=\"color: #ff6600\"><strong>Zamiast tego zach\u0119cam osoby, kt\u00f3re maj\u0105 problemy z&nbsp; omawianymi zagadnieniami, by zg\u0142asza\u0142y si\u0119&nbsp; do tablicy, a wtedy \u0142atwiej mi b\u0119dzie wyt\u0142umaczy\u0107 wszelkie pojawiaj\u0105ce si\u0119 problemy.<\/strong><\/span><\/del><\/p>\n<p>&nbsp;<\/p>\n","protected":false},"excerpt":{"rendered":"<p>Aktualne zasady zaliczenia dost\u0119pne s\u0105 na kursie w ePortalu. Obecno\u015b\u0107 Dozwolona jest jedna nieusprawiedliwiona nieobecno\u015b\u0107. Zaj\u0119cia mo\u017cna odrabia\u0107 w innych moich grupach. Zaleg\u0142e kartk\u00f3wki mo\u017cna napisa\u0107 na konsultacjach po wcze\u015bniejszej e-mailowej informacji, ale nie p\u00f3\u017aniej ni\u017c 2 tyg. od opuszczonych zaj\u0119\u0107. Kartk\u00f3wki Kartk\u00f3wki b\u0119d\u0105 odbywa\u0142y si\u0119 na ka\u017cdych zaj\u0119ciach (pocz\u0105wszy od trzecich zaj\u0119\u0107). Pisanie kartk\u00f3wek &hellip; <a href=\"https:\/\/kmim.wm.pwr.edu.pl\/laszcz\/kursy\/rownania-rozniczkowe-zwyczajne\/zasady-zaliczenia-mbm\/\" class=\"more-link\">Czytaj dalej <span class=\"screen-reader-text\">Zasady zaliczenia [MBM, AIR, IB]<\/span> <span class=\"meta-nav\">&rarr;<\/span><\/a><\/p>\n","protected":false},"author":62,"featured_media":0,"parent":1354,"menu_order":0,"comment_status":"closed","ping_status":"closed","template":"","meta":{"ngg_post_thumbnail":0,"footnotes":""},"class_list":["post-1361","page","type-page","status-publish","hentry"],"publishpress_future_action":{"enabled":false,"date":"2026-04-18 20:33:15","action":"change-status","newStatus":"draft","terms":[],"taxonomy":"language","extraData":[]},"publishpress_future_workflow_manual_trigger":{"enabledWorkflows":[]},"_links":{"self":[{"href":"https:\/\/kmim.wm.pwr.edu.pl\/laszcz\/wp-json\/wp\/v2\/pages\/1361","targetHints":{"allow":["GET"]}}],"collection":[{"href":"https:\/\/kmim.wm.pwr.edu.pl\/laszcz\/wp-json\/wp\/v2\/pages"}],"about":[{"href":"https:\/\/kmim.wm.pwr.edu.pl\/laszcz\/wp-json\/wp\/v2\/types\/page"}],"author":[{"embeddable":true,"href":"https:\/\/kmim.wm.pwr.edu.pl\/laszcz\/wp-json\/wp\/v2\/users\/62"}],"replies":[{"embeddable":true,"href":"https:\/\/kmim.wm.pwr.edu.pl\/laszcz\/wp-json\/wp\/v2\/comments?post=1361"}],"version-history":[{"count":8,"href":"https:\/\/kmim.wm.pwr.edu.pl\/laszcz\/wp-json\/wp\/v2\/pages\/1361\/revisions"}],"predecessor-version":[{"id":1882,"href":"https:\/\/kmim.wm.pwr.edu.pl\/laszcz\/wp-json\/wp\/v2\/pages\/1361\/revisions\/1882"}],"up":[{"embeddable":true,"href":"https:\/\/kmim.wm.pwr.edu.pl\/laszcz\/wp-json\/wp\/v2\/pages\/1354"}],"wp:attachment":[{"href":"https:\/\/kmim.wm.pwr.edu.pl\/laszcz\/wp-json\/wp\/v2\/media?parent=1361"}],"curies":[{"name":"wp","href":"https:\/\/api.w.org\/{rel}","templated":true}]}}