{"id":1399,"date":"2017-10-19T08:37:21","date_gmt":"2017-10-19T06:37:21","guid":{"rendered":"http:\/\/kmim.wm.pwr.edu.pl\/laszcz\/?page_id=1399"},"modified":"2017-10-19T08:37:21","modified_gmt":"2017-10-19T06:37:21","slug":"kalkulator-calek","status":"publish","type":"page","link":"https:\/\/kmim.wm.pwr.edu.pl\/laszcz\/kursy\/rownania-rozniczkowe-zwyczajne\/kalkulator-calek\/","title":{"rendered":"Kalkulator ca\u0142ek"},"content":{"rendered":"<p style=\"text-align: justify\">Je\u015bli kto\u015b potrzebuje po\u0107wiczy\u0107 rozwi\u0105zywanie ca\u0142ek lub chce sprawdzi\u0107 te dotychczas rozwi\u0105zane to polecam darmowe narz\u0119dzie <strong><a href=\"https:\/\/www.symbolab.com\/solver\/ordinary-differential-equation-calculator\" target=\"_blank\" rel=\"noopener\">Symbolab<\/a><\/strong>, kt\u00f3re pokazuje rozwi\u0105zania krok po kroku.<\/p>\n<p><img loading=\"lazy\" decoding=\"async\" class=\"alignnone size-full wp-image-1400\" src=\"http:\/\/kmim.wm.pwr.edu.pl\/laszcz\/wp-content\/uploads\/sites\/71\/2017\/10\/Symbolab1.jpg\" alt=\"\" width=\"1040\" height=\"496\" srcset=\"https:\/\/kmim.wm.pwr.edu.pl\/laszcz\/wp-content\/uploads\/sites\/71\/2017\/10\/Symbolab1.jpg 1040w, https:\/\/kmim.wm.pwr.edu.pl\/laszcz\/wp-content\/uploads\/sites\/71\/2017\/10\/Symbolab1-300x143.jpg 300w, https:\/\/kmim.wm.pwr.edu.pl\/laszcz\/wp-content\/uploads\/sites\/71\/2017\/10\/Symbolab1-768x366.jpg 768w, https:\/\/kmim.wm.pwr.edu.pl\/laszcz\/wp-content\/uploads\/sites\/71\/2017\/10\/Symbolab1-1024x488.jpg 1024w, https:\/\/kmim.wm.pwr.edu.pl\/laszcz\/wp-content\/uploads\/sites\/71\/2017\/10\/Symbolab1-1038x496.jpg 1038w\" sizes=\"auto, (max-width: 1040px) 100vw, 1040px\" \/><\/p>\n<p>&nbsp;<\/p>\n","protected":false},"excerpt":{"rendered":"<p>Je\u015bli kto\u015b potrzebuje po\u0107wiczy\u0107 rozwi\u0105zywanie ca\u0142ek lub chce sprawdzi\u0107 te dotychczas rozwi\u0105zane to polecam darmowe narz\u0119dzie Symbolab, kt\u00f3re pokazuje rozwi\u0105zania krok po kroku. &nbsp;<\/p>\n","protected":false},"author":62,"featured_media":0,"parent":1354,"menu_order":0,"comment_status":"closed","ping_status":"closed","template":"","meta":{"ngg_post_thumbnail":0,"footnotes":""},"class_list":["post-1399","page","type-page","status-publish","hentry"],"publishpress_future_action":{"enabled":false,"date":"2026-04-18 21:50:47","action":"change-status","newStatus":"draft","terms":[],"taxonomy":"language","extraData":[]},"publishpress_future_workflow_manual_trigger":{"enabledWorkflows":[]},"_links":{"self":[{"href":"https:\/\/kmim.wm.pwr.edu.pl\/laszcz\/wp-json\/wp\/v2\/pages\/1399","targetHints":{"allow":["GET"]}}],"collection":[{"href":"https:\/\/kmim.wm.pwr.edu.pl\/laszcz\/wp-json\/wp\/v2\/pages"}],"about":[{"href":"https:\/\/kmim.wm.pwr.edu.pl\/laszcz\/wp-json\/wp\/v2\/types\/page"}],"author":[{"embeddable":true,"href":"https:\/\/kmim.wm.pwr.edu.pl\/laszcz\/wp-json\/wp\/v2\/users\/62"}],"replies":[{"embeddable":true,"href":"https:\/\/kmim.wm.pwr.edu.pl\/laszcz\/wp-json\/wp\/v2\/comments?post=1399"}],"version-history":[{"count":2,"href":"https:\/\/kmim.wm.pwr.edu.pl\/laszcz\/wp-json\/wp\/v2\/pages\/1399\/revisions"}],"predecessor-version":[{"id":1402,"href":"https:\/\/kmim.wm.pwr.edu.pl\/laszcz\/wp-json\/wp\/v2\/pages\/1399\/revisions\/1402"}],"up":[{"embeddable":true,"href":"https:\/\/kmim.wm.pwr.edu.pl\/laszcz\/wp-json\/wp\/v2\/pages\/1354"}],"wp:attachment":[{"href":"https:\/\/kmim.wm.pwr.edu.pl\/laszcz\/wp-json\/wp\/v2\/media?parent=1399"}],"curies":[{"name":"wp","href":"https:\/\/api.w.org\/{rel}","templated":true}]}}