{"id":1403,"date":"2017-10-23T15:11:16","date_gmt":"2017-10-23T13:11:16","guid":{"rendered":"http:\/\/kmim.wm.pwr.edu.pl\/laszcz\/?page_id=1403"},"modified":"2020-10-04T13:46:29","modified_gmt":"2020-10-04T11:46:29","slug":"wyniki-kartkowekkolokwiow","status":"publish","type":"page","link":"https:\/\/kmim.wm.pwr.edu.pl\/laszcz\/kursy\/rownania-rozniczkowe-zwyczajne\/wyniki-kartkowekkolokwiow\/","title":{"rendered":"Wyniki kartk\u00f3wek\/kolokwi\u00f3w"},"content":{"rendered":"<p><span style=\"color: #999999\"><strong>Semestr zimowy 2019\/2020:<\/strong><\/span><\/p>\n<p><span style=\"color: #999999\"><em>Wyniki z drugiego terminu kolokwium oznaczone s\u0105 ciemniejszym kolorem i wystawione s\u0105 tylko osobom, kt\u00f3re zdoby\u0142y ocen\u0119 lepsz\u0105 lub r\u00f3wn\u0105 ocenie z pierwszego terminu.<\/em><\/span><\/p>\n<ul>\n<li><span style=\"color: #999999\"><a style=\"color: #999999\" href=\"http:\/\/kmim.wm.pwr.edu.pl\/laszcz\/wp-content\/uploads\/sites\/71\/2020\/01\/Wyniki_M00-76c_ostateczne.pdf\">pn TN 11:15-13:00 M00-76c [aktualizacja 27.01.2020]<\/a><\/span><\/li>\n<li><span style=\"color: #999999\"><a style=\"color: #999999\" href=\"http:\/\/kmim.wm.pwr.edu.pl\/laszcz\/wp-content\/uploads\/sites\/71\/2020\/01\/Wyniki_M01-48b_ostateczne.pdf\">wt TN 7:30-9:00 M01-48b [aktualizacja 21.01.2020]<\/a><\/span><\/li>\n<li><span style=\"color: #999999\"><a style=\"color: #999999\" href=\"http:\/\/kmim.wm.pwr.edu.pl\/laszcz\/wp-content\/uploads\/sites\/71\/2020\/01\/Wyniki_M00-76e_ostateczne.pdf\">\u015br TN 7:30-9:00 M00-76e [aktualizacja 22.01.2020]<\/a><\/span><\/li>\n<li><span style=\"color: #999999\"><a style=\"color: #999999\" href=\"http:\/\/kmim.wm.pwr.edu.pl\/laszcz\/wp-content\/uploads\/sites\/71\/2020\/01\/Wyniki_M01-69b_ostateczne.pdf\">\u015br TP 7:30-9:00 M03-69b [aktualizacja 29.01.2020]<\/a><\/span><\/li>\n<li><span style=\"color: #999999\"><a style=\"color: #999999\" href=\"http:\/\/kmim.wm.pwr.edu.pl\/laszcz\/wp-content\/uploads\/sites\/71\/2020\/01\/Wyniki_M00-69c_ostateczne.pdf\">pn TP 11:15-13:00 M03-69c [aktualizacja 27.01.2020]<\/a><\/span><\/li>\n<li><span style=\"color: #999999\"><a style=\"color: #999999\" href=\"http:\/\/kmim.wm.pwr.edu.pl\/laszcz\/wp-content\/uploads\/sites\/71\/2020\/01\/Wyniki_M00-76d_ostateczne.pdf\">pn TP 13:15-15:00 M00-76d [aktualizacja 27.01.2020]<\/a><\/span><\/li>\n<\/ul>\n<p><span style=\"color: #b3b3b3\"><strong>Semestr zimowy 2018\/2019:<\/strong><\/span><\/p>\n<ul>\n<li><span style=\"color: #b3b3b3\">pn TP 13:15-15:00 M04-02c&nbsp;[aktualizacja 01.02.19]<\/span><\/li>\n<li><span style=\"color: #b3b3b3\">pn TP 15:15-16:55 M04-15b&nbsp;[aktualizacja 01.02.19]<\/span><\/li>\n<li><span style=\"color: #b3b3b3\">pn TP 17:05-18:55 M04-08a [aktualizacja 01.02.19]<\/span><\/li>\n<li><span style=\"color: #b3b3b3\">\u015br TN 07:30-09:00 M00-02d [aktualizacja 01.02.19]<\/span><\/li>\n<li><span style=\"color: #b3b3b3\">\u015br TP 11:15-13:00 M04-08g&nbsp;[aktualizacja 01.02.19]<\/span><\/li>\n<li><span style=\"color: #b3b3b3\">cz TP 13:15-15:00 M00-02b [aktualizacja 01.02.19]<\/span><\/li>\n<\/ul>\n<p><span style=\"color: #b3b3b3\"><strong>Semestr letni 2017\/2018:<\/strong><\/span><\/p>\n<ul>\n<li><span style=\"color: #b3b3b3\">cz TN 9:15-11:00 M08-39a [aktualizacja 19.06.18]<\/span><\/li>\n<li><span style=\"color: #b3b3b3\">cz TN 15:15-16:55 M08-39b [aktualizacja 19.06.18]<\/span><\/li>\n<\/ul>\n<p><span style=\"color: #b3b3b3\"><strong>Semestr zimowy 2017\/2018:<\/strong><\/span><\/p>\n<ul>\n<li><span style=\"color: #b3b3b3\">pn TN 11:15-13:00 M05-19e [aktualizacja 26.01.18]<\/span><\/li>\n<li><span style=\"color: #b3b3b3\">pn TP 17:05-18:45 M05-19c [aktualizacja 26.01.18]<\/span><\/li>\n<li><span style=\"color: #b3b3b3\">\u015br TP 13:15-15:00 M05-19g [aktualizacja 26.01.18]<\/span><\/li>\n<\/ul>\n","protected":false},"excerpt":{"rendered":"<p>Semestr zimowy 2019\/2020: Wyniki z drugiego terminu kolokwium oznaczone s\u0105 ciemniejszym kolorem i wystawione s\u0105 tylko osobom, kt\u00f3re zdoby\u0142y ocen\u0119 lepsz\u0105 lub r\u00f3wn\u0105 ocenie z pierwszego terminu. pn TN 11:15-13:00 M00-76c [aktualizacja 27.01.2020] wt TN 7:30-9:00 M01-48b [aktualizacja 21.01.2020] \u015br TN 7:30-9:00 M00-76e [aktualizacja 22.01.2020] \u015br TP 7:30-9:00 M03-69b [aktualizacja 29.01.2020] pn TP 11:15-13:00 M03-69c &hellip; <a href=\"https:\/\/kmim.wm.pwr.edu.pl\/laszcz\/kursy\/rownania-rozniczkowe-zwyczajne\/wyniki-kartkowekkolokwiow\/\" class=\"more-link\">Czytaj dalej <span class=\"screen-reader-text\">Wyniki kartk\u00f3wek\/kolokwi\u00f3w<\/span> <span class=\"meta-nav\">&rarr;<\/span><\/a><\/p>\n","protected":false},"author":62,"featured_media":0,"parent":1354,"menu_order":0,"comment_status":"closed","ping_status":"closed","template":"","meta":{"ngg_post_thumbnail":0,"footnotes":""},"class_list":["post-1403","page","type-page","status-publish","hentry"],"publishpress_future_action":{"enabled":false,"date":"2026-04-20 11:12:38","action":"change-status","newStatus":"draft","terms":[],"taxonomy":"language","extraData":[]},"publishpress_future_workflow_manual_trigger":{"enabledWorkflows":[]},"_links":{"self":[{"href":"https:\/\/kmim.wm.pwr.edu.pl\/laszcz\/wp-json\/wp\/v2\/pages\/1403","targetHints":{"allow":["GET"]}}],"collection":[{"href":"https:\/\/kmim.wm.pwr.edu.pl\/laszcz\/wp-json\/wp\/v2\/pages"}],"about":[{"href":"https:\/\/kmim.wm.pwr.edu.pl\/laszcz\/wp-json\/wp\/v2\/types\/page"}],"author":[{"embeddable":true,"href":"https:\/\/kmim.wm.pwr.edu.pl\/laszcz\/wp-json\/wp\/v2\/users\/62"}],"replies":[{"embeddable":true,"href":"https:\/\/kmim.wm.pwr.edu.pl\/laszcz\/wp-json\/wp\/v2\/comments?post=1403"}],"version-history":[{"count":108,"href":"https:\/\/kmim.wm.pwr.edu.pl\/laszcz\/wp-json\/wp\/v2\/pages\/1403\/revisions"}],"predecessor-version":[{"id":2987,"href":"https:\/\/kmim.wm.pwr.edu.pl\/laszcz\/wp-json\/wp\/v2\/pages\/1403\/revisions\/2987"}],"up":[{"embeddable":true,"href":"https:\/\/kmim.wm.pwr.edu.pl\/laszcz\/wp-json\/wp\/v2\/pages\/1354"}],"wp:attachment":[{"href":"https:\/\/kmim.wm.pwr.edu.pl\/laszcz\/wp-json\/wp\/v2\/media?parent=1403"}],"curies":[{"name":"wp","href":"https:\/\/api.w.org\/{rel}","templated":true}]}}