{"id":1443,"date":"2017-12-12T21:45:24","date_gmt":"2017-12-12T20:45:24","guid":{"rendered":"http:\/\/kmim.wm.pwr.edu.pl\/laszcz\/?page_id=1443"},"modified":"2019-11-18T10:57:32","modified_gmt":"2019-11-18T09:57:32","slug":"metoda-przewidywan","status":"publish","type":"page","link":"https:\/\/kmim.wm.pwr.edu.pl\/laszcz\/kursy\/rownania-rozniczkowe-zwyczajne\/metoda-przewidywan\/","title":{"rendered":"Metoda przewidywa\u0144"},"content":{"rendered":"<p style=\"text-align: center\">Poni\u017cej znajduje si\u0119 tabela u\u0142atwiaj\u0105ca przewidywanie RSRN dla r\u00f3wna\u0144 r\u00f3\u017cniczkowych&nbsp;liniowych niejednorodnych rz\u0119du drugiego o sta\u0142ych wsp\u00f3\u0142czynnikach.<\/p>\n<p style=\"text-align: center\"><strong><a href=\"http:\/\/kmim.wm.pwr.edu.pl\/laszcz\/wp-content\/uploads\/sites\/71\/2019\/11\/Metoda-przewidywan-tabela.pdf\">METODA PRZEWIDYWA\u0143 &#8211; TABELA<\/a><\/strong><\/p>\n","protected":false},"excerpt":{"rendered":"<p>Poni\u017cej znajduje si\u0119 tabela u\u0142atwiaj\u0105ca przewidywanie RSRN dla r\u00f3wna\u0144 r\u00f3\u017cniczkowych&nbsp;liniowych niejednorodnych rz\u0119du drugiego o sta\u0142ych wsp\u00f3\u0142czynnikach. METODA PRZEWIDYWA\u0143 &#8211; TABELA<\/p>\n","protected":false},"author":62,"featured_media":0,"parent":1354,"menu_order":0,"comment_status":"closed","ping_status":"closed","template":"","meta":{"ngg_post_thumbnail":0,"footnotes":""},"class_list":["post-1443","page","type-page","status-publish","hentry"],"publishpress_future_action":{"enabled":false,"date":"2026-04-18 20:33:19","action":"change-status","newStatus":"draft","terms":[],"taxonomy":"language","extraData":[]},"publishpress_future_workflow_manual_trigger":{"enabledWorkflows":[]},"_links":{"self":[{"href":"https:\/\/kmim.wm.pwr.edu.pl\/laszcz\/wp-json\/wp\/v2\/pages\/1443","targetHints":{"allow":["GET"]}}],"collection":[{"href":"https:\/\/kmim.wm.pwr.edu.pl\/laszcz\/wp-json\/wp\/v2\/pages"}],"about":[{"href":"https:\/\/kmim.wm.pwr.edu.pl\/laszcz\/wp-json\/wp\/v2\/types\/page"}],"author":[{"embeddable":true,"href":"https:\/\/kmim.wm.pwr.edu.pl\/laszcz\/wp-json\/wp\/v2\/users\/62"}],"replies":[{"embeddable":true,"href":"https:\/\/kmim.wm.pwr.edu.pl\/laszcz\/wp-json\/wp\/v2\/comments?post=1443"}],"version-history":[{"count":5,"href":"https:\/\/kmim.wm.pwr.edu.pl\/laszcz\/wp-json\/wp\/v2\/pages\/1443\/revisions"}],"predecessor-version":[{"id":1964,"href":"https:\/\/kmim.wm.pwr.edu.pl\/laszcz\/wp-json\/wp\/v2\/pages\/1443\/revisions\/1964"}],"up":[{"embeddable":true,"href":"https:\/\/kmim.wm.pwr.edu.pl\/laszcz\/wp-json\/wp\/v2\/pages\/1354"}],"wp:attachment":[{"href":"https:\/\/kmim.wm.pwr.edu.pl\/laszcz\/wp-json\/wp\/v2\/media?parent=1443"}],"curies":[{"name":"wp","href":"https:\/\/api.w.org\/{rel}","templated":true}]}}