{"id":1029,"date":"2015-09-13T07:03:26","date_gmt":"2015-09-13T05:03:26","guid":{"rendered":"http:\/\/kmim.wm.pwr.edu.pl\/lesiuk\/?page_id=1029"},"modified":"2016-02-22T21:17:31","modified_gmt":"2016-02-22T20:17:31","slug":"informacje-dla-studentow","status":"publish","type":"page","link":"https:\/\/kmim.wm.pwr.edu.pl\/lesiuk\/informacje-dla-studentow\/","title":{"rendered":"INFORMACJE DLA STUDENT\u00d3W"},"content":{"rendered":"<p>Chwilowo brak informacji! Zajrzyj p\u00f3\u017aniej!<\/p>\n","protected":false},"excerpt":{"rendered":"<p>Chwilowo brak informacji! Zajrzyj p\u00f3\u017aniej!<\/p>\n","protected":false},"author":7,"featured_media":0,"parent":0,"menu_order":0,"comment_status":"closed","ping_status":"open","template":"","meta":{"ngg_post_thumbnail":0,"footnotes":""},"class_list":["post-1029","page","type-page","status-publish","hentry"],"publishpress_future_action":{"enabled":false,"date":"2026-04-14 12:41:37","action":"change-status","newStatus":"draft","terms":[],"taxonomy":"language","extraData":[]},"publishpress_future_workflow_manual_trigger":{"enabledWorkflows":[]},"_links":{"self":[{"href":"https:\/\/kmim.wm.pwr.edu.pl\/lesiuk\/wp-json\/wp\/v2\/pages\/1029","targetHints":{"allow":["GET"]}}],"collection":[{"href":"https:\/\/kmim.wm.pwr.edu.pl\/lesiuk\/wp-json\/wp\/v2\/pages"}],"about":[{"href":"https:\/\/kmim.wm.pwr.edu.pl\/lesiuk\/wp-json\/wp\/v2\/types\/page"}],"author":[{"embeddable":true,"href":"https:\/\/kmim.wm.pwr.edu.pl\/lesiuk\/wp-json\/wp\/v2\/users\/7"}],"replies":[{"embeddable":true,"href":"https:\/\/kmim.wm.pwr.edu.pl\/lesiuk\/wp-json\/wp\/v2\/comments?post=1029"}],"version-history":[{"count":5,"href":"https:\/\/kmim.wm.pwr.edu.pl\/lesiuk\/wp-json\/wp\/v2\/pages\/1029\/revisions"}],"predecessor-version":[{"id":1328,"href":"https:\/\/kmim.wm.pwr.edu.pl\/lesiuk\/wp-json\/wp\/v2\/pages\/1029\/revisions\/1328"}],"wp:attachment":[{"href":"https:\/\/kmim.wm.pwr.edu.pl\/lesiuk\/wp-json\/wp\/v2\/media?parent=1029"}],"curies":[{"name":"wp","href":"https:\/\/api.w.org\/{rel}","templated":true}]}}