{"id":1175,"date":"2015-03-03T13:37:44","date_gmt":"2015-03-03T12:37:44","guid":{"rendered":"http:\/\/kmim.wm.pwr.edu.pl\/lesiuk\/?page_id=1175"},"modified":"2015-03-03T13:37:44","modified_gmt":"2015-03-03T12:37:44","slug":"rownania-rozniczkowe","status":"publish","type":"page","link":"https:\/\/kmim.wm.pwr.edu.pl\/lesiuk\/rownania-rozniczkowe\/","title":{"rendered":"R\u00d3WNANIA R\u00d3\u017bNICZKOWE"},"content":{"rendered":"<p><b>INFORMACJE ODNO\u008cNIE KURSU: R\u00d3WNANIA R\u00d3\u017bNICZKOWE ZWYCZAJNE (wymiar 15h\/sem lub studenci zaoczni):<\/b><br \/>\nPrzedstawiam Pa\u0144stwu tematy zaj\u0119\u0107: <a href=\"http:\/\/www.immt.pwr.wroc.pl\/~lesiuk\/rrz_war.pdf\"><span style=\"color: #300ff3\">TEMATY ZAJ\u0118\u0106 i WARUNKI ZALICZENIA<\/span><\/a><\/p>\n<hr noshade=\"noshade\" size=\"4\" width=\"100%\" \/>\n<p>Poni\u017cej dost\u0119pne s\u0161 materia\u0142y dydaktyczne, kt\u00f3re mog\u0161 by\u0107 Pa\u0144stwu przydatne w trakcie realizacji kursu. Kolejne materia\u0142y b\u0119d\u0119 sukcesywanie dodawa\u0142.<\/p>\n<p>LISTA ZADA\u0143 NUMER 1 <a href=\"http:\/\/www.immt.pwr.wroc.pl\/~lesiuk\/list_1.pdf\"><span style=\"color: #300ff3\">LISTA ZADA\u0143 NR 1<\/span><\/a><\/p>\n<p>LISTA ZADA\u0143 NUMER 2 <a href=\"http:\/\/www.immt.pwr.wroc.pl\/~lesiuk\/list_2.pdf\"><span style=\"color: #300ff3\">LISTA ZADA\u0143 NR 2<\/span><\/a><\/p>\n<p>LISTA ZADA\u0143 NUMER 3 <a href=\"http:\/\/www.immt.pwr.wroc.pl\/~lesiuk\/list_3.pdf\"><span style=\"color: #300ff3\">LISTA ZADA\u0143 NR 3<\/span><\/a><\/p>\n<p>LISTA ZADA\u0143 NUMER 4 <a href=\"http:\/\/www.immt.pwr.wroc.pl\/~lesiuk\/list_4.pdf\"><span style=\"color: #300ff3\">LISTA ZADA\u0143 NR 4<\/span><\/a><\/p>\n<p>LISTA ZADA\u0143 NUMER 5 <a href=\"http:\/\/www.immt.pwr.wroc.pl\/~lesiuk\/list_5.pdf\"><span style=\"color: #300ff3\">LISTA ZADA\u0143 NR 5<\/span><\/a><\/p>\n<hr noshade=\"noshade\" size=\"4\" width=\"100%\" \/>\n<p>Poni\u017cej dost\u0119pne s\u0161 materia\u0142y dydaktyczne w postaci &#8222;tutoriali&#8221; do rozwi\u0161za\u0144 zada\u0144 z list:<br \/>\nR\u00f3wnania r\u00f3\u017cniczkowe rz\u0119du pierwszego liniowe, niejednorodne <a href=\"http:\/\/www.immt.pwr.wroc.pl\/~lesiuk\/tutorial_1.pdf\"><span style=\"color: #300ff3\">Tutorial 1<\/span><\/a><\/p>\n","protected":false},"excerpt":{"rendered":"<p>INFORMACJE ODNO\u008cNIE KURSU: R\u00d3WNANIA R\u00d3\u017bNICZKOWE ZWYCZAJNE (wymiar 15h\/sem lub studenci zaoczni): Przedstawiam Pa\u0144stwu tematy zaj\u0119\u0107: TEMATY ZAJ\u0118\u0106 i WARUNKI ZALICZENIA Poni\u017cej dost\u0119pne s\u0161 materia\u0142y dydaktyczne, kt\u00f3re mog\u0161 by\u0107 Pa\u0144stwu przydatne w trakcie realizacji kursu. Kolejne materia\u0142y b\u0119d\u0119 sukcesywanie dodawa\u0142. LISTA ZADA\u0143 NUMER 1 LISTA ZADA\u0143 NR 1 LISTA ZADA\u0143 NUMER 2 LISTA ZADA\u0143 NR 2 &hellip; <a href=\"https:\/\/kmim.wm.pwr.edu.pl\/lesiuk\/rownania-rozniczkowe\/\" class=\"more-link\">Czytaj dalej <span class=\"screen-reader-text\">R\u00d3WNANIA R\u00d3\u017bNICZKOWE<\/span> <span class=\"meta-nav\">&rarr;<\/span><\/a><\/p>\n","protected":false},"author":7,"featured_media":0,"parent":0,"menu_order":0,"comment_status":"closed","ping_status":"open","template":"","meta":{"ngg_post_thumbnail":0,"footnotes":""},"class_list":["post-1175","page","type-page","status-publish","hentry"],"publishpress_future_action":{"enabled":false,"date":"2026-04-20 15:22:40","action":"change-status","newStatus":"draft","terms":[],"taxonomy":"language","extraData":[]},"publishpress_future_workflow_manual_trigger":{"enabledWorkflows":[]},"_links":{"self":[{"href":"https:\/\/kmim.wm.pwr.edu.pl\/lesiuk\/wp-json\/wp\/v2\/pages\/1175","targetHints":{"allow":["GET"]}}],"collection":[{"href":"https:\/\/kmim.wm.pwr.edu.pl\/lesiuk\/wp-json\/wp\/v2\/pages"}],"about":[{"href":"https:\/\/kmim.wm.pwr.edu.pl\/lesiuk\/wp-json\/wp\/v2\/types\/page"}],"author":[{"embeddable":true,"href":"https:\/\/kmim.wm.pwr.edu.pl\/lesiuk\/wp-json\/wp\/v2\/users\/7"}],"replies":[{"embeddable":true,"href":"https:\/\/kmim.wm.pwr.edu.pl\/lesiuk\/wp-json\/wp\/v2\/comments?post=1175"}],"version-history":[{"count":2,"href":"https:\/\/kmim.wm.pwr.edu.pl\/lesiuk\/wp-json\/wp\/v2\/pages\/1175\/revisions"}],"predecessor-version":[{"id":1188,"href":"https:\/\/kmim.wm.pwr.edu.pl\/lesiuk\/wp-json\/wp\/v2\/pages\/1175\/revisions\/1188"}],"wp:attachment":[{"href":"https:\/\/kmim.wm.pwr.edu.pl\/lesiuk\/wp-json\/wp\/v2\/media?parent=1175"}],"curies":[{"name":"wp","href":"https:\/\/api.w.org\/{rel}","templated":true}]}}