{"id":1564,"date":"2018-04-29T12:40:25","date_gmt":"2018-04-29T10:40:25","guid":{"rendered":"http:\/\/kmim.wm.pwr.edu.pl\/lesiuk\/?page_id=1564"},"modified":"2020-05-19T19:14:09","modified_gmt":"2020-05-19T17:14:09","slug":"wytrzymalosc-materialow-ii-w16","status":"publish","type":"page","link":"https:\/\/kmim.wm.pwr.edu.pl\/lesiuk\/wytrzymalosc-materialow-ii-w16\/","title":{"rendered":"Wytrzyma\u0142o\u015b\u0107 Materia\u0142\u00f3w II (LEGNICA)"},"content":{"rendered":"<p>Materia\u0142y do zaj\u0119\u0107 z kursu <strong>Wytrzma\u0142o\u015b\u0107 Materia\u0142\u00f3w II (15h, aktualizowane co 2 tygodnie)<\/strong><\/p>\n<p>Poni\u017cej sukcesywnie b\u0119d\u0105 umieszczane materia\u0142y do pracy zdalnej student\u00f3w z Legnicy (kurs WM II, IOZE, BMP)<\/p>\n<p><strong>Laboratorium WMII:<\/strong><\/p>\n<ol>\n<li>W pliku <a href=\"http:\/\/kmim.wm.pwr.edu.pl\/lesiuk\/wp-content\/uploads\/sites\/10\/2020\/03\/ZDALNE.zip\">ZDALNE laboratoria 2-3<\/a> umieszczona jest instrukcja do wykonania sprawozdania, plik WORD z opisem przeprowadzonego eksperymentu &#8211; wizualizacj\u0105 pr\u00f3by zginania w warunkach laboratoryjnych (youtube), oraz dane pomiarowe &#8211; has\u0142o dost\u0119powe jest wysy\u0142ane do grupy indywidualnie&nbsp;<\/li>\n<li>W pliku umieszczonym w p. 2 jest przygotowany zdalny materia\u0142 z pr\u00f3by odporno\u015bci na p\u0119kanie &#8211; w paczce jest: &nbsp;instrukcja do zaj\u0119\u0107, opis przygotowany przez prowadz\u0105cego wraz z dokumentacj\u0105 fotograficzn\u0105 eksperymentu, oraz plik tekstowy z &#8222;surowymi&#8221; danymi (w ostatniej kolumnie jest sygna\u0142 z czujnika rozwarcia p\u0119kni\u0119cia (w mm) .<a href=\"http:\/\/kmim.wm.pwr.edu.pl\/lesiuk\/wp-content\/uploads\/sites\/10\/2020\/04\/PROBA-ODPORNOSCI-NA-KRUCHE-P\u0118KANIE.zip\">PROBA ODPORNOSCI NA KRUCHE P\u0118KANIE<\/a><\/li>\n<li>W pliku dost\u0119pna jest instrukcja do wykonania sprawozdania i wyniki pomiarowe z opiem prowadzonego eksperymentu (prosz\u0119 nie zapomnie\u0107 o teoretycznych obliczeniach) <a href=\"http:\/\/kmim.wm.pwr.edu.pl\/lesiuk\/wp-content\/uploads\/sites\/10\/2020\/04\/wyboczenie_lab_dane_inst.zip\">wyboczenie_lab_dane_inst<\/a><\/li>\n<li>PR\u00d3BA SKR\u0118CANIA &#8211; plik zawiera wzorzec sprawozdania doc (z wynikami pomiar\u00f3w) i opis przebiegu eksperymentu wraz z teoretycznymi wiadomo\u015bciami (pdf)<a href=\"http:\/\/kmim.wm.pwr.edu.pl\/lesiuk\/wp-content\/uploads\/sites\/10\/2020\/05\/PROBA-SKRECANIA.zip\">http:\/\/kmim.wm.pwr.edu.pl\/lesiuk\/wp-content\/uploads\/sites\/10\/2020\/05\/PROBA-SKRECANIA.zip<\/a><\/li>\n<li><strong>(dodano 19\/05\/2020)<\/strong>&#8211; Instrukcja i opis przeprowadzonego eksperymentu z zakresu zm\u0119czeniowego wzrostu p\u0119kni\u0119\u0107 <a href=\"http:\/\/kmim.wm.pwr.edu.pl\/lesiuk\/wp-content\/uploads\/sites\/10\/2020\/05\/lab_zmeczenie.pdf\">http:\/\/kmim.wm.pwr.edu.pl\/lesiuk\/wp-content\/uploads\/sites\/10\/2020\/05\/lab_zmeczenie.pdf<\/a><\/li>\n<li>Przwidywane jest (?) kolejne \u0107wiczenie uzupe\u0142niaj\u0105ce cykl przeprowadzonych prac &#8211; albo zaliczenie&#8230;.informacje pojawi\u0105 si\u0119 przez system edukacja do ko\u0144ca maja 2020<\/li>\n<\/ol>\n<p><strong>Wyk\u0142ad WMII (15h &#8211; aktualizowany co 2 tygodnie)<\/strong><\/p>\n<p>Materia\u0142y do pracy zdalnej<\/p>\n<ol>\n<li>Wyk\u0142ady po\u015bwi\u0119cone mechanice p\u0119kania (2i3 wyk\u0142ad) wraz z video <a href=\"http:\/\/kmim.wm.pwr.edu.pl\/lesiuk\/wp-content\/uploads\/sites\/10\/2020\/03\/WYK\u0141ADY_MP_video_listy_zadan_rozw.zip\">WYK\u0141ADY_MP_video_listy_zadan_rozw<\/a><\/li>\n<li>Materia\u0142 opisowy pozwalaj\u0105cy rozwi\u0105za\u0107 list\u0119 zada\u0144 nr 4 i przygotowa\u0107 si\u0119 do kolejnych laboratori\u00f3w <a href=\"http:\/\/kmim.wm.pwr.edu.pl\/lesiuk\/wp-content\/uploads\/sites\/10\/2020\/03\/dodateK_dla_studentow.pdf\">http:\/\/kmim.wm.pwr.edu.pl\/lesiuk\/wp-content\/uploads\/sites\/10\/2020\/03\/dodateK_dla_studentow.pdf<\/a><\/li>\n<li>Materia\u0142 pomocniczy do wyk\u0142adu nt. metod bezkontaktowych pomiar\u00f3w odkszta\u0142ce\u0144 &#8211;&nbsp;<a href=\"http:\/\/kmim.wm.pwr.edu.pl\/lesiuk\/wp-content\/uploads\/sites\/10\/2020\/04\/DIC_GOM.pdf\">http:\/\/kmim.wm.pwr.edu.pl\/lesiuk\/wp-content\/uploads\/sites\/10\/2020\/04\/DIC_GOM.pdf<\/a><\/li>\n<li>&nbsp;Wyk\u0142ad &#8211; zbiorniki cienko\u015bcienne (i materia\u0142y z przyk\u0142adowymi rozwi\u0105zaniami &#8211;&nbsp; do samodzielnego rozwi\u0105zania lista nr 3 jako materia\u0142 uzupe\u0142niaj\u0105cy wyk\u0142ad) &#8211; <a href=\"http:\/\/kmim.wm.pwr.edu.pl\/lesiuk\/wp-content\/uploads\/sites\/10\/2020\/05\/WYK_ZBIORNIKI.zip\">http:\/\/kmim.wm.pwr.edu.pl\/lesiuk\/wp-content\/uploads\/sites\/10\/2020\/05\/WYK_ZBIORNIKI.zip<\/a><\/li>\n<li><em><strong>(aktualizacja: 19.05.2020) ju\u017c wkr\u00f3tce wyk\u0142ad i przyk\u0142ady rozwi\u0105zanych zada\u0144 &#8211; obliczenia pr\u0119t\u00f3w silnie zakrzywionych<\/strong><\/em><\/li>\n<\/ol>\n<p>Listy zada\u0144 do wyk\u0142adu z Wytrzyma\u0142o\u015bci Materia\u0142\u00f3w II:<\/p>\n<ol>\n<li><a href=\"http:\/\/kmim.wm.pwr.edu.pl\/lesiuk\/wp-content\/uploads\/sites\/10\/2018\/05\/LISTA1.pdf\">Lista 1<\/a><a href=\"https:\/\/kmim.wm.pwr.edu.pl\/lesiuk\/wp-content\/uploads\/sites\/10\/2018\/05\/LISTA1.pdf\" class=\"pdfemb-viewer\" style=\"\" data-width=\"max\" data-height=\"max\" data-toolbar=\"bottom\" data-toolbar-fixed=\"off\">LISTA1<\/a><\/li>\n<li><a href=\"http:\/\/kmim.wm.pwr.edu.pl\/lesiuk\/wp-content\/uploads\/sites\/10\/2018\/05\/LISTA2.pdf\">Lista 2<\/a>&nbsp;<a href=\"https:\/\/kmim.wm.pwr.edu.pl\/lesiuk\/wp-content\/uploads\/sites\/10\/2018\/05\/LISTA2.pdf\" class=\"pdfemb-viewer\" style=\"\" data-width=\"max\" data-height=\"max\" data-toolbar=\"bottom\" data-toolbar-fixed=\"off\">LISTA2<\/a><\/li>\n<li><a href=\"http:\/\/kmim.wm.pwr.edu.pl\/lesiuk\/wp-content\/uploads\/sites\/10\/2018\/05\/LISTA3.pdf\">Lista 3<\/a><a href=\"https:\/\/kmim.wm.pwr.edu.pl\/lesiuk\/wp-content\/uploads\/sites\/10\/2018\/05\/LISTA3.pdf\" class=\"pdfemb-viewer\" style=\"\" data-width=\"max\" data-height=\"max\" data-toolbar=\"bottom\" data-toolbar-fixed=\"off\">LISTA3<\/a><\/li>\n<li><a href=\"http:\/\/kmim.wm.pwr.edu.pl\/lesiuk\/wp-content\/uploads\/sites\/10\/2018\/05\/LISTA4.pdf\">Lista 4<\/a><a href=\"https:\/\/kmim.wm.pwr.edu.pl\/lesiuk\/wp-content\/uploads\/sites\/10\/2018\/05\/LISTA4.pdf\" class=\"pdfemb-viewer\" style=\"\" data-width=\"max\" data-height=\"max\" data-toolbar=\"bottom\" data-toolbar-fixed=\"off\">LISTA4<\/a><\/li>\n<\/ol>\n","protected":false},"excerpt":{"rendered":"<p>Materia\u0142y do zaj\u0119\u0107 z kursu Wytrzma\u0142o\u015b\u0107 Materia\u0142\u00f3w II (15h, aktualizowane co 2 tygodnie) Poni\u017cej sukcesywnie b\u0119d\u0105 umieszczane materia\u0142y do pracy zdalnej student\u00f3w z Legnicy (kurs WM II, IOZE, BMP) Laboratorium WMII: W pliku ZDALNE laboratoria 2-3 umieszczona jest instrukcja do wykonania sprawozdania, plik WORD z opisem przeprowadzonego eksperymentu &#8211; wizualizacj\u0105 pr\u00f3by zginania w warunkach laboratoryjnych &hellip; <a href=\"https:\/\/kmim.wm.pwr.edu.pl\/lesiuk\/wytrzymalosc-materialow-ii-w16\/\" class=\"more-link\">Czytaj dalej <span class=\"screen-reader-text\">Wytrzyma\u0142o\u015b\u0107 Materia\u0142\u00f3w II (LEGNICA)<\/span> <span class=\"meta-nav\">&rarr;<\/span><\/a><\/p>\n","protected":false},"author":7,"featured_media":0,"parent":0,"menu_order":0,"comment_status":"closed","ping_status":"closed","template":"","meta":{"ngg_post_thumbnail":0,"footnotes":""},"class_list":["post-1564","page","type-page","status-publish","hentry"],"publishpress_future_action":{"enabled":false,"date":"2026-04-20 15:23:08","action":"change-status","newStatus":"draft","terms":[],"taxonomy":"language","extraData":[]},"publishpress_future_workflow_manual_trigger":{"enabledWorkflows":[]},"_links":{"self":[{"href":"https:\/\/kmim.wm.pwr.edu.pl\/lesiuk\/wp-json\/wp\/v2\/pages\/1564","targetHints":{"allow":["GET"]}}],"collection":[{"href":"https:\/\/kmim.wm.pwr.edu.pl\/lesiuk\/wp-json\/wp\/v2\/pages"}],"about":[{"href":"https:\/\/kmim.wm.pwr.edu.pl\/lesiuk\/wp-json\/wp\/v2\/types\/page"}],"author":[{"embeddable":true,"href":"https:\/\/kmim.wm.pwr.edu.pl\/lesiuk\/wp-json\/wp\/v2\/users\/7"}],"replies":[{"embeddable":true,"href":"https:\/\/kmim.wm.pwr.edu.pl\/lesiuk\/wp-json\/wp\/v2\/comments?post=1564"}],"version-history":[{"count":21,"href":"https:\/\/kmim.wm.pwr.edu.pl\/lesiuk\/wp-json\/wp\/v2\/pages\/1564\/revisions"}],"predecessor-version":[{"id":3591,"href":"https:\/\/kmim.wm.pwr.edu.pl\/lesiuk\/wp-json\/wp\/v2\/pages\/1564\/revisions\/3591"}],"wp:attachment":[{"href":"https:\/\/kmim.wm.pwr.edu.pl\/lesiuk\/wp-json\/wp\/v2\/media?parent=1564"}],"curies":[{"name":"wp","href":"https:\/\/api.w.org\/{rel}","templated":true}]}}