{"id":1585,"date":"2018-05-06T18:23:57","date_gmt":"2018-05-06T16:23:57","guid":{"rendered":"http:\/\/kmim.wm.pwr.edu.pl\/lesiuk\/?page_id=1585"},"modified":"2020-04-07T10:25:41","modified_gmt":"2020-04-07T08:25:41","slug":"praktyki-studenckie-w16","status":"publish","type":"page","link":"https:\/\/kmim.wm.pwr.edu.pl\/lesiuk\/praktyki-studenckie-w16\/","title":{"rendered":"PRAKTYKI STUDENCKIE FILIA PWR W LEGNICY"},"content":{"rendered":"<p>Aktualne informacje pojawi\u0105 si\u0119 wkr\u00f3tce.<\/p>\n<p>W razie pyta\u0144 zapraszam do kontaktu e-mailowego&nbsp;<\/p>\n","protected":false},"excerpt":{"rendered":"<p>Aktualne informacje pojawi\u0105 si\u0119 wkr\u00f3tce. W razie pyta\u0144 zapraszam do kontaktu e-mailowego&nbsp;<\/p>\n","protected":false},"author":7,"featured_media":0,"parent":0,"menu_order":0,"comment_status":"closed","ping_status":"closed","template":"","meta":{"ngg_post_thumbnail":0,"footnotes":""},"class_list":["post-1585","page","type-page","status-publish","hentry"],"publishpress_future_action":{"enabled":false,"date":"2026-04-20 14:03:44","action":"change-status","newStatus":"draft","terms":[],"taxonomy":"language","extraData":[]},"publishpress_future_workflow_manual_trigger":{"enabledWorkflows":[]},"_links":{"self":[{"href":"https:\/\/kmim.wm.pwr.edu.pl\/lesiuk\/wp-json\/wp\/v2\/pages\/1585","targetHints":{"allow":["GET"]}}],"collection":[{"href":"https:\/\/kmim.wm.pwr.edu.pl\/lesiuk\/wp-json\/wp\/v2\/pages"}],"about":[{"href":"https:\/\/kmim.wm.pwr.edu.pl\/lesiuk\/wp-json\/wp\/v2\/types\/page"}],"author":[{"embeddable":true,"href":"https:\/\/kmim.wm.pwr.edu.pl\/lesiuk\/wp-json\/wp\/v2\/users\/7"}],"replies":[{"embeddable":true,"href":"https:\/\/kmim.wm.pwr.edu.pl\/lesiuk\/wp-json\/wp\/v2\/comments?post=1585"}],"version-history":[{"count":3,"href":"https:\/\/kmim.wm.pwr.edu.pl\/lesiuk\/wp-json\/wp\/v2\/pages\/1585\/revisions"}],"predecessor-version":[{"id":3506,"href":"https:\/\/kmim.wm.pwr.edu.pl\/lesiuk\/wp-json\/wp\/v2\/pages\/1585\/revisions\/3506"}],"wp:attachment":[{"href":"https:\/\/kmim.wm.pwr.edu.pl\/lesiuk\/wp-json\/wp\/v2\/media?parent=1585"}],"curies":[{"name":"wp","href":"https:\/\/api.w.org\/{rel}","templated":true}]}}