{"id":2207,"date":"2019-10-11T21:14:48","date_gmt":"2019-10-11T19:14:48","guid":{"rendered":"http:\/\/kmim.wm.pwr.edu.pl\/lesiuk\/?page_id=2207"},"modified":"2020-10-19T07:59:23","modified_gmt":"2020-10-19T05:59:23","slug":"wytrzymalosc-materialow-i-legnica","status":"publish","type":"page","link":"https:\/\/kmim.wm.pwr.edu.pl\/lesiuk\/wytrzymalosc-materialow-i-legnica\/","title":{"rendered":"WYTRZYMA\u0141O\u015a\u0106 MATERIA\u0141\u00d3W I (LEGNICA)"},"content":{"rendered":"<p>Temat do realizacji na zaj\u0119ciach 3<\/p>\n<p>UWAGA!<\/p>\n<p>Rozwi\u0105zania prosz\u0119 wys\u0142a\u0107 na adres:<\/p>\n<p>s&#116;&#x75;&#x64;e&#110;&#99;&#x69;&#x2e;g&#108;&#x70;&#x77;r&#64;&#103;&#x6d;&#x61;i&#108;&#x2e;&#x63;o&#109;<\/p>\n<p><a href=\"http:\/\/kmim.wm.pwr.edu.pl\/lesiuk\/wp-content\/uploads\/sites\/10\/2020\/10\/Zad.pdf\">http:\/\/kmim.wm.pwr.edu.pl\/lesiuk\/wp-content\/uploads\/sites\/10\/2020\/10\/Zad.pdf<\/a><\/p>\n","protected":false},"excerpt":{"rendered":"<p>Temat do realizacji na zaj\u0119ciach 3 UWAGA! Rozwi\u0105zania prosz\u0119 wys\u0142a\u0107 na adres: &#x73;&#x74;&#x75;&#x64;&#101;&#110;ci&#46;&#x67;&#x6c;&#x70;&#x77;&#114;&#64;gma&#x69;&#x6c;&#x2e;&#x63;&#111;&#109; http:\/\/kmim.wm.pwr.edu.pl\/lesiuk\/wp-content\/uploads\/sites\/10\/2020\/10\/Zad.pdf<\/p>\n","protected":false},"author":7,"featured_media":0,"parent":0,"menu_order":0,"comment_status":"closed","ping_status":"closed","template":"","meta":{"ngg_post_thumbnail":0,"footnotes":""},"class_list":["post-2207","page","type-page","status-publish","hentry"],"publishpress_future_action":{"enabled":false,"date":"2026-05-01 14:37:44","action":"change-status","newStatus":"draft","terms":[],"taxonomy":"language","extraData":[]},"publishpress_future_workflow_manual_trigger":{"enabledWorkflows":[]},"_links":{"self":[{"href":"https:\/\/kmim.wm.pwr.edu.pl\/lesiuk\/wp-json\/wp\/v2\/pages\/2207","targetHints":{"allow":["GET"]}}],"collection":[{"href":"https:\/\/kmim.wm.pwr.edu.pl\/lesiuk\/wp-json\/wp\/v2\/pages"}],"about":[{"href":"https:\/\/kmim.wm.pwr.edu.pl\/lesiuk\/wp-json\/wp\/v2\/types\/page"}],"author":[{"embeddable":true,"href":"https:\/\/kmim.wm.pwr.edu.pl\/lesiuk\/wp-json\/wp\/v2\/users\/7"}],"replies":[{"embeddable":true,"href":"https:\/\/kmim.wm.pwr.edu.pl\/lesiuk\/wp-json\/wp\/v2\/comments?post=2207"}],"version-history":[{"count":5,"href":"https:\/\/kmim.wm.pwr.edu.pl\/lesiuk\/wp-json\/wp\/v2\/pages\/2207\/revisions"}],"predecessor-version":[{"id":3782,"href":"https:\/\/kmim.wm.pwr.edu.pl\/lesiuk\/wp-json\/wp\/v2\/pages\/2207\/revisions\/3782"}],"wp:attachment":[{"href":"https:\/\/kmim.wm.pwr.edu.pl\/lesiuk\/wp-json\/wp\/v2\/media?parent=2207"}],"curies":[{"name":"wp","href":"https:\/\/api.w.org\/{rel}","templated":true}]}}