{"id":1161,"date":"2014-07-21T09:48:58","date_gmt":"2014-07-21T07:48:58","guid":{"rendered":"http:\/\/kmim.wm.pwr.edu.pl\/myszka\/?page_id=1161"},"modified":"2019-11-20T11:15:47","modified_gmt":"2019-11-20T10:15:47","slug":"klasa-do-skladu-pracy-dyplomowej-magisterskiej-i-inzynierskiej-na-wydziale-mechanicznym-politechniki-wroclawskiej","status":"publish","type":"page","link":"https:\/\/kmim.wm.pwr.edu.pl\/myszka\/projekty\/klasa-do-skladu-pracy-dyplomowej-magisterskiej-i-inzynierskiej-na-wydziale-mechanicznym-politechniki-wroclawskiej\/","title":{"rendered":"Klasa do sk\u0142adu pracy dyplomowej (magisterskiej i in\u017cynierskiej) na Wydziale Mechanicznym Politechniki Wroc\u0142awskiej"},"content":{"rendered":"<h2 class=\"chapterHead\" style=\"color: #000000;\"><span class=\"titlemark\">Rozdzia\u0142&nbsp;1<\/span><br \/>\n<a id=\"x1-10001\"><\/a>Kr\u00f3tka instrukcja obs\u0142ugi<\/h2>\n<h3 class=\"sectionHead\" style=\"color: #000000;\"><span class=\"titlemark\">1.1&nbsp;<\/span><a id=\"x1-20001.1\"><\/a>Wst\u0119p<\/h3>\n<p class=\"noindent\">Informacje zawarte w tym dokumencie s\u0105 ju\u017c od d\u0142u\u017cszego czasu nieaktualne. W pewnej chwili na stronach www wielu wydzia\u0142\u00f3w pojawi\u0142y si\u0119 nieco bardziej szczeg\u00f3\u0142owe zalecenia edytorskie dla student\u00f3w przygotowuj\u0105cych prace dyplomowe. Po dosy\u0107 kr\u00f3tkim czasie znikn\u0119\u0142y one ze stron WWW. Nie potrafi\u0119 powiedzie\u0107 si\u0119 czemu tak si\u0119 sta\u0142o.<\/p>\n<p class=\"indent\">R\u00f3wnie\u017c ksi\u0119ga logotypu Politechniki Wroc\u0142awskiej uleg\u0142a sporym zmianom.<\/p>\n<p class=\"indent\">Szablon LaTeXowy jest na tyle rzadko u\u017cywany, \u017ce studenci nie zg\u0142aszaj\u0105 problem\u00f3w. Okazuje si\u0119, \u017ce w \u201emi\u0119dzyczasie\u201d uleg\u0142 zmianie wygl\u0105d strony tytu\u0142owej. Znikn\u0119\u0142y wymagania co do wygl\u0105du tre\u015bci zasadniczej pracy. Postaram si\u0119 uwzgl\u0119dni\u0107 te zmiany. Aktualna wersja ma ju\u017c zmodyfikowany wygl\u0105d strony tytu\u0142owej (tytu\u0142 pracy oraz par\u0119 innych jej element\u00f3w jest wycentrowane, \u017ceby jak najlepiej oddawa\u0107 wygl\u0105d strony tytu\u0142owej).<\/p>\n<p class=\"indent\">Aktualne wymagania nie rozr\u00f3\u017cniaj\u0105 wersji do archiwum i do druku. Aktywna jest opcja archiwum oznaczaj\u0105ca druk dwustronny pracy.<\/p>\n<p class=\"indent\">Aktualne wymagania dla pracy dyplomowej na Wydziale Mechanicznym zawarte s\u0105 na stronach:<\/p>\n<ol class=\"enumerate1\">\n<li id=\"x1-2002x1\" class=\"enumerate\"><a href=\"http:\/\/wm.pwr.edu.pl\/fcp\/4GBUKOQtTKlQhbx08SlkTVwdQX2o8DAoHNiwFE1wZDyEPG1gnBVcoFW8SBDRKTxMKRy0SODwBBAEIMQheCFVAORFCHzY\/43\/public\/migracja\/plany\/zalecenia_edytorskie_pracy_dyplomowej_ang_2015_05_25.pdf\">Zalecenia edytorskie pracy dyplomowej<\/a><\/li>\n<li id=\"x1-2004x2\" class=\"enumerate\"><a href=\"http:\/\/wm.pwr.edu.pl\/fcp\/4GBUKOQtTKlQhbx08SlkTVwdQX2o8DAoHNiwFE1wZDyEPG1gnBVcoFW8SBDRKTxMKRy0SODwBBAEIMQheCFVAORFCHzY\/43\/public\/dyplomanci\/dok_do_obrony\/1_strona_pracy_inzynierskiej.doc\">Wz\u00f3r strony tytu\u0142owej pracy dyplomowej (in\u017cynierskiej)<\/a><\/li>\n<li id=\"x1-2006x3\" class=\"enumerate\"><a href=\"http:\/\/wm.pwr.edu.pl\/fcp\/4GBUKOQtTKlQhbx08SlkTVwdQX2o8DAoHNiwFE1wZDyEPG1gnBVcoFW8SBDRKTxMKRy0SODwBBAEIMQheCFVAORFCHzY\/43\/public\/dyplomanci\/dok_do_obrony\/1_strona_pracy_magisterskiej.doc\">Wz\u00f3r strony tytu\u0142owej pracy dyplomowej (magisterskiej)<\/a><\/li>\n<\/ol>\n<p class=\"indent\">\u017baden z poni\u017cszych odno\u015bnik\u00f3w nie jest ju\u017c aktywny. Zachowa\u0142em je dla cel\u00f3w archiwalnych.<\/p>\n<p class=\"noindent\" style=\"color: #000000;\">Klasa przygotowana jest zgodnie z zaleceniami dost\u0119pnymi ze strony&nbsp;i mo\u017ce by\u0107 wykorzystana do sk\u0142adu pracy&nbsp;<span class=\"plbx-12\" style=\"font-weight: bold;\">in\u017cynierskiej&nbsp;<\/span>lub&nbsp;<span class=\"plbx-12\" style=\"font-weight: bold;\">magisterskiej&nbsp;<\/span>na wydziale mechanicznym.<\/p>\n<p class=\"indent\" style=\"color: #000000;\">Klasa zgodnie z&nbsp;<a href=\"http:\/\/www.wmech.pwr.wroc.pl\/88428.dhtml\">wymaganiami Wydzia\u0142u Mechanicznego<\/a>&nbsp;sk\u0142ada stron\u0119 tytu\u0142ow\u0105 i&nbsp;stosuje si\u0119 do zalece\u0144 (czcionka, zasady numeracji, odst\u0119py,\u2026).<\/p>\n<p class=\"indent\" style=\"color: #000000;\">Po raz pierwszy w roku akademickim 2015\/2016 prace dyplomowe b\u0119d\u0105 sprawdzane przez program antyplagiatowy. Nie wiadomo jeszcze jakie to b\u0119dzie mia\u0142o konsekwencje dla prac sk\u0142adanych w LaTeXu. Proponuj\u0119 zagl\u0105da\u0107 do <a href=\"http:\/\/kmim.wm.pwr.edu.pl\/myszka\/tag\/antyplagiat\/\">aktualno\u015bci temu po\u015bwi\u0119conych<\/a>.<\/p>\n<h3 class=\"sectionHead\" style=\"color: #000000;\"><span class=\"titlemark\">1.2&nbsp;<\/span><a id=\"x1-30001.2\"><\/a>U\u017cycie<\/h3>\n<ol class=\"enumerate1\" style=\"color: #000000;\">\n<li id=\"x1-3002x1\" class=\"enumerate\">Praca magisterska i in\u017cynierska.\n<p class=\"noindent\">Wychodzi, \u017ce tak na prawd\u0119 powinny by\u0107 dwie wersje pracy: do archiwum (marginesy 2,5 cm) i \u201edla promotora\u201d<span class=\"footnote-mark\"><a id=\"fn1x2-bk\" href=\"http:\/\/www.immt.pwr.wroc.pl\/~myszka\/TeX\/dyplom\/README.html#fn1x2\"><sup class=\"textsuperscript\">1<\/sup><\/a><\/span><a id=\"x1-3003f1\"><\/a>. Wersja dla promotora powinna mie\u0107 troch\u0119 wi\u0119kszy margines od strony oprawy (35mm), najprawdopodobniej b\u0119dzie drukowana&nbsp;<span class=\"plbx-12\" style=\"font-weight: bold;\">jednostronnie<\/span>&nbsp;i, \u017ceby by\u0142a \u0142atwiejsza do czytania b\u0119dzie z\u0142o\u017cona z interlini\u0105&nbsp;<span class=\"plbx-12\" style=\"font-weight: bold;\">1,5<\/span>.<\/p>\n<p class=\"noindent\">Jak tak to tak: pojawi\u0142y si\u0119 dwie dodatkowe opcje klasy:<\/p>\n<ol class=\"enumerate2\">\n<li id=\"x1-3005x1\" class=\"enumerate\"><span class=\"pltt-12\">archiwum<\/span>:&nbsp;<span class=\"obeylines-h\"><span class=\"verb\"><span class=\"pltt-12\">\\usepackage[magister,archiwum]{dyplom}<\/span><\/span><\/span>&nbsp;\u2014 wersja do archiwum<\/li>\n<li id=\"x1-3007x2\" class=\"enumerate\"><span class=\"pltt-12\">druk<\/span>:&nbsp;<span class=\"obeylines-h\"><span class=\"verb\"><span class=\"pltt-12\">\\usepackage[inzynier,druk]{dyplom}<\/span><\/span><\/span>&nbsp;\u2014 wersja do \u201edruku\u201d (i oprawy).<\/li>\n<\/ol>\n<p class=\"noindent\"><span class=\"plbx-12\" style=\"font-weight: bold;\">W przypadku braku opcji \u2014 wybierana jest wersja do archiwum!<\/span><\/p>\n<p class=\"noindent\">Tak na prawd\u0119, to w przypdku braku opcji powinna by\u0107 wybierana wersja druk. Wybra\u0142em jednak opisane wyzej zachowanie, aby zachowanie zmody\ufb01kowanej klasy by\u0142o zgodne z dotychczasowym. Zalecam przeprowadzanie redakcji tekstu w trybie druku i pozostawienie dokumentu \u201ejak wyjdzie\u201d w trybie archiwum. Chyba, \u017ce ilustracje b\u0119d\u0105 zachowywa\u0107 si\u0119 bardzo dziwnie\u2026<\/p>\n<p class=\"noindent\">Poniewa\u017c \u201edosz\u0142y do mnie\u201d jakie\u015b dziwne informacje, \u017ce ze stron\u0105 tytu\u0142ow\u0105 jest co\u015b nie tak, dokona\u0142em kolejnych por\u00f3wna\u0144. R\u00f3\u017cnica jest jedna: obecno\u015b\u0107 ramki wok\u00f3\u0142 tytu\u0142\u00f3w pracy. W zwi\u0105zku z tym, ramka zosta\u0142a zlikwidowana. Mo\u017cna j\u0105 odzyska\u0107 dodaj\u0105c dodatkowy parametr:<span class=\"obeylines-h\"><span class=\"verb\"><span class=\"pltt-12\">\\usepackage[inzynier,druk,ramka]{dyplom}<\/span><\/span><\/span>&nbsp;i&nbsp;si\u0119 pojawi\u2026<\/p>\n<\/li>\n<li id=\"x1-3009x2\" class=\"enumerate\">Praca magisterska:\n<div id=\"verbatim-1\" class=\"verbatim\">\\documentclass[magister]{dyplom}<\/div>\n<p class=\"nopar\">Dodatkowo zde\ufb01niowa\u0107 nale\u017cy spos\u00f3b kodowania polskich liter. W przypadku systemu Windows b\u0119dzie to najprawdopodobniej:<\/p>\n<div id=\"verbatim-2\" class=\"verbatim\">\\usepackage[cp1250]{inputenc}<\/div>\n<p class=\"nopar\">a w przypadku system\u00f3w linuksowych:<\/p>\n<div id=\"verbatim-3\" class=\"verbatim\">\\usepackage[utf8]{inputenc}<\/div>\n<p class=\"noindent\">Dodatkowo zde\ufb01niowa\u0107 nale\u017cy \u201emetadane\u201d:<\/p>\n<ul class=\"itemize1\">\n<li class=\"itemize\">Nazwisko autora:\n<div id=\"verbatim-4\" class=\"verbatim\">\\author{Imi\u0119&nbsp;Nazwisko}<\/div>\n<p class=\"nopar\">&nbsp;<\/p>\n<\/li>\n<li class=\"itemize\">Tytu\u0142 pracy (w j\u0119zyku polskim):\n<div id=\"verbatim-5\" class=\"verbatim\">\\title{Tytu\u0142&nbsp;Pracy}<\/div>\n<p class=\"nopar\">&nbsp;<\/p>\n<\/li>\n<li class=\"itemize\">Tytu\u0142 pracy po angielsku\n<div id=\"verbatim-6\" class=\"verbatim\">\\titlen{Work&nbsp;Title}<\/div>\n<p class=\"nopar\">&nbsp;<\/p>\n<\/li>\n<li class=\"itemize\">Nazwisko promotora\n<div id=\"verbatim-7\" class=\"verbatim\">\\promotor{prof.&nbsp;dr&nbsp;hab.&nbsp;in\u017c.&nbsp;Imi\u0119&nbsp;Nazwisko,&nbsp;prof.&nbsp;PWr.}<\/div>\n<p class=\"nopar\">&nbsp;<\/p>\n<\/li>\n<li class=\"itemize\">Kierunek\n<div id=\"verbatim-8\" class=\"verbatim\">\\kierunek{Prawo}<\/div>\n<p class=\"nopar\">&nbsp;<\/p>\n<\/li>\n<li class=\"itemize\">Specjalno\u015b\u0107:\n<div id=\"verbatim-9\" class=\"verbatim\">\\specjalnosc{Lewo}<\/div>\n<p class=\"nopar\">&nbsp;<\/p>\n<\/li>\n<li class=\"itemize\">W razi\u0119 potrzeby wpisa\u0107 mo\u017cna inn\u0105 nazw\u0119 wydzia\u0142u. Gdy nie zostanie wpisana \u2014 b\u0119dzie tam Wydzia\u0142 Mechaniczny.\n<div id=\"verbatim-10\" class=\"verbatim\">\\wydzial{Wydzia\u0142&nbsp;Elektryczny}<\/div>\n<p class=\"nopar\">&nbsp;<\/p>\n<\/li>\n<li class=\"itemize\">Praca mo\u017ce mie\u0107 konsultanta\/konsultant\u00f3w. Doda\u0142em wi\u0119c pole konsultant:\n<div id=\"verbatim-11\" class=\"verbatim\">\\konsultant{dr&nbsp;in\u017c.&nbsp;Kazimierz&nbsp;Kabacki}<\/div>\n<p class=\"nopar\">Nazwisko konsultanta pojawi si\u0119 miedzy nazwiskiem promotora a ocen\u0105. Pozostaje kwestia czy powinien to by\u0107 \u201ekonsultant\u201d czy raczej \u201ekonsulktanci\u201d?<\/p>\n<\/li>\n<\/ul>\n<p class=\"noindent\">Powy\u017csze metadane umieszczamy przed&nbsp;<span class=\"obeylines-h\"><span class=\"verb\"><span class=\"pltt-12\">\\begin{document}<\/span><\/span><\/span>:<\/p>\n<div id=\"verbatim-12\" class=\"verbatim\">\\documentclass[magister]{dyplom}<br \/>\n\\usepackage[utf8]{inputenc}<\/div>\n<p>\\author{Jan&nbsp;A.&nbsp;Backi}<br \/>\n\\title{Lorem&nbsp;ipsum&nbsp;dolor&nbsp;sit&nbsp;amet,&nbsp;consectetuer&nbsp;adipiscing&nbsp;elit}<br \/>\n\\titlen{Lorem&nbsp;ipsum&nbsp;dolor&nbsp;sit&nbsp;amet,&nbsp;consectetuer&nbsp;adipiscing&nbsp;elit}<br \/>\n\\promotor{dr&nbsp;hab.&nbsp;in\u017c.&nbsp;Jerzy&nbsp;Babacki,&nbsp;prof.&nbsp;nadzw.&nbsp;PWr.,&nbsp;I-77}<br \/>\n\\wydzial{Wydzia\u0142&nbsp;Mechaniczny}<br \/>\n\\kierunek{Prawo}<br \/>\n\\specjalnosc{Lewo}<\/p>\n<p>\\begin{document}<\/p>\n<p class=\"nopar\">&nbsp;<\/p>\n<\/li>\n<li id=\"x1-3011x3\" class=\"enumerate\">Praca in\u017cynierska:\n<div id=\"verbatim-13\" class=\"verbatim\">\\documentclass[inzynier]{dyplom}<\/div>\n<p class=\"nopar\">Dodatkowo zde\ufb01niowa\u0107 nale\u017cy spos\u00f3b kodowania polskich liter. W przypadku systemu Windows b\u0119dzie to najprawdopodobniej:<\/p>\n<div id=\"verbatim-14\" class=\"verbatim\">\\usepackage[cp1250]{inputenc}<\/div>\n<p class=\"nopar\">a w przypadku system\u00f3w linuksowych:<\/p>\n<div id=\"verbatim-15\" class=\"verbatim\">\\usepackage[utf8]{inputenc}<\/div>\n<p class=\"noindent\">Dodatkowo zde\ufb01niowa\u0107 nale\u017cy \u201emetadane\u201d:<\/p>\n<ul class=\"itemize1\">\n<li class=\"itemize\">Nazwisko autora:\n<div id=\"verbatim-16\" class=\"verbatim\">\\author{Imi\u0119&nbsp;Nazwisko}<\/div>\n<p class=\"nopar\">&nbsp;<\/p>\n<\/li>\n<li class=\"itemize\">Tytu\u0142 pracy (w j\u0119zyku polskim):\n<div id=\"verbatim-17\" class=\"verbatim\">\\title{Tytu\u0142&nbsp;Pracy}<\/div>\n<p class=\"nopar\">&nbsp;<\/p>\n<\/li>\n<li class=\"itemize\">Tytu\u0142 pracy po angielsku\n<div id=\"verbatim-18\" class=\"verbatim\">\\titlen{Work&nbsp;Title}<\/div>\n<p class=\"nopar\">&nbsp;<\/p>\n<\/li>\n<li class=\"itemize\">Nazwisko promotora\n<div id=\"verbatim-19\" class=\"verbatim\">\\promotor{prof.&nbsp;dr&nbsp;hab.&nbsp;in\u017c.&nbsp;Imi\u0119&nbsp;Nazwisko,&nbsp;prof.&nbsp;PWr.}<\/div>\n<p class=\"nopar\">&nbsp;<\/p>\n<\/li>\n<li class=\"itemize\">Kierunek\n<div id=\"verbatim-20\" class=\"verbatim\">\\kierunek{Prawo}<\/div>\n<p class=\"nopar\">&nbsp;<\/p>\n<\/li>\n<li class=\"itemize\">W razi\u0119 potrzeby wpisa\u0107 mo\u017cna inn\u0105 nazw\u0119 wydzia\u0142u. Gdy nie zostanie wpisana \u2014 b\u0119dzie tam Wydzia\u0142 Mechaniczny.\n<div id=\"verbatim-21\" class=\"verbatim\">\\wydzial{Wydzia\u0142&nbsp;Elektryczny}<\/div>\n<p class=\"nopar\">&nbsp;<\/p>\n<\/li>\n<li class=\"itemize\">Praca mo\u017ce mie\u0107 konsultanta\/konsultant\u00f3w. Doda\u0142em wi\u0119c pole konsultant:\n<div id=\"verbatim-22\" class=\"verbatim\">\\konsultant{dr&nbsp;in\u017c.&nbsp;Kazimierz&nbsp;Kabacki}<\/div>\n<p class=\"nopar\">Nazwisko konsultanta pojawi si\u0119 miedzy nazwiskiem promotora a ocen\u0105. Pozostaje kwestia czy powinien to by\u0107 \u201ekonsultant\u201d czy raczej \u201ekonsultanci\u201d?<\/p>\n<\/li>\n<\/ul>\n<p class=\"noindent\">Powy\u017csze metadane umieszczamy przed&nbsp;<span class=\"obeylines-h\"><span class=\"verb\"><span class=\"pltt-12\">\\begin{document}<\/span><\/span><\/span>:<\/p>\n<div id=\"verbatim-23\" class=\"verbatim\">\\documentclass[magister]{dyplom}<br \/>\n\\usepackage[utf8]{inputenc}<\/div>\n<p>\\author{Jan&nbsp;A.&nbsp;Backi}<br \/>\n\\title{Lorem&nbsp;ipsum&nbsp;dolor&nbsp;sit&nbsp;amet,&nbsp;consectetuer&nbsp;adipiscing&nbsp;elit}<br \/>\n\\titlen{Lorem&nbsp;ipsum&nbsp;dolor&nbsp;sit&nbsp;amet,&nbsp;consectetuer&nbsp;adipiscing&nbsp;elit}<br \/>\n\\promotor{dr&nbsp;hab.&nbsp;in\u017c.&nbsp;Jerzy&nbsp;Babacki,&nbsp;prof.&nbsp;nadzw.&nbsp;PWr.,&nbsp;I-77}<br \/>\n\\wydzial{Wydzia\u0142&nbsp;Mechaniczny}<br \/>\n\\kierunek{Prawo}<br \/>\n\\specjalnosc{Lewo}<\/p>\n<p>\\begin{document}<\/p>\n<p class=\"nopar\">&nbsp;<\/p>\n<\/li>\n<\/ol>\n<h3 class=\"sectionHead\" style=\"color: #000000;\"><span class=\"titlemark\">1.3&nbsp;<\/span><a id=\"x1-40001.3\"><\/a>Dodatkowe zasoby<\/h3>\n<p class=\"noindent\" style=\"color: #000000;\">Warto wspomnie\u0107 o innych inicjatywach przyswojenia LaTeXa pisz\u0105cym prace dyplomowe. Najwa\u017cniejsza z nich to ksi\u0105\u017cka Tomasza Przechlewskiego&nbsp;<span class=\"cite\">[<a href=\"http:\/\/www.immt.pwr.wroc.pl\/~myszka\/TeX\/dyplom\/README.html#Xtp-11-latex\">1<\/a>]<\/span>&nbsp;oraz przygotowana przez niego klasa znajduj\u0105ca si\u0119 w&nbsp;<a class=\"url\" href=\"https:\/\/github.com\/hrpunio\/wzmgr\"><span class=\"pltt-12\">https:\/\/github.com\/hrpunio\/wzmgr<\/span><\/a>. Przyk\u0142ady z ksi\u0105\u017cki znale\u017a\u0107 mo\u017cna w&nbsp;<a class=\"url\" href=\"https:\/\/github.com\/hrpunio\/pmdzpl\"><span class=\"pltt-12\">https:\/\/github.com\/hrpunio\/pmdzpl<\/span><\/a>.<\/p>\n<p class=\"noindent\" style=\"color: #000000;\"><ul class=\"list-pages-shortcode child-pages\"><li class=\"page_item page-item-1863 page_item_has_children\"><a href=\"https:\/\/kmim.wm.pwr.edu.pl\/myszka\/projekty\/klasa-do-skladu-pracy-dyplomowej-magisterskiej-i-inzynierskiej-na-wydziale-mechanicznym-politechniki-wroclawskiej\/faq\/\">FAQ<\/a>\n<ul class='children'>\n\t<li class=\"page_item page-item-1781\"><a href=\"https:\/\/kmim.wm.pwr.edu.pl\/myszka\/projekty\/klasa-do-skladu-pracy-dyplomowej-magisterskiej-i-inzynierskiej-na-wydziale-mechanicznym-politechniki-wroclawskiej\/faq\/cite\/\">Czemu u\u017cycie polecenia \\cite wewn\u0105trz polecenia \\chapter (\\section) powoduje wygenerowanie znaku zapytania?<\/a><\/li>\n\t<li class=\"page_item page-item-22913\"><a href=\"https:\/\/kmim.wm.pwr.edu.pl\/myszka\/projekty\/klasa-do-skladu-pracy-dyplomowej-magisterskiej-i-inzynierskiej-na-wydziale-mechanicznym-politechniki-wroclawskiej\/faq\/jak-wylaczyc-dzielenie-wyrazow-w-calym-dokumencie\/\">Jak wy\u0142\u0105czy\u0107 dzielenie wyraz\u00f3w w ca\u0142ym dokumencie?<\/a><\/li>\n\t<li class=\"page_item page-item-1859\"><a href=\"https:\/\/kmim.wm.pwr.edu.pl\/myszka\/projekty\/klasa-do-skladu-pracy-dyplomowej-magisterskiej-i-inzynierskiej-na-wydziale-mechanicznym-politechniki-wroclawskiej\/faq\/jak-zamienic-slowo-bibliografia-ma-literatura\/\">Jak zamieni\u0107 s\u0142owo \u201eBibliografia\u201d ma \u201eLiteratura\u201d.<\/a><\/li>\n\t<li class=\"page_item page-item-22566\"><a href=\"https:\/\/kmim.wm.pwr.edu.pl\/myszka\/projekty\/klasa-do-skladu-pracy-dyplomowej-magisterskiej-i-inzynierskiej-na-wydziale-mechanicznym-politechniki-wroclawskiej\/faq\/jak-zmienic-slowo-tabel-w-podpisie-tabelki-na-tab\/\">Jak zmieni\u0107 s\u0142owo Tabela w podpisie tabelki na Tab.?<\/a><\/li>\n\t<li class=\"page_item page-item-22578\"><a href=\"https:\/\/kmim.wm.pwr.edu.pl\/myszka\/projekty\/klasa-do-skladu-pracy-dyplomowej-magisterskiej-i-inzynierskiej-na-wydziale-mechanicznym-politechniki-wroclawskiej\/faq\/jakiego-typu-w-bibliografii-uzyc-zeby-poprawnie-zacytowac-norme\/\">Jakiego typu w bibliografii u\u017cy\u0107, \u017ceby poprawnie zacytowa\u0107 norm\u0119?<\/a><\/li>\n\t<li class=\"page_item page-item-22664\"><a href=\"https:\/\/kmim.wm.pwr.edu.pl\/myszka\/projekty\/klasa-do-skladu-pracy-dyplomowej-magisterskiej-i-inzynierskiej-na-wydziale-mechanicznym-politechniki-wroclawskiej\/faq\/w-jaki-sposob-mozna-dodac-naglowki-na-samej-gorze-strony-podkreslone-kreska\/\">W jaki spos\u00f3b mo\u017cna doda\u0107 nag\u0142\u00f3wki na samej gorze strony podkre\u015blone kresk\u0105?<\/a><\/li>\n<\/ul>\n<\/li>\n<\/ul><\/p>\n<h3 class=\"sectionHead\" style=\"color: #000000;\"><span class=\"titlemark\">1.4&nbsp;<\/span><a id=\"x1-50001.4\"><\/a>Gdzie znale\u017a\u0107?<\/h3>\n<p class=\"noindent\" style=\"color: #000000;\">Wersja zarchiwizowana (plik zip):&nbsp;<a href=\"http:\/\/kmim.wm.pwr.edu.pl\/myszka\/wp-content\/uploads\/sites\/2\/2014\/07\/dyplom.zip\">Szablon pracy dyplomowej na Wydziale Mechanicznym<\/a>.<\/p>\n<h3 class=\"sectionHead\" style=\"color: #000000;\"><span class=\"titlemark\">1.5&nbsp;<\/span><a id=\"x1-60001.5\"><\/a>Uwagi<\/h3>\n<p class=\"noindent\" style=\"color: #000000;\">Wszelkie uwagi i postulaty nale\u017cy kierowa\u0107 na adres &#87;&#111;&#x6a;&#x63;&#105;&#101;&#x63;&#x68;&#46;&#77;&#x79;&#x73;&#122;&#107;&#x61;&#x40;&#112;&#119;&#x72;&#x2e;&#119;&#114;&#x6f;&#x63;&#46;&#112;&#x6c;<\/p>\n<p class=\"indent\" style=\"color: #000000;\">W miar\u0119 potrzeby mog\u0119 szablon dostosowa\u0107 do wymaga\u0144 innych wydzia\u0142ow Politechniki Wroc\u0142awskiej.<\/p>\n<h2 class=\"likechapterHead\" style=\"color: #000000;\"><a id=\"x1-70001.5\"><\/a>Bibliogra\ufb01a<\/h2>\n<div class=\"thebibliography\" style=\"color: #000000;\">\n<p class=\"bibitem\"><span class=\"biblabel\">[1]<span class=\"bibsp\">&nbsp;&nbsp;&nbsp;<\/span><\/span><a id=\"Xtp-11-latex\"><\/a>Tomasz Przechlewski.&nbsp;<span class=\"plti-12\" style=\"font-style: italic;\">Praca magisterska i dyplomowa z programem<\/span>&nbsp;<span class=\"plti-12\" style=\"font-style: italic;\">LaTeX. Jak szybko tworzy\u0107 profesjonalnie wygl\u0105daj\u0105ce dokumenty<\/span>. Wolters Kluwer Polska, Warszawa, 2011.<\/p>\n<\/div>\n","protected":false},"excerpt":{"rendered":"<p>Rozdzia\u0142&nbsp;1 Kr\u00f3tka instrukcja obs\u0142ugi 1.1&nbsp;Wst\u0119p Informacje zawarte w tym dokumencie s\u0105 ju\u017c od d\u0142u\u017cszego czasu nieaktualne. W pewnej chwili na stronach www wielu wydzia\u0142\u00f3w pojawi\u0142y si\u0119 nieco bardziej szczeg\u00f3\u0142owe zalecenia edytorskie dla student\u00f3w przygotowuj\u0105cych prace dyplomowe. Po dosy\u0107 kr\u00f3tkim czasie znikn\u0119\u0142y one ze stron WWW. Nie potrafi\u0119 powiedzie\u0107 si\u0119 czemu tak si\u0119 sta\u0142o. R\u00f3wnie\u017c ksi\u0119ga &hellip; <a href=\"https:\/\/kmim.wm.pwr.edu.pl\/myszka\/projekty\/klasa-do-skladu-pracy-dyplomowej-magisterskiej-i-inzynierskiej-na-wydziale-mechanicznym-politechniki-wroclawskiej\/\" class=\"more-link\">Czytaj dalej <span class=\"screen-reader-text\">Klasa do sk\u0142adu pracy dyplomowej (magisterskiej i in\u017cynierskiej) na Wydziale Mechanicznym Politechniki Wroc\u0142awskiej<\/span> <span class=\"meta-nav\">&rarr;<\/span><\/a><\/p>\n","protected":false},"author":1,"featured_media":0,"parent":90,"menu_order":0,"comment_status":"closed","ping_status":"open","template":"","meta":{"ngg_post_thumbnail":0,"footnotes":""},"class_list":["post-1161","page","type-page","status-publish","hentry"],"publishpress_future_action":{"enabled":false,"date":"2026-04-26 13:53:54","action":"change-status","newStatus":"draft","terms":[],"taxonomy":"language","extraData":[]},"publishpress_future_workflow_manual_trigger":{"enabledWorkflows":[]},"_links":{"self":[{"href":"https:\/\/kmim.wm.pwr.edu.pl\/myszka\/wp-json\/wp\/v2\/pages\/1161","targetHints":{"allow":["GET"]}}],"collection":[{"href":"https:\/\/kmim.wm.pwr.edu.pl\/myszka\/wp-json\/wp\/v2\/pages"}],"about":[{"href":"https:\/\/kmim.wm.pwr.edu.pl\/myszka\/wp-json\/wp\/v2\/types\/page"}],"author":[{"embeddable":true,"href":"https:\/\/kmim.wm.pwr.edu.pl\/myszka\/wp-json\/wp\/v2\/users\/1"}],"replies":[{"embeddable":true,"href":"https:\/\/kmim.wm.pwr.edu.pl\/myszka\/wp-json\/wp\/v2\/comments?post=1161"}],"version-history":[{"count":9,"href":"https:\/\/kmim.wm.pwr.edu.pl\/myszka\/wp-json\/wp\/v2\/pages\/1161\/revisions"}],"predecessor-version":[{"id":24967,"href":"https:\/\/kmim.wm.pwr.edu.pl\/myszka\/wp-json\/wp\/v2\/pages\/1161\/revisions\/24967"}],"up":[{"embeddable":true,"href":"https:\/\/kmim.wm.pwr.edu.pl\/myszka\/wp-json\/wp\/v2\/pages\/90"}],"wp:attachment":[{"href":"https:\/\/kmim.wm.pwr.edu.pl\/myszka\/wp-json\/wp\/v2\/media?parent=1161"}],"curies":[{"name":"wp","href":"https:\/\/api.w.org\/{rel}","templated":true}]}}