{"id":1168,"date":"2014-07-21T10:33:56","date_gmt":"2014-07-21T08:33:56","guid":{"rendered":"http:\/\/kmim.wm.pwr.edu.pl\/myszka\/?page_id=1168"},"modified":"2018-01-09T11:29:21","modified_gmt":"2018-01-09T10:29:21","slug":"szablon-prezentacji-zgodny-z-ksiega-logotypu","status":"publish","type":"page","link":"https:\/\/kmim.wm.pwr.edu.pl\/myszka\/projekty\/szablon-prezentacji-zgodny-z-ksiega-logotypu-politechniki-wroclawskiej\/szablon-prezentacji-zgodny-z-ksiega-logotypu\/","title":{"rendered":"Szablon prezentacji zgodny z ksi\u0119g\u0105 logotypu"},"content":{"rendered":"<p><strong>Uwaga:<\/strong> <a href=\"http:\/\/kmim.wm.pwr.edu.pl\/myszka\/projekty\/szablon-prezentacji-zgodny-z-ksiega-logotypu-politechniki-wroclawskiej\/szablon-prezentacji-beamer-zgodny-z-ksiega-logotypu-politechniki-wroclawskiej\/\">Dost\u0119pna jest nowa wersja szablonu (zgodna z now\u0105 wersj\u0105 Ksi\u0119gi Logotypu)<\/a>.<\/p>\n<p>Wprowadzenie jednolitych zasad identyfikacji wizualnej Politechniki Wroc\u0142awskiej wymusi\u0142o(?) opracowanie szablonu do prezentacji tworzonych w systemie LaTeX z u\u017cyciem klasy <a title=\"beamer on CTAN\" href=\"http:\/\/www.ctan.org\/tex-archive\/macros\/latex\/contrib\/beamer\" target=\"_blank\" rel=\"noopener\">beamer<\/a>.<\/p>\n<p>Okaza\u0142o si\u0119, \u017ce system beamer jest na tyle elastyczny, \u017ce pierwsza wersja szablonu powsta\u0142a w stosunkowo kr\u00f3tkim czasie (pojedyncze godziny). Opiekuj\u0119 si\u0119 ni\u0105 i staram \u2014 w miar\u0119 potrzeb udoskonala\u0107.<\/p>\n<p>Zasady identyfikacji wizualnej stawiaj\u0105 dosy\u0107 rygorystyczne wymagania co do font\u00f3w. W przypadku prezentacji wybrano font <a title=\"Trebuchet MS na Wiki\" href=\"http:\/\/pl.wikipedia.org\/wiki\/Trebuchet_MS\" target=\"_blank\" rel=\"noopener\">Trebuchet MS<\/a>. Stanowi to pewien problem, gdy\u017c font ten nie jest standardowo obs\u0142ugiwany przez (pdf)LaTeXa, a licencja uniemo\u017cliwia w\u0142\u0105czenie go do grona standardowych pakiet\u00f3w TeXLive. Font trzeba instalowa\u0107 r\u0119cznie. Na ca\u0142e szcz\u0119\u015bcie znajduje si\u0119 on w <a title=\"winfonts on CTAN\" href=\"http:\/\/www.ctan.org\/tex-archive\/fonts\/winfonts\" target=\"_blank\" rel=\"noopener\">zasobach<\/a> <a href=\"http:\/\/www.ctan.org\/\" target=\"_blank\" rel=\"noopener\">CTAN<\/a> i warto po\u015bwi\u0119ci\u0107 kilka chwil na zainstalowanie pakietu i skonfigurowanie swojej instalacji systemu LaTeX, \u017ceby z niego korzysta\u0107. <a title=\"Instalacja fontu Trebuchet MS (i&nbsp;innych z&nbsp;pakietu \u201eMS Core Fonts\u201d)\" href=\"http:\/\/kmim.wm.pwr.edu.pl\/myszka\/projekty\/szablon-prezentacji-zgodny-z-ksiega-logotypu\/instalacja-fontu-trebuchet-ms-i-innych-z-pakietu-ms-core-fonts\/\">Wi\u0119cej na podstronie temu po\u015bwi\u0119conej<\/a>.<\/p>\n<p>Instalacja samego pakietu jest stosunkowo prosta. Wystarczy pliki rozpakowa\u0107 w kartotece domowej, w strukturze dodatkowych pakiet\u00f3w LaTeXa. W systemach linuksowych b\u0119dzie to<\/p>\n<pre>$HOME\/texmf<\/pre>\n<p>Pakiet znajduje si\u0119 tu:<\/p>\n<ul>\n<li><a href=\"http:\/\/kmim.wm.pwr.edu.pl\/myszka\/wp-content\/uploads\/sites\/2\/2014\/07\/beam.zip\">Szablon prezentacji<\/a>&nbsp;(wersja stara)<\/li>\n<li><a href=\"http:\/\/kmim.wm.pwr.edu.pl\/myszka\/wp-content\/uploads\/sites\/2\/2016\/05\/beam.zip\">Nowa wersja szablonu.<\/a><\/li>\n<\/ul>\n<p>Wersja nowa r\u00f3\u017cni si\u0119 tym od starej, \u017ce uwzgl\u0119dnia zmian\u0119 angielskiej nazwy Politechniki Wroc\u0142awskiej.<\/p>\n<ul class=\"list-pages-shortcode child-pages\"><li class=\"page_item page-item-1172\"><a href=\"https:\/\/kmim.wm.pwr.edu.pl\/myszka\/projekty\/szablon-prezentacji-zgodny-z-ksiega-logotypu-politechniki-wroclawskiej\/szablon-prezentacji-zgodny-z-ksiega-logotypu\/instalacja-fontu-trebuchet-ms-i-innych-z-pakietu-ms-core-fonts\/\">Instalacja fontu Trebuchet MS (i innych z pakietu \u201eMS Core Fonts\u201d)<\/a><\/li>\n<li class=\"page_item page-item-1185\"><a href=\"https:\/\/kmim.wm.pwr.edu.pl\/myszka\/projekty\/szablon-prezentacji-zgodny-z-ksiega-logotypu-politechniki-wroclawskiej\/szablon-prezentacji-zgodny-z-ksiega-logotypu\/instalacja-szblonu\/\">Instalacja szblonu<\/a><\/li>\n<li class=\"page_item page-item-19174\"><a href=\"https:\/\/kmim.wm.pwr.edu.pl\/myszka\/projekty\/szablon-prezentacji-zgodny-z-ksiega-logotypu-politechniki-wroclawskiej\/szablon-prezentacji-zgodny-z-ksiega-logotypu\/wersja-light-szablonu-prezentacji\/\">Wersja light szablonu prezentacji<\/a><\/li>\n<\/ul>\n","protected":false},"excerpt":{"rendered":"<p>Uwaga: Dost\u0119pna jest nowa wersja szablonu (zgodna z now\u0105 wersj\u0105 Ksi\u0119gi Logotypu). Wprowadzenie jednolitych zasad identyfikacji wizualnej Politechniki Wroc\u0142awskiej wymusi\u0142o(?) opracowanie szablonu do prezentacji tworzonych w systemie LaTeX z u\u017cyciem klasy beamer. Okaza\u0142o si\u0119, \u017ce system beamer jest na tyle elastyczny, \u017ce pierwsza wersja szablonu powsta\u0142a w stosunkowo kr\u00f3tkim czasie (pojedyncze godziny). Opiekuj\u0119 si\u0119 ni\u0105 &hellip; <a href=\"https:\/\/kmim.wm.pwr.edu.pl\/myszka\/projekty\/szablon-prezentacji-zgodny-z-ksiega-logotypu-politechniki-wroclawskiej\/szablon-prezentacji-zgodny-z-ksiega-logotypu\/\" class=\"more-link\">Czytaj dalej <span class=\"screen-reader-text\">Szablon prezentacji zgodny z ksi\u0119g\u0105 logotypu<\/span> <span class=\"meta-nav\">&rarr;<\/span><\/a><\/p>\n","protected":false},"author":1,"featured_media":22116,"parent":23900,"menu_order":0,"comment_status":"closed","ping_status":"closed","template":"","meta":{"ngg_post_thumbnail":0,"footnotes":""},"class_list":["post-1168","page","type-page","status-publish","has-post-thumbnail","hentry"],"publishpress_future_action":{"enabled":false,"date":"2026-04-19 14:02:41","action":"change-status","newStatus":"draft","terms":[],"taxonomy":"language","extraData":[]},"publishpress_future_workflow_manual_trigger":{"enabledWorkflows":[]},"_links":{"self":[{"href":"https:\/\/kmim.wm.pwr.edu.pl\/myszka\/wp-json\/wp\/v2\/pages\/1168","targetHints":{"allow":["GET"]}}],"collection":[{"href":"https:\/\/kmim.wm.pwr.edu.pl\/myszka\/wp-json\/wp\/v2\/pages"}],"about":[{"href":"https:\/\/kmim.wm.pwr.edu.pl\/myszka\/wp-json\/wp\/v2\/types\/page"}],"author":[{"embeddable":true,"href":"https:\/\/kmim.wm.pwr.edu.pl\/myszka\/wp-json\/wp\/v2\/users\/1"}],"replies":[{"embeddable":true,"href":"https:\/\/kmim.wm.pwr.edu.pl\/myszka\/wp-json\/wp\/v2\/comments?post=1168"}],"version-history":[{"count":12,"href":"https:\/\/kmim.wm.pwr.edu.pl\/myszka\/wp-json\/wp\/v2\/pages\/1168\/revisions"}],"predecessor-version":[{"id":23999,"href":"https:\/\/kmim.wm.pwr.edu.pl\/myszka\/wp-json\/wp\/v2\/pages\/1168\/revisions\/23999"}],"up":[{"embeddable":true,"href":"https:\/\/kmim.wm.pwr.edu.pl\/myszka\/wp-json\/wp\/v2\/pages\/23900"}],"wp:featuredmedia":[{"embeddable":true,"href":"https:\/\/kmim.wm.pwr.edu.pl\/myszka\/wp-json\/wp\/v2\/media\/22116"}],"wp:attachment":[{"href":"https:\/\/kmim.wm.pwr.edu.pl\/myszka\/wp-json\/wp\/v2\/media?parent=1168"}],"curies":[{"name":"wp","href":"https:\/\/api.w.org\/{rel}","templated":true}]}}