{"id":1172,"date":"2014-07-21T11:52:30","date_gmt":"2014-07-21T09:52:30","guid":{"rendered":"http:\/\/kmim.wm.pwr.edu.pl\/myszka\/?page_id=1172"},"modified":"2015-03-15T21:12:10","modified_gmt":"2015-03-15T20:12:10","slug":"instalacja-fontu-trebuchet-ms-i-innych-z-pakietu-ms-core-fonts","status":"publish","type":"page","link":"https:\/\/kmim.wm.pwr.edu.pl\/myszka\/projekty\/szablon-prezentacji-zgodny-z-ksiega-logotypu-politechniki-wroclawskiej\/szablon-prezentacji-zgodny-z-ksiega-logotypu\/instalacja-fontu-trebuchet-ms-i-innych-z-pakietu-ms-core-fonts\/","title":{"rendered":"Instalacja fontu Trebuchet MS (i innych z pakietu \u201eMS Core Fonts\u201d)"},"content":{"rendered":"<p>Poni\u017cszy opis powsta\u0142 w roku 2011 i nie by\u0142 weryfikowany od tego czasu. \u00a0Zostanie on wkr\u00f3tce uzupe\u0142niony o najnowsze informacje.<\/p>\n<p>[freemind file=&#8221;wp-content\/uploads\/sites\/2\/2014\/07\/Fonty_do_beamera.mm&#8221; \/]<\/p>\n<p>(Uwaga, obrazek mo\u017cna przesuwa\u0107, powi\u0119ksza\u0107, pomniejsza\u0107, ale musi si\u0119 mie\u015bci\u0107 w zadanym polu\u2026)<\/p>\n<p>&nbsp;<\/p>\n","protected":false},"excerpt":{"rendered":"<p>Poni\u017cszy opis powsta\u0142 w roku 2011 i nie by\u0142 weryfikowany od tego czasu. \u00a0Zostanie on wkr\u00f3tce uzupe\u0142niony o najnowsze informacje. [freemind file=&#8221;wp-content\/uploads\/sites\/2\/2014\/07\/Fonty_do_beamera.mm&#8221; \/] (Uwaga, obrazek mo\u017cna przesuwa\u0107, powi\u0119ksza\u0107, pomniejsza\u0107, ale musi si\u0119 mie\u015bci\u0107 w zadanym polu\u2026) &nbsp;<\/p>\n","protected":false},"author":1,"featured_media":0,"parent":1168,"menu_order":0,"comment_status":"closed","ping_status":"open","template":"page-templates\/full-width.php","meta":{"ngg_post_thumbnail":0,"footnotes":""},"class_list":["post-1172","page","type-page","status-publish","hentry"],"publishpress_future_action":{"enabled":false,"date":"2026-04-19 14:02:40","action":"change-status","newStatus":"draft","terms":[],"taxonomy":"language","extraData":[]},"publishpress_future_workflow_manual_trigger":{"enabledWorkflows":[]},"_links":{"self":[{"href":"https:\/\/kmim.wm.pwr.edu.pl\/myszka\/wp-json\/wp\/v2\/pages\/1172","targetHints":{"allow":["GET"]}}],"collection":[{"href":"https:\/\/kmim.wm.pwr.edu.pl\/myszka\/wp-json\/wp\/v2\/pages"}],"about":[{"href":"https:\/\/kmim.wm.pwr.edu.pl\/myszka\/wp-json\/wp\/v2\/types\/page"}],"author":[{"embeddable":true,"href":"https:\/\/kmim.wm.pwr.edu.pl\/myszka\/wp-json\/wp\/v2\/users\/1"}],"replies":[{"embeddable":true,"href":"https:\/\/kmim.wm.pwr.edu.pl\/myszka\/wp-json\/wp\/v2\/comments?post=1172"}],"version-history":[{"count":4,"href":"https:\/\/kmim.wm.pwr.edu.pl\/myszka\/wp-json\/wp\/v2\/pages\/1172\/revisions"}],"predecessor-version":[{"id":18496,"href":"https:\/\/kmim.wm.pwr.edu.pl\/myszka\/wp-json\/wp\/v2\/pages\/1172\/revisions\/18496"}],"up":[{"embeddable":true,"href":"https:\/\/kmim.wm.pwr.edu.pl\/myszka\/wp-json\/wp\/v2\/pages\/1168"}],"wp:attachment":[{"href":"https:\/\/kmim.wm.pwr.edu.pl\/myszka\/wp-json\/wp\/v2\/media?parent=1172"}],"curies":[{"name":"wp","href":"https:\/\/api.w.org\/{rel}","templated":true}]}}