{"id":1185,"date":"2014-07-21T12:21:24","date_gmt":"2014-07-21T10:21:24","guid":{"rendered":"http:\/\/kmim.wm.pwr.edu.pl\/myszka\/?page_id=1185"},"modified":"2015-04-14T08:45:26","modified_gmt":"2015-04-14T06:45:26","slug":"instalacja-szblonu","status":"publish","type":"page","link":"https:\/\/kmim.wm.pwr.edu.pl\/myszka\/projekty\/szablon-prezentacji-zgodny-z-ksiega-logotypu-politechniki-wroclawskiej\/szablon-prezentacji-zgodny-z-ksiega-logotypu\/instalacja-szblonu\/","title":{"rendered":"Instalacja szblonu"},"content":{"rendered":"<p>[freemind file=&#8221;wp-content\/uploads\/sites\/2\/2014\/07\/Konfiguracja_beamer.mm&#8221; \/]<\/p>\n<p>(Obrazek mo\u017cna skalowa\u0107 i przesuwa\u0107!)<\/p>\n","protected":false},"excerpt":{"rendered":"<p>[freemind file=&#8221;wp-content\/uploads\/sites\/2\/2014\/07\/Konfiguracja_beamer.mm&#8221; \/] (Obrazek mo\u017cna skalowa\u0107 i przesuwa\u0107!)<\/p>\n","protected":false},"author":1,"featured_media":0,"parent":1168,"menu_order":0,"comment_status":"closed","ping_status":"open","template":"page-templates\/full-width.php","meta":{"ngg_post_thumbnail":0,"footnotes":""},"class_list":["post-1185","page","type-page","status-publish","hentry"],"publishpress_future_action":{"enabled":false,"date":"2026-04-19 22:42:28","action":"change-status","newStatus":"draft","terms":[],"taxonomy":"language","extraData":[]},"publishpress_future_workflow_manual_trigger":{"enabledWorkflows":[]},"_links":{"self":[{"href":"https:\/\/kmim.wm.pwr.edu.pl\/myszka\/wp-json\/wp\/v2\/pages\/1185","targetHints":{"allow":["GET"]}}],"collection":[{"href":"https:\/\/kmim.wm.pwr.edu.pl\/myszka\/wp-json\/wp\/v2\/pages"}],"about":[{"href":"https:\/\/kmim.wm.pwr.edu.pl\/myszka\/wp-json\/wp\/v2\/types\/page"}],"author":[{"embeddable":true,"href":"https:\/\/kmim.wm.pwr.edu.pl\/myszka\/wp-json\/wp\/v2\/users\/1"}],"replies":[{"embeddable":true,"href":"https:\/\/kmim.wm.pwr.edu.pl\/myszka\/wp-json\/wp\/v2\/comments?post=1185"}],"version-history":[{"count":3,"href":"https:\/\/kmim.wm.pwr.edu.pl\/myszka\/wp-json\/wp\/v2\/pages\/1185\/revisions"}],"predecessor-version":[{"id":1854,"href":"https:\/\/kmim.wm.pwr.edu.pl\/myszka\/wp-json\/wp\/v2\/pages\/1185\/revisions\/1854"}],"up":[{"embeddable":true,"href":"https:\/\/kmim.wm.pwr.edu.pl\/myszka\/wp-json\/wp\/v2\/pages\/1168"}],"wp:attachment":[{"href":"https:\/\/kmim.wm.pwr.edu.pl\/myszka\/wp-json\/wp\/v2\/media?parent=1185"}],"curies":[{"name":"wp","href":"https:\/\/api.w.org\/{rel}","templated":true}]}}