{"id":1604,"date":"2014-11-10T07:54:28","date_gmt":"2014-11-10T06:54:28","guid":{"rendered":"http:\/\/kmim.wm.pwr.edu.pl\/myszka\/?page_id=1604"},"modified":"2014-11-10T07:54:28","modified_gmt":"2014-11-10T06:54:28","slug":"rozne-dodatki-do-latexa","status":"publish","type":"page","link":"https:\/\/kmim.wm.pwr.edu.pl\/myszka\/projekty\/rozne-dodatki-do-latexa\/","title":{"rendered":"R\u00f3\u017cne dodatki do LaTeXa"},"content":{"rendered":"<ul class=\"list-pages-shortcode child-pages\"><li class=\"page_item page-item-1776\"><a href=\"https:\/\/kmim.wm.pwr.edu.pl\/myszka\/projekty\/rozne-dodatki-do-latexa\/dwujezyczne-podpisy-tabel-i-rysunkow\/\">Dwuj\u0119zyczne podpisy tabel i rysunk\u00f3w<\/a><\/li>\n<li class=\"page_item page-item-1606\"><a href=\"https:\/\/kmim.wm.pwr.edu.pl\/myszka\/projekty\/rozne-dodatki-do-latexa\/spis-tresci-po-angielsku\/\">Spis tre\u015bci po angielsku<\/a><\/li>\n<li class=\"page_item page-item-1747\"><a href=\"https:\/\/kmim.wm.pwr.edu.pl\/myszka\/projekty\/rozne-dodatki-do-latexa\/szablon-bibliografii\/\">Szablon bibliografii<\/a><\/li>\n<li class=\"page_item page-item-1751\"><a href=\"https:\/\/kmim.wm.pwr.edu.pl\/myszka\/projekty\/rozne-dodatki-do-latexa\/szablon-bibliografii-wyrozniajacy-wybrane-nazwisko\/\">Szablon bibliografii wyr\u00f3\u017cniaj\u0105cy wybrane nazwisko<\/a><\/li>\n<\/ul>\n","protected":false},"excerpt":{"rendered":"","protected":false},"author":1,"featured_media":1547,"parent":90,"menu_order":0,"comment_status":"closed","ping_status":"open","template":"","meta":{"ngg_post_thumbnail":0,"footnotes":""},"class_list":["post-1604","page","type-page","status-publish","has-post-thumbnail","hentry"],"publishpress_future_action":{"enabled":false,"date":"2026-04-22 22:42:01","action":"change-status","newStatus":"draft","terms":[],"taxonomy":"language","extraData":[]},"publishpress_future_workflow_manual_trigger":{"enabledWorkflows":[]},"_links":{"self":[{"href":"https:\/\/kmim.wm.pwr.edu.pl\/myszka\/wp-json\/wp\/v2\/pages\/1604","targetHints":{"allow":["GET"]}}],"collection":[{"href":"https:\/\/kmim.wm.pwr.edu.pl\/myszka\/wp-json\/wp\/v2\/pages"}],"about":[{"href":"https:\/\/kmim.wm.pwr.edu.pl\/myszka\/wp-json\/wp\/v2\/types\/page"}],"author":[{"embeddable":true,"href":"https:\/\/kmim.wm.pwr.edu.pl\/myszka\/wp-json\/wp\/v2\/users\/1"}],"replies":[{"embeddable":true,"href":"https:\/\/kmim.wm.pwr.edu.pl\/myszka\/wp-json\/wp\/v2\/comments?post=1604"}],"version-history":[{"count":1,"href":"https:\/\/kmim.wm.pwr.edu.pl\/myszka\/wp-json\/wp\/v2\/pages\/1604\/revisions"}],"predecessor-version":[{"id":1605,"href":"https:\/\/kmim.wm.pwr.edu.pl\/myszka\/wp-json\/wp\/v2\/pages\/1604\/revisions\/1605"}],"up":[{"embeddable":true,"href":"https:\/\/kmim.wm.pwr.edu.pl\/myszka\/wp-json\/wp\/v2\/pages\/90"}],"wp:featuredmedia":[{"embeddable":true,"href":"https:\/\/kmim.wm.pwr.edu.pl\/myszka\/wp-json\/wp\/v2\/media\/1547"}],"wp:attachment":[{"href":"https:\/\/kmim.wm.pwr.edu.pl\/myszka\/wp-json\/wp\/v2\/media?parent=1604"}],"curies":[{"name":"wp","href":"https:\/\/api.w.org\/{rel}","templated":true}]}}