{"id":1751,"date":"2014-12-10T20:33:44","date_gmt":"2014-12-10T19:33:44","guid":{"rendered":"http:\/\/kmim.wm.pwr.edu.pl\/myszka\/?page_id=1751"},"modified":"2014-12-10T20:33:44","modified_gmt":"2014-12-10T19:33:44","slug":"szablon-bibliografii-wyrozniajacy-wybrane-nazwisko","status":"publish","type":"page","link":"https:\/\/kmim.wm.pwr.edu.pl\/myszka\/projekty\/rozne-dodatki-do-latexa\/szablon-bibliografii-wyrozniajacy-wybrane-nazwisko\/","title":{"rendered":"Szablon bibliografii wyr\u00f3\u017cniaj\u0105cy wybrane nazwisko"},"content":{"rendered":"<p>Podczas redakcji pracy doktorskiej pojawi\u0142a si\u0119 sugestia, \u017ce nazwisko Autora mog\u0142oby by\u0107 w jaki\u015b spos\u00f3b wyr\u00f3\u017cnione w bibliografii. Przeszuka\u0142em proponowane rozwi\u0105zania i jedno z nich zaimplementowa\u0142em w szablonie bibliografii <a title=\"Szablon bibliografii\" href=\"http:\/\/kmim.wm.pwr.edu.pl\/myszka\/projekty\/rozne-dodatki-do-latexa\/szablon-bibliografii\/\">(oficyna.bst)<\/a>.<\/p>\n<p>Szablon\u00f3w mo\u017cna u\u017cywa\u0107 zamiennie. Ten nowy wymaga do\u0142\u0105czenia pakietu <a title=\"xstring \u2013 String manipulation for (LA)TEX\" href=\"http:\/\/www.ctan.org\/pkg\/xstring\" target=\"_blank\">xstring<\/a>., Natomiast, je\u017celi chcemy wyr\u00f3\u017cni\u0107 jakie\u015b nazwisko, \u00a0w pliku g\u0142\u00f3wnym nale\u017cy doda\u0107 nowe polecenie:<\/p>\n<pre>\\providecommand{\\FormatName}[1]{%\r\n \\IfSubStr{#1}{nazwisko}{\\textbf{#1}}{#1}%\r\n}<\/pre>\n<p>zast\u0119puj\u0105c <code>nazwisko<\/code> nazwiskiem lub (lub jego fragmentem) osoby, kt\u00f3r\u0105 chcemy wyr\u00f3\u017cni\u0107. W szczeg\u00f3lno\u015bci wstawienie tam literki <code>b<\/code> spowoduje wyr\u00f3\u017cnienie wszystkich os\u00f3b o nazwisku zawieraj\u0105cym literk\u0119 \u201eb\u201d.<\/p>\n<p>Pozosta\u0142e cechy szablonu s\u0105 identyczne jak orygina\u0142u.<\/p>\n<p>Szablon mo\u017cna pobra\u0107 st\u0105d:\u00a0<a href=\"http:\/\/kmim.wm.pwr.edu.pl\/myszka\/wp-content\/uploads\/sites\/2\/2014\/12\/oficynaM.bst\">Szablon bibliografii wyr\u00f3\u017cniaj\u0105cy nazwisko. <\/a><\/p>\n","protected":false},"excerpt":{"rendered":"<p>Podczas redakcji pracy doktorskiej pojawi\u0142a si\u0119 sugestia, \u017ce nazwisko Autora mog\u0142oby by\u0107 w jaki\u015b spos\u00f3b wyr\u00f3\u017cnione w bibliografii. Przeszuka\u0142em proponowane rozwi\u0105zania i jedno z nich zaimplementowa\u0142em w szablonie bibliografii (oficyna.bst). Szablon\u00f3w mo\u017cna u\u017cywa\u0107 zamiennie. Ten nowy wymaga do\u0142\u0105czenia pakietu xstring., Natomiast, je\u017celi chcemy wyr\u00f3\u017cni\u0107 jakie\u015b nazwisko, \u00a0w pliku g\u0142\u00f3wnym nale\u017cy doda\u0107 nowe polecenie: \\providecommand{\\FormatName}[1]{% \\IfSubStr{#1}{nazwisko}{\\textbf{#1}}{#1}% &hellip; <a href=\"https:\/\/kmim.wm.pwr.edu.pl\/myszka\/projekty\/rozne-dodatki-do-latexa\/szablon-bibliografii-wyrozniajacy-wybrane-nazwisko\/\" class=\"more-link\">Czytaj dalej <span class=\"screen-reader-text\">Szablon bibliografii wyr\u00f3\u017cniaj\u0105cy wybrane nazwisko<\/span> <span class=\"meta-nav\">&rarr;<\/span><\/a><\/p>\n","protected":false},"author":1,"featured_media":0,"parent":1604,"menu_order":0,"comment_status":"closed","ping_status":"open","template":"","meta":{"ngg_post_thumbnail":0,"footnotes":""},"class_list":["post-1751","page","type-page","status-publish","hentry"],"publishpress_future_action":{"enabled":false,"date":"2026-04-21 19:50:12","action":"change-status","newStatus":"draft","terms":[],"taxonomy":"language","extraData":[]},"publishpress_future_workflow_manual_trigger":{"enabledWorkflows":[]},"_links":{"self":[{"href":"https:\/\/kmim.wm.pwr.edu.pl\/myszka\/wp-json\/wp\/v2\/pages\/1751","targetHints":{"allow":["GET"]}}],"collection":[{"href":"https:\/\/kmim.wm.pwr.edu.pl\/myszka\/wp-json\/wp\/v2\/pages"}],"about":[{"href":"https:\/\/kmim.wm.pwr.edu.pl\/myszka\/wp-json\/wp\/v2\/types\/page"}],"author":[{"embeddable":true,"href":"https:\/\/kmim.wm.pwr.edu.pl\/myszka\/wp-json\/wp\/v2\/users\/1"}],"replies":[{"embeddable":true,"href":"https:\/\/kmim.wm.pwr.edu.pl\/myszka\/wp-json\/wp\/v2\/comments?post=1751"}],"version-history":[{"count":2,"href":"https:\/\/kmim.wm.pwr.edu.pl\/myszka\/wp-json\/wp\/v2\/pages\/1751\/revisions"}],"predecessor-version":[{"id":1754,"href":"https:\/\/kmim.wm.pwr.edu.pl\/myszka\/wp-json\/wp\/v2\/pages\/1751\/revisions\/1754"}],"up":[{"embeddable":true,"href":"https:\/\/kmim.wm.pwr.edu.pl\/myszka\/wp-json\/wp\/v2\/pages\/1604"}],"wp:attachment":[{"href":"https:\/\/kmim.wm.pwr.edu.pl\/myszka\/wp-json\/wp\/v2\/media?parent=1751"}],"curies":[{"name":"wp","href":"https:\/\/api.w.org\/{rel}","templated":true}]}}