{"id":1781,"date":"2014-12-22T07:59:43","date_gmt":"2014-12-22T06:59:43","guid":{"rendered":"http:\/\/kmim.wm.pwr.edu.pl\/myszka\/?page_id=1781"},"modified":"2015-02-05T08:34:29","modified_gmt":"2015-02-05T07:34:29","slug":"cite","status":"publish","type":"page","link":"https:\/\/kmim.wm.pwr.edu.pl\/myszka\/projekty\/klasa-do-skladu-pracy-dyplomowej-magisterskiej-i-inzynierskiej-na-wydziale-mechanicznym-politechniki-wroclawskiej\/faq\/cite\/","title":{"rendered":"Czemu u\u017cycie polecenia \\cite wewn\u0105trz polecenia \\chapter (\\section) powoduje wygenerowanie znaku zapytania?"},"content":{"rendered":"<h3>Czemu u\u017cycie polecenia <code>\\cite<\/code> wewn\u0105trz polecenia <code>\\chapter<\/code> (<code>\\section<\/code>) powoduje wygenerowanie znaku zapytania?<\/h3>\n<p>Klasa do sk\u0142adu pracy dyplomowej jest tak skonstruowana, \u017ce u\u017cycie polecenia<\/p>\n<pre>\\chapter{Wst\u0119p}<\/pre>\n<p>powoduje z\u0142o\u017cenie tytu\u0142u rozdzia\u0142u <a href=\"http:\/\/pl.wikipedia.org\/wiki\/Majusku%C5%82a\" target=\"_blank\">wersalikami<\/a> natomiast w spisie tre\u015bci (i ewentualnej <a href=\"http:\/\/pl.wikipedia.org\/wiki\/%C5%BBywa_pagina\" target=\"_blank\">\u017cywej paginie<\/a>) tekst pojawi si\u0119 tak jak zosta\u0142 wprowadzony. Oznacza to, \u017ce wszystkie litery wewn\u0105trz polecenia <code>\\chapter<\/code> s\u0105 zamieniane na majusku\u0142y. Dotyczy to r\u00f3wnie\u017c znak\u00f3w etykiety poblikacji.<\/p>\n<p>Aby problem nie wyst\u0119powa\u0142, nie nale\u017cy u\u017cywa\u0107 polecenia <code>\\cite<\/code> wewn\u0105trz polece\u0144 definiuj\u0105cych sekcje. Strasznie g\u0142upio to wygl\u0105da. W szczeg\u00f3lno\u015bci bardzo \u017ale wygl\u0105daj\u0105 odsy\u0142\u0105cze do literatury w spisie tre\u015bci (a zw\u0142aszcza w \u017cywej paginie).<\/p>\n<p>Rozszerzona posta\u0107 polecenia <code>\\chapter<\/code> wygl\u0105da tak:<\/p>\n<pre>\\chapter[Do \u017cywej paginy][Do spisu tre\u015bci]{Tytu\u0142 rozdzia\u0142u}<\/pre>\n<p>i pozwala na zmian\u0119 (na przyk\u0142ad skr\u00f3cenie) tekstu, kt\u00f3ry trafia do spisu tre\u015bci czy \u017cywej paginy.<br \/>\nZatem, \u017ceby odsy\u0142acz by\u0142 tylko w tytule rozdzia\u0142u piszemy tak:<\/p>\n<pre>\\chapter[Wst\u0119p][Wst\u0119p]{Wst\u0119p~\\cite{praca}}<\/pre>\n<p>(nie rozwi\u0105zuje to oczywi\u015bcie g\u0142\u00f3wnego problemu).<\/p>\n<p>Je\u017celi ju\u017c Autor upiera si\u0119 na te nieszcz\u0119sne cytowania to proponuj\u0119 aby etykieta cytowanej pracy z\u0142o\u017cona by\u0142a z wielkich liter, cyfr (i ewentualnie znak\u00f3w podkre\u015blenie czy minus). Nawet po zamianie na majusku\u0142y wszystko b\u0119dzie dobrze.<\/p>\n","protected":false},"excerpt":{"rendered":"<p>Czemu u\u017cycie polecenia \\cite wewn\u0105trz polecenia \\chapter (\\section) powoduje wygenerowanie znaku zapytania? Klasa do sk\u0142adu pracy dyplomowej jest tak skonstruowana, \u017ce u\u017cycie polecenia \\chapter{Wst\u0119p} powoduje z\u0142o\u017cenie tytu\u0142u rozdzia\u0142u wersalikami natomiast w spisie tre\u015bci (i ewentualnej \u017cywej paginie) tekst pojawi si\u0119 tak jak zosta\u0142 wprowadzony. Oznacza to, \u017ce wszystkie litery wewn\u0105trz polecenia \\chapter s\u0105 zamieniane na &hellip; <a href=\"https:\/\/kmim.wm.pwr.edu.pl\/myszka\/projekty\/klasa-do-skladu-pracy-dyplomowej-magisterskiej-i-inzynierskiej-na-wydziale-mechanicznym-politechniki-wroclawskiej\/faq\/cite\/\" class=\"more-link\">Czytaj dalej <span class=\"screen-reader-text\">Czemu u\u017cycie polecenia \\cite wewn\u0105trz polecenia \\chapter (\\section) powoduje wygenerowanie znaku zapytania?<\/span> <span class=\"meta-nav\">&rarr;<\/span><\/a><\/p>\n","protected":false},"author":1,"featured_media":0,"parent":1863,"menu_order":0,"comment_status":"closed","ping_status":"open","template":"","meta":{"ngg_post_thumbnail":0,"footnotes":""},"class_list":["post-1781","page","type-page","status-publish","hentry"],"publishpress_future_action":{"enabled":false,"date":"2026-04-20 12:28:52","action":"change-status","newStatus":"draft","terms":[],"taxonomy":"language","extraData":[]},"publishpress_future_workflow_manual_trigger":{"enabledWorkflows":[]},"_links":{"self":[{"href":"https:\/\/kmim.wm.pwr.edu.pl\/myszka\/wp-json\/wp\/v2\/pages\/1781","targetHints":{"allow":["GET"]}}],"collection":[{"href":"https:\/\/kmim.wm.pwr.edu.pl\/myszka\/wp-json\/wp\/v2\/pages"}],"about":[{"href":"https:\/\/kmim.wm.pwr.edu.pl\/myszka\/wp-json\/wp\/v2\/types\/page"}],"author":[{"embeddable":true,"href":"https:\/\/kmim.wm.pwr.edu.pl\/myszka\/wp-json\/wp\/v2\/users\/1"}],"replies":[{"embeddable":true,"href":"https:\/\/kmim.wm.pwr.edu.pl\/myszka\/wp-json\/wp\/v2\/comments?post=1781"}],"version-history":[{"count":5,"href":"https:\/\/kmim.wm.pwr.edu.pl\/myszka\/wp-json\/wp\/v2\/pages\/1781\/revisions"}],"predecessor-version":[{"id":1861,"href":"https:\/\/kmim.wm.pwr.edu.pl\/myszka\/wp-json\/wp\/v2\/pages\/1781\/revisions\/1861"}],"up":[{"embeddable":true,"href":"https:\/\/kmim.wm.pwr.edu.pl\/myszka\/wp-json\/wp\/v2\/pages\/1863"}],"wp:attachment":[{"href":"https:\/\/kmim.wm.pwr.edu.pl\/myszka\/wp-json\/wp\/v2\/media?parent=1781"}],"curies":[{"name":"wp","href":"https:\/\/api.w.org\/{rel}","templated":true}]}}