{"id":1859,"date":"2015-02-05T08:36:15","date_gmt":"2015-02-05T07:36:15","guid":{"rendered":"http:\/\/kmim.wm.pwr.edu.pl\/myszka\/?page_id=1859"},"modified":"2015-02-05T08:36:15","modified_gmt":"2015-02-05T07:36:15","slug":"jak-zamienic-slowo-bibliografia-ma-literatura","status":"publish","type":"page","link":"https:\/\/kmim.wm.pwr.edu.pl\/myszka\/projekty\/klasa-do-skladu-pracy-dyplomowej-magisterskiej-i-inzynierskiej-na-wydziale-mechanicznym-politechniki-wroclawskiej\/faq\/jak-zamienic-slowo-bibliografia-ma-literatura\/","title":{"rendered":"Jak zamieni\u0107 s\u0142owo \u201eBibliografia\u201d ma \u201eLiteratura\u201d."},"content":{"rendered":"<p>Aby osi\u0105gn\u0105\u0107 ten efekt wystarczy gdzie\u015b przed <code>\\begin{document}<\/code> wstawi\u0107:<\/p>\n<pre>\\def\\bibname{Literatura}<\/pre>\n","protected":false},"excerpt":{"rendered":"<p>Aby osi\u0105gn\u0105\u0107 ten efekt wystarczy gdzie\u015b przed \\begin{document} wstawi\u0107: \\def\\bibname{Literatura}<\/p>\n","protected":false},"author":1,"featured_media":0,"parent":1863,"menu_order":0,"comment_status":"closed","ping_status":"open","template":"","meta":{"ngg_post_thumbnail":0,"footnotes":""},"class_list":["post-1859","page","type-page","status-publish","hentry"],"publishpress_future_action":{"enabled":false,"date":"2026-04-19 13:30:03","action":"change-status","newStatus":"draft","terms":[],"taxonomy":"language","extraData":[]},"publishpress_future_workflow_manual_trigger":{"enabledWorkflows":[]},"_links":{"self":[{"href":"https:\/\/kmim.wm.pwr.edu.pl\/myszka\/wp-json\/wp\/v2\/pages\/1859","targetHints":{"allow":["GET"]}}],"collection":[{"href":"https:\/\/kmim.wm.pwr.edu.pl\/myszka\/wp-json\/wp\/v2\/pages"}],"about":[{"href":"https:\/\/kmim.wm.pwr.edu.pl\/myszka\/wp-json\/wp\/v2\/types\/page"}],"author":[{"embeddable":true,"href":"https:\/\/kmim.wm.pwr.edu.pl\/myszka\/wp-json\/wp\/v2\/users\/1"}],"replies":[{"embeddable":true,"href":"https:\/\/kmim.wm.pwr.edu.pl\/myszka\/wp-json\/wp\/v2\/comments?post=1859"}],"version-history":[{"count":3,"href":"https:\/\/kmim.wm.pwr.edu.pl\/myszka\/wp-json\/wp\/v2\/pages\/1859\/revisions"}],"predecessor-version":[{"id":1867,"href":"https:\/\/kmim.wm.pwr.edu.pl\/myszka\/wp-json\/wp\/v2\/pages\/1859\/revisions\/1867"}],"up":[{"embeddable":true,"href":"https:\/\/kmim.wm.pwr.edu.pl\/myszka\/wp-json\/wp\/v2\/pages\/1863"}],"wp:attachment":[{"href":"https:\/\/kmim.wm.pwr.edu.pl\/myszka\/wp-json\/wp\/v2\/media?parent=1859"}],"curies":[{"name":"wp","href":"https:\/\/api.w.org\/{rel}","templated":true}]}}