{"id":1863,"date":"2015-02-05T08:33:52","date_gmt":"2015-02-05T07:33:52","guid":{"rendered":"http:\/\/kmim.wm.pwr.edu.pl\/myszka\/?page_id=1863"},"modified":"2015-02-05T08:33:52","modified_gmt":"2015-02-05T07:33:52","slug":"faq","status":"publish","type":"page","link":"https:\/\/kmim.wm.pwr.edu.pl\/myszka\/projekty\/klasa-do-skladu-pracy-dyplomowej-magisterskiej-i-inzynierskiej-na-wydziale-mechanicznym-politechniki-wroclawskiej\/faq\/","title":{"rendered":"FAQ"},"content":{"rendered":"<p>FAQ czyli Frequently Asked Questions albo Cz\u0119sto Zadawane Pytania<\/p>\n<ul class=\"list-pages-shortcode sibling-pages\"><li class=\"page_item page-item-1863 page_item_has_children\"><a href=\"https:\/\/kmim.wm.pwr.edu.pl\/myszka\/projekty\/klasa-do-skladu-pracy-dyplomowej-magisterskiej-i-inzynierskiej-na-wydziale-mechanicznym-politechniki-wroclawskiej\/faq\/\">FAQ<\/a>\n<ul class='children'>\n\t<li class=\"page_item page-item-1781\"><a href=\"https:\/\/kmim.wm.pwr.edu.pl\/myszka\/projekty\/klasa-do-skladu-pracy-dyplomowej-magisterskiej-i-inzynierskiej-na-wydziale-mechanicznym-politechniki-wroclawskiej\/faq\/cite\/\">Czemu u\u017cycie polecenia \\cite wewn\u0105trz polecenia \\chapter (\\section) powoduje wygenerowanie znaku zapytania?<\/a><\/li>\n\t<li class=\"page_item page-item-22913\"><a href=\"https:\/\/kmim.wm.pwr.edu.pl\/myszka\/projekty\/klasa-do-skladu-pracy-dyplomowej-magisterskiej-i-inzynierskiej-na-wydziale-mechanicznym-politechniki-wroclawskiej\/faq\/jak-wylaczyc-dzielenie-wyrazow-w-calym-dokumencie\/\">Jak wy\u0142\u0105czy\u0107 dzielenie wyraz\u00f3w w ca\u0142ym dokumencie?<\/a><\/li>\n\t<li class=\"page_item page-item-1859\"><a href=\"https:\/\/kmim.wm.pwr.edu.pl\/myszka\/projekty\/klasa-do-skladu-pracy-dyplomowej-magisterskiej-i-inzynierskiej-na-wydziale-mechanicznym-politechniki-wroclawskiej\/faq\/jak-zamienic-slowo-bibliografia-ma-literatura\/\">Jak zamieni\u0107 s\u0142owo \u201eBibliografia\u201d ma \u201eLiteratura\u201d.<\/a><\/li>\n\t<li class=\"page_item page-item-22566\"><a href=\"https:\/\/kmim.wm.pwr.edu.pl\/myszka\/projekty\/klasa-do-skladu-pracy-dyplomowej-magisterskiej-i-inzynierskiej-na-wydziale-mechanicznym-politechniki-wroclawskiej\/faq\/jak-zmienic-slowo-tabel-w-podpisie-tabelki-na-tab\/\">Jak zmieni\u0107 s\u0142owo Tabela w podpisie tabelki na Tab.?<\/a><\/li>\n\t<li class=\"page_item page-item-22578\"><a href=\"https:\/\/kmim.wm.pwr.edu.pl\/myszka\/projekty\/klasa-do-skladu-pracy-dyplomowej-magisterskiej-i-inzynierskiej-na-wydziale-mechanicznym-politechniki-wroclawskiej\/faq\/jakiego-typu-w-bibliografii-uzyc-zeby-poprawnie-zacytowac-norme\/\">Jakiego typu w bibliografii u\u017cy\u0107, \u017ceby poprawnie zacytowa\u0107 norm\u0119?<\/a><\/li>\n\t<li class=\"page_item page-item-22664\"><a href=\"https:\/\/kmim.wm.pwr.edu.pl\/myszka\/projekty\/klasa-do-skladu-pracy-dyplomowej-magisterskiej-i-inzynierskiej-na-wydziale-mechanicznym-politechniki-wroclawskiej\/faq\/w-jaki-sposob-mozna-dodac-naglowki-na-samej-gorze-strony-podkreslone-kreska\/\">W jaki spos\u00f3b mo\u017cna doda\u0107 nag\u0142\u00f3wki na samej gorze strony podkre\u015blone kresk\u0105?<\/a><\/li>\n<\/ul>\n<\/li>\n<\/ul>\n","protected":false},"excerpt":{"rendered":"<p>FAQ czyli Frequently Asked Questions albo Cz\u0119sto Zadawane Pytania<\/p>\n","protected":false},"author":1,"featured_media":0,"parent":1161,"menu_order":0,"comment_status":"closed","ping_status":"open","template":"","meta":{"ngg_post_thumbnail":0,"footnotes":""},"class_list":["post-1863","page","type-page","status-publish","hentry"],"publishpress_future_action":{"enabled":false,"date":"2026-04-20 06:11:43","action":"change-status","newStatus":"draft","terms":[],"taxonomy":"language","extraData":[]},"publishpress_future_workflow_manual_trigger":{"enabledWorkflows":[]},"_links":{"self":[{"href":"https:\/\/kmim.wm.pwr.edu.pl\/myszka\/wp-json\/wp\/v2\/pages\/1863","targetHints":{"allow":["GET"]}}],"collection":[{"href":"https:\/\/kmim.wm.pwr.edu.pl\/myszka\/wp-json\/wp\/v2\/pages"}],"about":[{"href":"https:\/\/kmim.wm.pwr.edu.pl\/myszka\/wp-json\/wp\/v2\/types\/page"}],"author":[{"embeddable":true,"href":"https:\/\/kmim.wm.pwr.edu.pl\/myszka\/wp-json\/wp\/v2\/users\/1"}],"replies":[{"embeddable":true,"href":"https:\/\/kmim.wm.pwr.edu.pl\/myszka\/wp-json\/wp\/v2\/comments?post=1863"}],"version-history":[{"count":2,"href":"https:\/\/kmim.wm.pwr.edu.pl\/myszka\/wp-json\/wp\/v2\/pages\/1863\/revisions"}],"predecessor-version":[{"id":1865,"href":"https:\/\/kmim.wm.pwr.edu.pl\/myszka\/wp-json\/wp\/v2\/pages\/1863\/revisions\/1865"}],"up":[{"embeddable":true,"href":"https:\/\/kmim.wm.pwr.edu.pl\/myszka\/wp-json\/wp\/v2\/pages\/1161"}],"wp:attachment":[{"href":"https:\/\/kmim.wm.pwr.edu.pl\/myszka\/wp-json\/wp\/v2\/media?parent=1863"}],"curies":[{"name":"wp","href":"https:\/\/api.w.org\/{rel}","templated":true}]}}