{"id":19174,"date":"2015-04-24T19:48:41","date_gmt":"2015-04-24T17:48:41","guid":{"rendered":"http:\/\/kmim.wm.pwr.edu.pl\/myszka\/?page_id=19174"},"modified":"2016-05-25T15:56:33","modified_gmt":"2016-05-25T13:56:33","slug":"wersja-light-szablonu-prezentacji","status":"publish","type":"page","link":"https:\/\/kmim.wm.pwr.edu.pl\/myszka\/projekty\/szablon-prezentacji-zgodny-z-ksiega-logotypu-politechniki-wroclawskiej\/szablon-prezentacji-zgodny-z-ksiega-logotypu\/wersja-light-szablonu-prezentacji\/","title":{"rendered":"Wersja light szablonu prezentacji"},"content":{"rendered":"<p>Nie jest to wersja pozbawiona jakichkolwiek cech wersji pe\u0142nej. Jej lajtowo\u015b\u0107 polega a tym, \u017ce wystarczy wgra\u0107 wszystkie pliki do katalogu w kt\u00f3rym znajduje si\u0119 dokument \u017ar\u00f3d\u0142owy, by m\u00f3c korzysta\u0107 z \u00a0wszystkich funkcji szablonu.<\/p>\n<p>W efekcie powstanie spory ba\u0142agan w kartotece roboczej: obok plik\u00f3w niezb\u0119dnych do funkcjonowania szablonu, znajdziemy tam pliki zwi\u0105zane z konkretnym projektem. Szans na zgubienie si\u0119 w tym wszystkim b\u0119dzie sporo. Ale nie trzeba b\u0119dzie zmaga\u0107 si\u0119 z mocno technicznymi sprawami zwi\u0105zanymi z instalacj\u0105 font\u00f3w, bo instalacja pozosta\u0142ych plik\u00f3w jest stosunkowo prosta.<\/p>\n<ul>\n<li><a href=\"http:\/\/kmim.wm.pwr.edu.pl\/myszka\/wp-content\/uploads\/sites\/2\/2015\/04\/beamer-light.zip\">Stara wersja szablonu light<\/a>,<\/li>\n<li><a href=\"http:\/\/kmim.wm.pwr.edu.pl\/myszka\/wp-content\/uploads\/sites\/2\/2016\/05\/beamer-light.zip\">Nowa wersja szablonu light.<\/a><\/li>\n<\/ul>\n<p>Wersja nowa uwzgl\u0119dnia zmian\u0119 angielskiej nazwy Politechniki Wroc\u0142awskiej.<\/p>\n","protected":false},"excerpt":{"rendered":"<p>Nie jest to wersja pozbawiona jakichkolwiek cech wersji pe\u0142nej. Jej lajtowo\u015b\u0107 polega a tym, \u017ce wystarczy wgra\u0107 wszystkie pliki do katalogu w kt\u00f3rym znajduje si\u0119 dokument \u017ar\u00f3d\u0142owy, by m\u00f3c korzysta\u0107 z \u00a0wszystkich funkcji szablonu. W efekcie powstanie spory ba\u0142agan w kartotece roboczej: obok plik\u00f3w niezb\u0119dnych do funkcjonowania szablonu, znajdziemy tam pliki zwi\u0105zane z konkretnym projektem. &hellip; <a href=\"https:\/\/kmim.wm.pwr.edu.pl\/myszka\/projekty\/szablon-prezentacji-zgodny-z-ksiega-logotypu-politechniki-wroclawskiej\/szablon-prezentacji-zgodny-z-ksiega-logotypu\/wersja-light-szablonu-prezentacji\/\" class=\"more-link\">Czytaj dalej <span class=\"screen-reader-text\">Wersja light szablonu prezentacji<\/span> <span class=\"meta-nav\">&rarr;<\/span><\/a><\/p>\n","protected":false},"author":1,"featured_media":22118,"parent":1168,"menu_order":0,"comment_status":"closed","ping_status":"open","template":"","meta":{"ngg_post_thumbnail":0,"footnotes":""},"class_list":["post-19174","page","type-page","status-publish","has-post-thumbnail","hentry"],"publishpress_future_action":{"enabled":false,"date":"2026-04-15 08:36:36","action":"change-status","newStatus":"draft","terms":[],"taxonomy":"language","extraData":[]},"publishpress_future_workflow_manual_trigger":{"enabledWorkflows":[]},"_links":{"self":[{"href":"https:\/\/kmim.wm.pwr.edu.pl\/myszka\/wp-json\/wp\/v2\/pages\/19174","targetHints":{"allow":["GET"]}}],"collection":[{"href":"https:\/\/kmim.wm.pwr.edu.pl\/myszka\/wp-json\/wp\/v2\/pages"}],"about":[{"href":"https:\/\/kmim.wm.pwr.edu.pl\/myszka\/wp-json\/wp\/v2\/types\/page"}],"author":[{"embeddable":true,"href":"https:\/\/kmim.wm.pwr.edu.pl\/myszka\/wp-json\/wp\/v2\/users\/1"}],"replies":[{"embeddable":true,"href":"https:\/\/kmim.wm.pwr.edu.pl\/myszka\/wp-json\/wp\/v2\/comments?post=19174"}],"version-history":[{"count":5,"href":"https:\/\/kmim.wm.pwr.edu.pl\/myszka\/wp-json\/wp\/v2\/pages\/19174\/revisions"}],"predecessor-version":[{"id":22929,"href":"https:\/\/kmim.wm.pwr.edu.pl\/myszka\/wp-json\/wp\/v2\/pages\/19174\/revisions\/22929"}],"up":[{"embeddable":true,"href":"https:\/\/kmim.wm.pwr.edu.pl\/myszka\/wp-json\/wp\/v2\/pages\/1168"}],"wp:featuredmedia":[{"embeddable":true,"href":"https:\/\/kmim.wm.pwr.edu.pl\/myszka\/wp-json\/wp\/v2\/media\/22118"}],"wp:attachment":[{"href":"https:\/\/kmim.wm.pwr.edu.pl\/myszka\/wp-json\/wp\/v2\/media?parent=19174"}],"curies":[{"name":"wp","href":"https:\/\/api.w.org\/{rel}","templated":true}]}}