{"id":21039,"date":"2015-10-03T22:27:03","date_gmt":"2015-10-03T20:27:03","guid":{"rendered":"http:\/\/kmim.wm.pwr.edu.pl\/myszka\/?page_id=21039"},"modified":"2016-10-16T09:51:37","modified_gmt":"2016-10-16T07:51:37","slug":"slajdy-do-wykladu-wersja-podstawowa","status":"publish","type":"page","link":"https:\/\/kmim.wm.pwr.edu.pl\/myszka\/dydaktyka\/technologie-informacyjne\/slajdy-do-wykladu-wersja-podstawowa\/","title":{"rendered":"Slajdy do wyk\u0142adu: wersja podstawowa"},"content":{"rendered":"<h1 id=\"slajdy-do-wyk\u0142ad\u00f3w\">Slajdy do wyk\u0142ad\u00f3w<\/h1>\n<p>Poni\u017cej znajduj\u0105 si\u0119 slajdy do wyk\u0142adu w wersji \u201estandardowej\u201d. W semestrze zimowym 2016\/2017 prowadz\u0119 takie dla Transportu (poniedzia\u0142ek, 7:30\u20139:00).<\/p>\n<ol>\n<li><a href=\"http:\/\/kmim.wm.pwr.edu.pl\/myszka\/wp-content\/uploads\/sites\/2\/2015\/10\/ti_baza.pdf\">Informacja<\/a><\/li>\n<li><a href=\"http:\/\/kmim.wm.pwr.edu.pl\/myszka\/wp-content\/uploads\/sites\/2\/2015\/10\/ti01_beamer.pdf\">Wyk\u0142ad pierwszy: wymagania i historia komputer\u00f3w<\/a><\/li>\n<li><a href=\"http:\/\/kmim.wm.pwr.edu.pl\/myszka\/wp-content\/uploads\/sites\/2\/2015\/10\/ti02_arytmetyka_beamer.pdf\">Arytmetyka komputer\u00f3w<\/a><\/li>\n<li><a href=\"http:\/\/kmim.wm.pwr.edu.pl\/myszka\/wp-content\/uploads\/sites\/2\/2015\/10\/ti03_ulamki_beamer.pdf\">Arytmetyka zmiennoprzecinkowa<\/a><\/li>\n<li><a href=\"http:\/\/kmim.wm.pwr.edu.pl\/myszka\/wp-content\/uploads\/sites\/2\/2015\/10\/ti04_architektura_beamer.pdf\">Architektura komputer\u00f3w<\/a><\/li>\n<li><a href=\"http:\/\/kmim.wm.pwr.edu.pl\/myszka\/wp-content\/uploads\/sites\/2\/2015\/10\/ti05_oprogramowanie_beamer.pdf\">Oprogramowanie komputer\u00f3w<\/a><\/li>\n<li><a href=\"http:\/\/kmim.wm.pwr.edu.pl\/myszka\/wp-content\/uploads\/sites\/2\/2015\/10\/ti07_algorytmy_beamer.pdf\">Algorytmy (Cz\u0119\u015b\u0107 I)<\/a><\/li>\n<li><a href=\"http:\/\/kmim.wm.pwr.edu.pl\/myszka\/wp-content\/uploads\/sites\/2\/2015\/10\/ti08_zapis_beamer.pdf\">Zapis algorytm\u00f3w (Algorytmy, Cz\u0119\u015b\u0107 II)<\/a><\/li>\n<li><a href=\"http:\/\/kmim.wm.pwr.edu.pl\/myszka\/wp-content\/uploads\/sites\/2\/2015\/10\/ti09_turing_beamer.pdf\">Maszyna Turinga (Algorytmy Cz\u0119\u015b\u0107 III)<\/a><\/li>\n<li><a href=\"http:\/\/kmim.wm.pwr.edu.pl\/myszka\/wp-content\/uploads\/sites\/2\/2015\/10\/ti10_metody_beamer.pdf\">Metody algorytmiczne (Algorytmy Cz\u0119\u015b\u0107 IV)<\/a><\/li>\n<li><a href=\"http:\/\/kmim.wm.pwr.edu.pl\/myszka\/wp-content\/uploads\/sites\/2\/2015\/10\/ti11_zlozonosc_beamer.pdf\">Z\u0142o\u017cono\u015b\u0107 obliczeniowa. \u201eTrudne\u201d zadania<\/a><\/li>\n<li><a href=\"http:\/\/kmim.wm.pwr.edu.pl\/myszka\/wp-content\/uploads\/sites\/2\/2015\/10\/ti14_autorskie.pdf\">Prawa autorskie<\/a><\/li>\n<li><a href=\"http:\/\/kmim.wm.pwr.edu.pl\/myszka\/wp-content\/uploads\/sites\/2\/2015\/10\/ti14_patentowe.pdf\">Prawo patentowe<\/a><\/li>\n<li><a href=\"http:\/\/kmim.wm.pwr.edu.pl\/myszka\/wp-content\/uploads\/sites\/2\/2015\/10\/ti14_towarowe.pdf\">Znaki towarowe<\/a><\/li>\n<\/ol>\n","protected":false},"excerpt":{"rendered":"<p>Slajdy do wyk\u0142ad\u00f3w Poni\u017cej znajduj\u0105 si\u0119 slajdy do wyk\u0142adu w wersji \u201estandardowej\u201d. W semestrze zimowym 2016\/2017 prowadz\u0119 takie dla Transportu (poniedzia\u0142ek, 7:30\u20139:00). Informacja Wyk\u0142ad pierwszy: wymagania i historia komputer\u00f3w Arytmetyka komputer\u00f3w Arytmetyka zmiennoprzecinkowa Architektura komputer\u00f3w Oprogramowanie komputer\u00f3w Algorytmy (Cz\u0119\u015b\u0107 I) Zapis algorytm\u00f3w (Algorytmy, Cz\u0119\u015b\u0107 II) Maszyna Turinga (Algorytmy Cz\u0119\u015b\u0107 III) Metody algorytmiczne (Algorytmy Cz\u0119\u015b\u0107 IV) &hellip; <a href=\"https:\/\/kmim.wm.pwr.edu.pl\/myszka\/dydaktyka\/technologie-informacyjne\/slajdy-do-wykladu-wersja-podstawowa\/\" class=\"more-link\">Czytaj dalej <span class=\"screen-reader-text\">Slajdy do wyk\u0142adu: wersja podstawowa<\/span> <span class=\"meta-nav\">&rarr;<\/span><\/a><\/p>\n","protected":false},"author":1,"featured_media":0,"parent":19533,"menu_order":0,"comment_status":"closed","ping_status":"closed","template":"","meta":{"ngg_post_thumbnail":0,"footnotes":""},"class_list":["post-21039","page","type-page","status-publish","hentry"],"publishpress_future_action":{"enabled":false,"date":"2026-05-02 01:36:27","action":"change-status","newStatus":"draft","terms":[],"taxonomy":"language","extraData":[]},"publishpress_future_workflow_manual_trigger":{"enabledWorkflows":[]},"_links":{"self":[{"href":"https:\/\/kmim.wm.pwr.edu.pl\/myszka\/wp-json\/wp\/v2\/pages\/21039","targetHints":{"allow":["GET"]}}],"collection":[{"href":"https:\/\/kmim.wm.pwr.edu.pl\/myszka\/wp-json\/wp\/v2\/pages"}],"about":[{"href":"https:\/\/kmim.wm.pwr.edu.pl\/myszka\/wp-json\/wp\/v2\/types\/page"}],"author":[{"embeddable":true,"href":"https:\/\/kmim.wm.pwr.edu.pl\/myszka\/wp-json\/wp\/v2\/users\/1"}],"replies":[{"embeddable":true,"href":"https:\/\/kmim.wm.pwr.edu.pl\/myszka\/wp-json\/wp\/v2\/comments?post=21039"}],"version-history":[{"count":4,"href":"https:\/\/kmim.wm.pwr.edu.pl\/myszka\/wp-json\/wp\/v2\/pages\/21039\/revisions"}],"predecessor-version":[{"id":23146,"href":"https:\/\/kmim.wm.pwr.edu.pl\/myszka\/wp-json\/wp\/v2\/pages\/21039\/revisions\/23146"}],"up":[{"embeddable":true,"href":"https:\/\/kmim.wm.pwr.edu.pl\/myszka\/wp-json\/wp\/v2\/pages\/19533"}],"wp:attachment":[{"href":"https:\/\/kmim.wm.pwr.edu.pl\/myszka\/wp-json\/wp\/v2\/media?parent=21039"}],"curies":[{"name":"wp","href":"https:\/\/api.w.org\/{rel}","templated":true}]}}