{"id":22578,"date":"2016-02-27T08:14:55","date_gmt":"2016-02-27T07:14:55","guid":{"rendered":"http:\/\/kmim.wm.pwr.edu.pl\/myszka\/?page_id=22578"},"modified":"2016-02-27T08:20:23","modified_gmt":"2016-02-27T07:20:23","slug":"jakiego-typu-w-bibliografii-uzyc-zeby-poprawnie-zacytowac-norme","status":"publish","type":"page","link":"https:\/\/kmim.wm.pwr.edu.pl\/myszka\/projekty\/klasa-do-skladu-pracy-dyplomowej-magisterskiej-i-inzynierskiej-na-wydziale-mechanicznym-politechniki-wroclawskiej\/faq\/jakiego-typu-w-bibliografii-uzyc-zeby-poprawnie-zacytowac-norme\/","title":{"rendered":"Jakiego typu w bibliografii u\u017cy\u0107, \u017ceby poprawnie zacytowa\u0107 norm\u0119?"},"content":{"rendered":"<p class=\"indent\">Z cytowaniem norm w <span class=\"LATEX\">L<span class=\"A\">A<\/span><span class=\"TEX\">T<span class=\"E\">E<\/span>X<\/span><\/span>u generalnie jest problem. Niekt\u00f3re szablony bibliografii uwzgl\u0119dniaj\u0105 pozycj\u0119 typu <span class=\"ectt-1000\">@STANDARD<\/span>, ale \u2014 tak og\u00f3lnie \u2014 nie jest to <span class=\"ecbx-1000\">standardowy<\/span> typ rekordu bazy danych BibTeXa.<\/p>\n<p class=\"indent\">Z drugiej strony <a href=\"http:\/\/www.bg.pw.edu.pl\/index.php\/instrukcja-dla-autorow\" target=\"_blank\">dost\u0119pne<\/a> w Internecie <a href=\"http:\/\/biblioteka.pollub.pl\/sites\/default\/files\/Jak%20cytowa%C4%87%20normy.pdf\" target=\"_blank\">materia\u0142y<\/a> zalecaj\u0105 cytowanie norm w nast\u0119puj\u0105cy spos\u00f3b:<br class=\"newline\" \/> Numer normy<br class=\"newline\" \/> Rok<br class=\"newline\" \/> Tytu\u0142<br class=\"newline\" \/> czyli, na przyk\u0142ad:<br class=\"newline\" \/> PN-ISO 690:2002. Dokumentacja. Przypisy bibliograficzne. Zawarto\u015b\u0107, forma i struktura.<\/p>\n<p class=\"indent\">U\u017cywaj\u0105c typu rekordu <span class=\"ectt-1000\">@MISC<\/span> <span class=\"cite\">[<a href=\"#XPN-ISO_690-2:1999\">2<\/a>]<\/span> wpis powinien wygl\u0105da\u0107 jako\u015b tak:<\/p>\n<div id=\"verbatim-1\" class=\"verbatim\">@Misc{PN-ISO_690-2:1999_,<br \/>\nTitle\u00a0=\u00a0{{PN-ISO}~690-2:1999.\u00a0{P}rzypisy\u00a0bibliograficzne\u00a0&#8212;<br \/>\n{D}okumenty\u00a0elektroniczne\u00a0i\u00a0ich\u00a0cz\u0119\u015bci},Key\u00a0=\u00a0{PN-ISO_690-2:1999}<br \/>\n}<\/div>\n<p class=\"nopar\">Doda\u0142em dodatkowo pole <span class=\"ectt-1000\">Key<\/span> \u017ceby u\u0142atwi\u0107 sortowanie, normalnie wed\u0142ug autor\u00f3w. Zwracam r\u00f3wnie\u017c uwag\u0119, \u017ce rok wydania normy jest cz\u0119\u015bci\u0105 jej numeru, wi\u0119c nie ma osobnego pola <span class=\"ectt-1000\">Rok<\/span>!<\/p>\n<p class=\"indent\">Natomiast nic nie stoi na przeszkodzie, \u017ceby rozbudowa\u0107 szablon bibliografii dostarczony wraz z klas\u0105 do sk\u0142adanie pracy dyplomowej (<a href=\"http:\/\/kmim.wm.pwr.edu.pl\/myszka\/wp-content\/uploads\/sites\/2\/2016\/02\/dyplom1.bst\" target=\"_blank\">dyplom1.bst<\/a>) o dodatkow\u0105 funkcj\u0119 formatowania pozycji <span class=\"ectt-1000\">@STANDARD<\/span> <span class=\"cite\">[<a href=\"#XPN-ISO_690-2:1999_\">1<\/a>]<\/span>). Zrobi\u0142em to \u201etestowo\u201d tworz\u0105c dodatkowy szablon (dyplom1.bst). W\u00f3wczas odpowiedni wpis wygl\u0105da\u0142 b\u0119dzie jako\u015b tak:<\/p>\n<div id=\"verbatim-2\" class=\"verbatim\">@Standard{PN-ISO_690-2:1999,<br \/>\nTitle\u00a0=\u00a0{{P}rzypisy\u00a0bibliograficzne\u00a0&#8212;\u00a0{D}okumenty\u00a0elektroniczne<br \/>\ni\u00a0ich\u00a0cz\u0119\u015bci},<br \/>\nNumber\u00a0=\u00a0{{PN-ISO}~690-2:1999},Key\u00a0\u00a0\u00a0=\u00a0{PN-ISO_690-2:1999},<br \/>\n}<\/div>\n<p class=\"indent\">W bibliografii b\u0119dzie to wida\u0107 jak poni\u017cej. R\u00f3\u017cnica sprowadza s\u0119 do tego, \u017ce w pierwszym przypadku numer sk\u0142\u0105dany jest jak tytu\u0142 (kursywa), a w drugim fontem prostym.<\/p>\n<h3 class=\"likesectionHead\"><a id=\"x1-1000\" name=\"x1-1000\"><\/a>Literatura<\/h3>\n<div class=\"thebibliography\">\n<p class=\"bibitem\"><span class=\"biblabel\">[1]<span class=\"bibsp\">\u00a0\u00a0\u00a0<\/span><\/span><a id=\"XPN-ISO_690-2:1999_\" name=\"XPN-ISO_690-2:1999_\"><\/a><span class=\"ecti-1000\">PN-ISO<\/span><span class=\"ecti-1000\">\u00a0690-2:1999. Przypisy bibliograficzne \u2013 Dokumenty elektroniczne<\/span> <span class=\"ecti-1000\">i ich cz\u0119<\/span><span class=\"ecti-1000\">\u015bci<\/span>. (typ @MISC).<\/p>\n<p class=\"bibitem\"><span class=\"biblabel\">[2]<span class=\"bibsp\">\u00a0\u00a0\u00a0<\/span><\/span><a id=\"XPN-ISO_690-2:1999\" name=\"XPN-ISO_690-2:1999\"><\/a>PN-ISO\u00a0690-2:1999. <span class=\"ecti-1000\">Przypisy bibliograficzne \u2013 Dokumenty elektroniczne<\/span> <span class=\"ecti-1000\">i ich cz\u0119<\/span><span class=\"ecti-1000\">\u015bci<\/span>. (typ @STANDARD).<\/p>\n<\/div>\n","protected":false},"excerpt":{"rendered":"<p>Z cytowaniem norm w LATEXu generalnie jest problem. Niekt\u00f3re szablony bibliografii uwzgl\u0119dniaj\u0105 pozycj\u0119 typu @STANDARD, ale \u2014 tak og\u00f3lnie \u2014 nie jest to standardowy typ rekordu bazy danych BibTeXa. Z drugiej strony dost\u0119pne w Internecie materia\u0142y zalecaj\u0105 cytowanie norm w nast\u0119puj\u0105cy spos\u00f3b: Numer normy Rok Tytu\u0142 czyli, na przyk\u0142ad: PN-ISO 690:2002. Dokumentacja. Przypisy bibliograficzne. Zawarto\u015b\u0107, &hellip; <a href=\"https:\/\/kmim.wm.pwr.edu.pl\/myszka\/projekty\/klasa-do-skladu-pracy-dyplomowej-magisterskiej-i-inzynierskiej-na-wydziale-mechanicznym-politechniki-wroclawskiej\/faq\/jakiego-typu-w-bibliografii-uzyc-zeby-poprawnie-zacytowac-norme\/\" class=\"more-link\">Czytaj dalej <span class=\"screen-reader-text\">Jakiego typu w bibliografii u\u017cy\u0107, \u017ceby poprawnie zacytowa\u0107 norm\u0119?<\/span> <span class=\"meta-nav\">&rarr;<\/span><\/a><\/p>\n","protected":false},"author":1,"featured_media":0,"parent":1863,"menu_order":0,"comment_status":"closed","ping_status":"closed","template":"page-templates\/full-width.php","meta":{"ngg_post_thumbnail":0,"footnotes":""},"class_list":["post-22578","page","type-page","status-publish","hentry"],"publishpress_future_action":{"enabled":false,"date":"2026-04-22 22:42:25","action":"change-status","newStatus":"draft","terms":[],"taxonomy":"language","extraData":[]},"publishpress_future_workflow_manual_trigger":{"enabledWorkflows":[]},"_links":{"self":[{"href":"https:\/\/kmim.wm.pwr.edu.pl\/myszka\/wp-json\/wp\/v2\/pages\/22578","targetHints":{"allow":["GET"]}}],"collection":[{"href":"https:\/\/kmim.wm.pwr.edu.pl\/myszka\/wp-json\/wp\/v2\/pages"}],"about":[{"href":"https:\/\/kmim.wm.pwr.edu.pl\/myszka\/wp-json\/wp\/v2\/types\/page"}],"author":[{"embeddable":true,"href":"https:\/\/kmim.wm.pwr.edu.pl\/myszka\/wp-json\/wp\/v2\/users\/1"}],"replies":[{"embeddable":true,"href":"https:\/\/kmim.wm.pwr.edu.pl\/myszka\/wp-json\/wp\/v2\/comments?post=22578"}],"version-history":[{"count":4,"href":"https:\/\/kmim.wm.pwr.edu.pl\/myszka\/wp-json\/wp\/v2\/pages\/22578\/revisions"}],"predecessor-version":[{"id":22582,"href":"https:\/\/kmim.wm.pwr.edu.pl\/myszka\/wp-json\/wp\/v2\/pages\/22578\/revisions\/22582"}],"up":[{"embeddable":true,"href":"https:\/\/kmim.wm.pwr.edu.pl\/myszka\/wp-json\/wp\/v2\/pages\/1863"}],"wp:attachment":[{"href":"https:\/\/kmim.wm.pwr.edu.pl\/myszka\/wp-json\/wp\/v2\/media?parent=22578"}],"curies":[{"name":"wp","href":"https:\/\/api.w.org\/{rel}","templated":true}]}}