{"id":22607,"date":"2016-03-04T17:32:24","date_gmt":"2016-03-04T16:32:24","guid":{"rendered":"http:\/\/kmim.wm.pwr.edu.pl\/myszka\/?page_id=22607"},"modified":"2016-03-04T17:32:24","modified_gmt":"2016-03-04T16:32:24","slug":"wlaczanie-grafik-do-tekstow-w-latex2%ce%b5","status":"publish","type":"page","link":"https:\/\/kmim.wm.pwr.edu.pl\/myszka\/projekty\/wlaczanie-grafik-do-tekstow-w-latex2%ce%b5\/","title":{"rendered":"W\u0142\u0105czanie grafik do tekst\u00f3w w L<sup>A<\/sup>T<sub>E<\/sub>X2\u03b5"},"content":{"rendered":"<p class=\"indent\">Bardzo dawno temu \u2014 b\u0119dzie ju\u017c z <del>dziesi\u0119\u0107<\/del>\u00a0osiemna\u015bcie lat, zacz\u0105\u0142em pisa\u0107 krotk\u0105 broszurk\u0119 na temat w\u0142\u0105czania grafik do dokument\u00f3w pisanych z u\u017cyciem LaTeXa. Sam nie mog\u0119 si\u0119 nadziwi\u0107, \u017ce by\u0142o to tak strasznie dawno temu, ale jak zajrza\u0142em do kartoteki \u017ar\u00f3d\u0142owej \u2014 najstarsze (zachowane) pliki pochodz\u0105 z listopada 1998 roku&#8230;<\/p>\n<p class=\"indent\">Pierwotny tytu\u0142 broszurki by\u0142 taki: \u201eW\u0142\u0105czanie grafik w formacie EPS do tekst\u00f3w <span class=\"LATEX\">L<span class=\"A\">A<\/span><span class=\"TEX\">T<span class=\"E\">E<\/span>X<\/span><\/span>2<span class=\"plmi-10x-x-109\">\u03b5<\/span> i par\u0119 innych uwag\u201d i zosta\u0142 zaprezentowany publiczno\u015bci 11 stycznia 2009 roku.<\/p>\n<p class=\"indent\">Ostatnie merytoryczne poprawki by\u0142y robione we wrze\u015bniu 2004 roku. P\u00f3\u017aniej ju\u017c tylko pliki \u017ar\u00f3d\u0142owe przenosi\u0142em z komputera na komputer, z dysku na dysk.<\/p>\n<p class=\"indent\">Obecnie, w zwi\u0105zku z wymaganiami dystrybutor\u00f3w <span class=\"TEX\">T<span class=\"E\">E<\/span>X<\/span>Live udost\u0119pniam wszystkie pliki \u017ar\u00f3d\u0142owe. Tekst zosta\u0142 jedynie przekodowany do kodowania UTF-8.<\/p>\n<p class=\"indent\">W niniejszej kartotece znajduj\u0105 si\u0119 nast\u0119puj\u0105ce pliki:<\/p>\n<ol class=\"enumerate1\">\n<li id=\"x1-3x1\" class=\"enumerate\">\u0179r\u00f3d\u0142a, w postaci spakowanego archiwum <a href=\"http:\/\/kmim.wm.pwr.edu.pl\/myszka\/wp-content\/uploads\/sites\/2\/2016\/03\/Grafika.tar_.gz\" target=\"_blank\">Grafika.tar.gz<\/a>.<\/li>\n<li id=\"x1-5x2\" class=\"enumerate\">Oryginalna, zachowana wersja z 11 stycznia: <a href=\"http:\/\/kmim.wm.pwr.edu.pl\/myszka\/wp-content\/uploads\/sites\/2\/2016\/03\/grafikaWO.ps_.gz\" target=\"_blank\">grafikaWO.ps.gz<\/a> (i przerobiona do wygodniejszej postaci: <a href=\"http:\/\/kmim.wm.pwr.edu.pl\/myszka\/wp-content\/uploads\/sites\/2\/2016\/03\/grafikaWO.pdf\" target=\"_blank\">grafikaWO.pdf<\/a>).<\/li>\n<li id=\"x1-7x3\" class=\"enumerate\">Aktualna wersja dokumentu: <a href=\"http:\/\/kmim.wm.pwr.edu.pl\/myszka\/wp-content\/uploads\/sites\/2\/2016\/03\/grafika.pdf\" target=\"_blank\">grafika.pdf<\/a>.<\/li>\n<\/ol>\n<p class=\"indent\">Mam nadziej\u0119, \u017ce tekst ci\u0105gle mo\u017ce by\u0107 przydatny\u2026<\/p>\n<p class=\"indent\">Mo\u017cna go zacytowa\u0107 korzystaj\u0105c z do\u0142\u0105czonego pliku <a href=\"http:\/\/kmim.wm.pwr.edu.pl\/myszka\/wp-content\/uploads\/sites\/2\/2016\/03\/myszka_grafika.bib\" target=\"_blank\">BiBTeX<\/a>.<\/p>\n<p class=\"indent\">Data ostatniej modyfikacji: 12\u00a0pa\u017adziernika 2009.<\/p>\n","protected":false},"excerpt":{"rendered":"<p>Bardzo dawno temu \u2014 b\u0119dzie ju\u017c z dziesi\u0119\u0107\u00a0osiemna\u015bcie lat, zacz\u0105\u0142em pisa\u0107 krotk\u0105 broszurk\u0119 na temat w\u0142\u0105czania grafik do dokument\u00f3w pisanych z u\u017cyciem LaTeXa. Sam nie mog\u0119 si\u0119 nadziwi\u0107, \u017ce by\u0142o to tak strasznie dawno temu, ale jak zajrza\u0142em do kartoteki \u017ar\u00f3d\u0142owej \u2014 najstarsze (zachowane) pliki pochodz\u0105 z listopada 1998 roku&#8230; Pierwotny tytu\u0142 broszurki by\u0142 taki: &hellip; <a href=\"https:\/\/kmim.wm.pwr.edu.pl\/myszka\/projekty\/wlaczanie-grafik-do-tekstow-w-latex2%ce%b5\/\" class=\"more-link\">Czytaj dalej <span class=\"screen-reader-text\">W\u0142\u0105czanie grafik do tekst\u00f3w w L<sup>A<\/sup>T<sub>E<\/sub>X2\u03b5<\/span> <span class=\"meta-nav\">&rarr;<\/span><\/a><\/p>\n","protected":false},"author":1,"featured_media":0,"parent":90,"menu_order":0,"comment_status":"closed","ping_status":"closed","template":"","meta":{"ngg_post_thumbnail":0,"footnotes":""},"class_list":["post-22607","page","type-page","status-publish","hentry"],"publishpress_future_action":{"enabled":false,"date":"2026-04-22 22:42:01","action":"change-status","newStatus":"draft","terms":[],"taxonomy":"language","extraData":[]},"publishpress_future_workflow_manual_trigger":{"enabledWorkflows":[]},"_links":{"self":[{"href":"https:\/\/kmim.wm.pwr.edu.pl\/myszka\/wp-json\/wp\/v2\/pages\/22607","targetHints":{"allow":["GET"]}}],"collection":[{"href":"https:\/\/kmim.wm.pwr.edu.pl\/myszka\/wp-json\/wp\/v2\/pages"}],"about":[{"href":"https:\/\/kmim.wm.pwr.edu.pl\/myszka\/wp-json\/wp\/v2\/types\/page"}],"author":[{"embeddable":true,"href":"https:\/\/kmim.wm.pwr.edu.pl\/myszka\/wp-json\/wp\/v2\/users\/1"}],"replies":[{"embeddable":true,"href":"https:\/\/kmim.wm.pwr.edu.pl\/myszka\/wp-json\/wp\/v2\/comments?post=22607"}],"version-history":[{"count":3,"href":"https:\/\/kmim.wm.pwr.edu.pl\/myszka\/wp-json\/wp\/v2\/pages\/22607\/revisions"}],"predecessor-version":[{"id":22615,"href":"https:\/\/kmim.wm.pwr.edu.pl\/myszka\/wp-json\/wp\/v2\/pages\/22607\/revisions\/22615"}],"up":[{"embeddable":true,"href":"https:\/\/kmim.wm.pwr.edu.pl\/myszka\/wp-json\/wp\/v2\/pages\/90"}],"wp:attachment":[{"href":"https:\/\/kmim.wm.pwr.edu.pl\/myszka\/wp-json\/wp\/v2\/media?parent=22607"}],"curies":[{"name":"wp","href":"https:\/\/api.w.org\/{rel}","templated":true}]}}