{"id":22664,"date":"2016-03-14T08:30:36","date_gmt":"2016-03-14T07:30:36","guid":{"rendered":"http:\/\/kmim.wm.pwr.edu.pl\/myszka\/?page_id=22664"},"modified":"2016-03-14T08:30:36","modified_gmt":"2016-03-14T07:30:36","slug":"w-jaki-sposob-mozna-dodac-naglowki-na-samej-gorze-strony-podkreslone-kreska","status":"publish","type":"page","link":"https:\/\/kmim.wm.pwr.edu.pl\/myszka\/projekty\/klasa-do-skladu-pracy-dyplomowej-magisterskiej-i-inzynierskiej-na-wydziale-mechanicznym-politechniki-wroclawskiej\/faq\/w-jaki-sposob-mozna-dodac-naglowki-na-samej-gorze-strony-podkreslone-kreska\/","title":{"rendered":"W jaki spos\u00f3b mo\u017cna doda\u0107 nag\u0142\u00f3wki na samej gorze strony podkre\u015blone kresk\u0105?"},"content":{"rendered":"<p>Aby uzyska\u0107 \u017cyw\u0105 pagin\u0119<a href=\"#fn1\" class=\"footnoteRef\" id=\"fnref1\"><sup>1<\/sup><\/a> oddzielon\u0105 kresk\u0105 od zawarto\u015bci strony nale\u017cy przed<\/p>\n<pre><code>\\begin{document}<\/code><\/pre>\n<p>umie\u015bci\u0107 polecenie<\/p>\n<pre><code>\\pagestyle{uheadings}<\/code><\/pre>\n<p>Zwracam uwag\u0119, \u017ce strony pocz\u0105tkowe rozdzia\u0142\u00f3w nie b\u0119d\u0105 mia\u0142y \u201enag\u0142\u00f3wka\u201d, i nie b\u0119d\u0105 numerowane. Taka jest polska tradycja typograficzna.<\/p>\n<div class=\"footnotes\">\n<hr \/>\n<ol>\n<li id=\"fn1\">\n<p>\u201e\u017bywa pagina\u201d to fachowa nazwa czego\u015b co potocznie okre\u015bla si\u0119 mianem nag\u0142\u00f3wk\u00f3w.<a href=\"#fnref1\">\u21a9<\/a><\/p>\n<\/li>\n<\/ol>\n<\/div>\n","protected":false},"excerpt":{"rendered":"<p>Aby uzyska\u0107 \u017cyw\u0105 pagin\u01191 oddzielon\u0105 kresk\u0105 od zawarto\u015bci strony nale\u017cy przed \\begin{document} umie\u015bci\u0107 polecenie \\pagestyle{uheadings} Zwracam uwag\u0119, \u017ce strony pocz\u0105tkowe rozdzia\u0142\u00f3w nie b\u0119d\u0105 mia\u0142y \u201enag\u0142\u00f3wka\u201d, i nie b\u0119d\u0105 numerowane. Taka jest polska tradycja typograficzna. \u201e\u017bywa pagina\u201d to fachowa nazwa czego\u015b co potocznie okre\u015bla si\u0119 mianem nag\u0142\u00f3wk\u00f3w.\u21a9<\/p>\n","protected":false},"author":1,"featured_media":0,"parent":1863,"menu_order":0,"comment_status":"closed","ping_status":"closed","template":"","meta":{"ngg_post_thumbnail":0,"footnotes":""},"class_list":["post-22664","page","type-page","status-publish","hentry"],"publishpress_future_action":{"enabled":false,"date":"2026-04-27 12:49:58","action":"change-status","newStatus":"draft","terms":[],"taxonomy":"language","extraData":[]},"publishpress_future_workflow_manual_trigger":{"enabledWorkflows":[]},"_links":{"self":[{"href":"https:\/\/kmim.wm.pwr.edu.pl\/myszka\/wp-json\/wp\/v2\/pages\/22664","targetHints":{"allow":["GET"]}}],"collection":[{"href":"https:\/\/kmim.wm.pwr.edu.pl\/myszka\/wp-json\/wp\/v2\/pages"}],"about":[{"href":"https:\/\/kmim.wm.pwr.edu.pl\/myszka\/wp-json\/wp\/v2\/types\/page"}],"author":[{"embeddable":true,"href":"https:\/\/kmim.wm.pwr.edu.pl\/myszka\/wp-json\/wp\/v2\/users\/1"}],"replies":[{"embeddable":true,"href":"https:\/\/kmim.wm.pwr.edu.pl\/myszka\/wp-json\/wp\/v2\/comments?post=22664"}],"version-history":[{"count":1,"href":"https:\/\/kmim.wm.pwr.edu.pl\/myszka\/wp-json\/wp\/v2\/pages\/22664\/revisions"}],"predecessor-version":[{"id":22665,"href":"https:\/\/kmim.wm.pwr.edu.pl\/myszka\/wp-json\/wp\/v2\/pages\/22664\/revisions\/22665"}],"up":[{"embeddable":true,"href":"https:\/\/kmim.wm.pwr.edu.pl\/myszka\/wp-json\/wp\/v2\/pages\/1863"}],"wp:attachment":[{"href":"https:\/\/kmim.wm.pwr.edu.pl\/myszka\/wp-json\/wp\/v2\/media?parent=22664"}],"curies":[{"name":"wp","href":"https:\/\/api.w.org\/{rel}","templated":true}]}}