{"id":22913,"date":"2016-05-20T08:24:50","date_gmt":"2016-05-20T06:24:50","guid":{"rendered":"http:\/\/kmim.wm.pwr.edu.pl\/myszka\/?page_id=22913"},"modified":"2016-05-20T08:24:50","modified_gmt":"2016-05-20T06:24:50","slug":"jak-wylaczyc-dzielenie-wyrazow-w-calym-dokumencie","status":"publish","type":"page","link":"https:\/\/kmim.wm.pwr.edu.pl\/myszka\/projekty\/klasa-do-skladu-pracy-dyplomowej-magisterskiej-i-inzynierskiej-na-wydziale-mechanicznym-politechniki-wroclawskiej\/faq\/jak-wylaczyc-dzielenie-wyrazow-w-calym-dokumencie\/","title":{"rendered":"Jak wy\u0142\u0105czy\u0107 dzielenie wyraz\u00f3w w ca\u0142ym dokumencie?"},"content":{"rendered":"<p>Dosta\u0142em takie pytanie:<br \/>\n<em>Jak wy\u0142\u0105czy\u0107 dzielenie wyraz\u00f3w (odg\u00f3rnie, wszystkich)? Moja promotor stwierdzi\u0142a, \u017ce \u017caden wyraz nie powinien by\u0107 dzielony i przenoszony, bo to wygl\u0105da nieprofesjonalnie.<\/em><br \/>\nPomijaj\u0105c kwesti\u0119 co jest lepsze (<a href=\"http:\/\/kmim.wm.pwr.edu.pl\/myszka\/2016\/05\/20\/dzielic-wyrazy-czy-nie\/\">co dyskutuj\u0119 osobno<\/a>) rozwi\u0105zanie jest takie:<br \/>\nzaraz po <code>\\begin{document}<\/code> nale\u017cy umie\u015bci\u0107 nast\u0119puj\u0105ce polecenia<\/p>\n<pre>\\tolerance=1\r\n\\emergencystretch=\\maxdimen\r\n\\hyphenpenalty=10000\r\n\\hbadness=10000<\/pre>\n","protected":false},"excerpt":{"rendered":"<p>Dosta\u0142em takie pytanie: Jak wy\u0142\u0105czy\u0107 dzielenie wyraz\u00f3w (odg\u00f3rnie, wszystkich)? Moja promotor stwierdzi\u0142a, \u017ce \u017caden wyraz nie powinien by\u0107 dzielony i przenoszony, bo to wygl\u0105da nieprofesjonalnie. Pomijaj\u0105c kwesti\u0119 co jest lepsze (co dyskutuj\u0119 osobno) rozwi\u0105zanie jest takie: zaraz po \\begin{document} nale\u017cy umie\u015bci\u0107 nast\u0119puj\u0105ce polecenia \\tolerance=1 \\emergencystretch=\\maxdimen \\hyphenpenalty=10000 \\hbadness=10000<\/p>\n","protected":false},"author":1,"featured_media":22918,"parent":1863,"menu_order":0,"comment_status":"closed","ping_status":"closed","template":"","meta":{"ngg_post_thumbnail":0,"footnotes":""},"class_list":["post-22913","page","type-page","status-publish","has-post-thumbnail","hentry"],"publishpress_future_action":{"enabled":false,"date":"2026-04-20 06:09:33","action":"change-status","newStatus":"draft","terms":[],"taxonomy":"language","extraData":[]},"publishpress_future_workflow_manual_trigger":{"enabledWorkflows":[]},"_links":{"self":[{"href":"https:\/\/kmim.wm.pwr.edu.pl\/myszka\/wp-json\/wp\/v2\/pages\/22913","targetHints":{"allow":["GET"]}}],"collection":[{"href":"https:\/\/kmim.wm.pwr.edu.pl\/myszka\/wp-json\/wp\/v2\/pages"}],"about":[{"href":"https:\/\/kmim.wm.pwr.edu.pl\/myszka\/wp-json\/wp\/v2\/types\/page"}],"author":[{"embeddable":true,"href":"https:\/\/kmim.wm.pwr.edu.pl\/myszka\/wp-json\/wp\/v2\/users\/1"}],"replies":[{"embeddable":true,"href":"https:\/\/kmim.wm.pwr.edu.pl\/myszka\/wp-json\/wp\/v2\/comments?post=22913"}],"version-history":[{"count":2,"href":"https:\/\/kmim.wm.pwr.edu.pl\/myszka\/wp-json\/wp\/v2\/pages\/22913\/revisions"}],"predecessor-version":[{"id":22917,"href":"https:\/\/kmim.wm.pwr.edu.pl\/myszka\/wp-json\/wp\/v2\/pages\/22913\/revisions\/22917"}],"up":[{"embeddable":true,"href":"https:\/\/kmim.wm.pwr.edu.pl\/myszka\/wp-json\/wp\/v2\/pages\/1863"}],"wp:featuredmedia":[{"embeddable":true,"href":"https:\/\/kmim.wm.pwr.edu.pl\/myszka\/wp-json\/wp\/v2\/media\/22918"}],"wp:attachment":[{"href":"https:\/\/kmim.wm.pwr.edu.pl\/myszka\/wp-json\/wp\/v2\/media?parent=22913"}],"curies":[{"name":"wp","href":"https:\/\/api.w.org\/{rel}","templated":true}]}}