{"id":23294,"date":"2017-01-16T09:57:08","date_gmt":"2017-01-16T08:57:08","guid":{"rendered":"https:\/\/kmim.wm.pwr.edu.pl\/myszka\/?page_id=23294"},"modified":"2017-01-16T09:57:08","modified_gmt":"2017-01-16T08:57:08","slug":"fortran-dla-uzytkownikow-mes","status":"publish","type":"page","link":"https:\/\/kmim.wm.pwr.edu.pl\/myszka\/projekty\/fortran-dla-uzytkownikow-mes\/","title":{"rendered":"Fortran dla u\u017cytkownik\u00f3w MES"},"content":{"rendered":"<ul class=\"list-pages-shortcode child-pages\"><li class=\"page_item page-item-23297\"><a href=\"https:\/\/kmim.wm.pwr.edu.pl\/myszka\/projekty\/fortran-dla-uzytkownikow-mes\/krotka-historia-jezyka-fortran\/\">01 Kr\u00f3tka historia j\u0119zyka Fortran<\/a><\/li>\n<li class=\"page_item page-item-23301\"><a href=\"https:\/\/kmim.wm.pwr.edu.pl\/myszka\/projekty\/fortran-dla-uzytkownikow-mes\/karty-perforowane\/\">02 Karty perforowane<\/a><\/li>\n<li class=\"page_item page-item-23334\"><a href=\"https:\/\/kmim.wm.pwr.edu.pl\/myszka\/projekty\/fortran-dla-uzytkownikow-mes\/03-kod-zrodlowy-zasady\/\">03 Kod \u017ar\u00f3d\u0142owy \u2014 zasady<\/a><\/li>\n<li class=\"page_item page-item-23336\"><a href=\"https:\/\/kmim.wm.pwr.edu.pl\/myszka\/projekty\/fortran-dla-uzytkownikow-mes\/04-srodowisko-fortran-na-lokalnym-komputerze\/\">04 \u015arodowisko Fortran na lokalnym komputerze<\/a><\/li>\n<li class=\"page_item page-item-23338\"><a href=\"https:\/\/kmim.wm.pwr.edu.pl\/myszka\/projekty\/fortran-dla-uzytkownikow-mes\/05-przykladowy-program\/\">05 Przyk\u0142adowy program<\/a><\/li>\n<li class=\"page_item page-item-23343\"><a href=\"https:\/\/kmim.wm.pwr.edu.pl\/myszka\/projekty\/fortran-dla-uzytkownikow-mes\/06-typy-danych\/\">06 Typy danych<\/a><\/li>\n<li class=\"page_item page-item-23358\"><a href=\"https:\/\/kmim.wm.pwr.edu.pl\/myszka\/projekty\/fortran-dla-uzytkownikow-mes\/07-operatory\/\">07 Operatory<\/a><\/li>\n<li class=\"page_item page-item-23346\"><a href=\"https:\/\/kmim.wm.pwr.edu.pl\/myszka\/projekty\/fortran-dla-uzytkownikow-mes\/08-zmienne\/\">08 Zmienne<\/a><\/li>\n<li class=\"page_item page-item-23361\"><a href=\"https:\/\/kmim.wm.pwr.edu.pl\/myszka\/projekty\/fortran-dla-uzytkownikow-mes\/09-tablice\/\">09 Tablice<\/a><\/li>\n<li class=\"page_item page-item-23371 page_item_has_children\"><a href=\"https:\/\/kmim.wm.pwr.edu.pl\/myszka\/projekty\/fortran-dla-uzytkownikow-mes\/99-dygresje\/\">99 Dygresje<\/a>\n<ul class='children'>\n\t<li class=\"page_item page-item-23373\"><a href=\"https:\/\/kmim.wm.pwr.edu.pl\/myszka\/projekty\/fortran-dla-uzytkownikow-mes\/99-dygresje\/ciekawostki\/\">Ciekawostki<\/a><\/li>\n\t<li class=\"page_item page-item-23375\"><a href=\"https:\/\/kmim.wm.pwr.edu.pl\/myszka\/projekty\/fortran-dla-uzytkownikow-mes\/99-dygresje\/programowanie\/\">Programowanie<\/a><\/li>\n<\/ul>\n<\/li>\n<\/ul>\n","protected":false},"excerpt":{"rendered":"","protected":false},"author":1,"featured_media":0,"parent":90,"menu_order":0,"comment_status":"closed","ping_status":"closed","template":"","meta":{"ngg_post_thumbnail":0,"footnotes":""},"class_list":["post-23294","page","type-page","status-publish","hentry"],"publishpress_future_action":{"enabled":false,"date":"2026-04-15 14:57:25","action":"change-status","newStatus":"draft","terms":[],"taxonomy":"language","extraData":[]},"publishpress_future_workflow_manual_trigger":{"enabledWorkflows":[]},"_links":{"self":[{"href":"https:\/\/kmim.wm.pwr.edu.pl\/myszka\/wp-json\/wp\/v2\/pages\/23294","targetHints":{"allow":["GET"]}}],"collection":[{"href":"https:\/\/kmim.wm.pwr.edu.pl\/myszka\/wp-json\/wp\/v2\/pages"}],"about":[{"href":"https:\/\/kmim.wm.pwr.edu.pl\/myszka\/wp-json\/wp\/v2\/types\/page"}],"author":[{"embeddable":true,"href":"https:\/\/kmim.wm.pwr.edu.pl\/myszka\/wp-json\/wp\/v2\/users\/1"}],"replies":[{"embeddable":true,"href":"https:\/\/kmim.wm.pwr.edu.pl\/myszka\/wp-json\/wp\/v2\/comments?post=23294"}],"version-history":[{"count":2,"href":"https:\/\/kmim.wm.pwr.edu.pl\/myszka\/wp-json\/wp\/v2\/pages\/23294\/revisions"}],"predecessor-version":[{"id":23296,"href":"https:\/\/kmim.wm.pwr.edu.pl\/myszka\/wp-json\/wp\/v2\/pages\/23294\/revisions\/23296"}],"up":[{"embeddable":true,"href":"https:\/\/kmim.wm.pwr.edu.pl\/myszka\/wp-json\/wp\/v2\/pages\/90"}],"wp:attachment":[{"href":"https:\/\/kmim.wm.pwr.edu.pl\/myszka\/wp-json\/wp\/v2\/media?parent=23294"}],"curies":[{"name":"wp","href":"https:\/\/api.w.org\/{rel}","templated":true}]}}