{"id":23336,"date":"2017-01-20T20:55:07","date_gmt":"2017-01-20T19:55:07","guid":{"rendered":"https:\/\/kmim.wm.pwr.edu.pl\/myszka\/?page_id=23336"},"modified":"2017-01-20T20:55:07","modified_gmt":"2017-01-20T19:55:07","slug":"04-srodowisko-fortran-na-lokalnym-komputerze","status":"publish","type":"page","link":"https:\/\/kmim.wm.pwr.edu.pl\/myszka\/projekty\/fortran-dla-uzytkownikow-mes\/04-srodowisko-fortran-na-lokalnym-komputerze\/","title":{"rendered":"04 \u015arodowisko Fortran na lokalnym komputerze"},"content":{"rendered":"<p>\nNa tym etapie mo\u017cna pokusi\u0107 si\u0119 o instalacj\u0119 \u015brodowiska Fortran na lokalnym komputerze, \u017ceby przygotowa\u0107 si\u0119 do uruchamiania przyk\u0142ad\u00f3w \ud83d\ude42<br \/>\nStosunkowo naj\u0142atwiej jest mie\u0107 Fortran na komputerze z linuksem: wystarczy zainstalowa\u0107 pakiet gfortran (<a href=\"https:\/\/gcc.gnu.org\/fortran\/\" title=\"GNU Fortran\" class=\"https\">GNU Fortran<\/a>). GNU Fortran dost\u0119pny jest r\u00f3wnie\u017c na komputerach z Windows, cho\u0107 instalacja wymaga nieco wi\u0119kszego wysi\u0142ku \u2014 trzeba instalowa\u0107 oprogramowanie <a href=\"http:\/\/mingw-w64.org\/doku.php\" title=\"Mingw-w64\" class=\"http\">Mingw-w64<\/a>.\n<\/p>\n<p>\nInnym popularnym kompilatorem jest Intel Fortran. Niestety ten kompilator <a href=\"https:\/\/software.intel.com\/en-us\/fortran-compilers\/try-buy\" title=\"trzeba kupi\u0107\" class=\"https\">trzeba kupi\u0107<\/a> (mo\u017cna zainstalowa\u0107 w celu przetestowania, na 30 dni, ale p\u00f3\u017aniej trzeba kupi\u0107). Ceny zaczynaj\u0105 si\u0119 od oko\u0142o 400$ (w zale\u017cno\u015bci od opcji i dodatkowych wymaga\u0144). Nie potrafi\u0119 teraz potwierdzi\u0107 pojawiaj\u0105cych si\u0119 informacji, \u017ce linuksowa wersja do u\u017cytku osobistego jest\/mo\u017ce by\u0107 za darmo. <br \/>\nDost\u0119pne jest por\u00f3wnanie <a href=\"http:\/\/www.fortran.uk\/fortran-compiler-comparisons\/\" title=\"obecnych na rynku kompilator\u00f3w\" class=\"http\">obecnych na rynku kompilator\u00f3w<\/a>.\n<\/p>\n<p>\nNajprostsze \u015brodowisko zintegrowane (pod linuksem, ale r\u00f3wnie\u017c i pod Windows) to geany. Instalacja pod Windows nie musi by\u0107 bardzo prosta.<\/p>\n","protected":false},"excerpt":{"rendered":"<p>Na tym etapie mo\u017cna pokusi\u0107 si\u0119 o instalacj\u0119 \u015brodowiska Fortran na lokalnym komputerze, \u017ceby przygotowa\u0107 si\u0119 do uruchamiania przyk\u0142ad\u00f3w \ud83d\ude42 Stosunkowo naj\u0142atwiej jest mie\u0107 Fortran na komputerze z linuksem: wystarczy zainstalowa\u0107 pakiet gfortran (GNU Fortran). GNU Fortran dost\u0119pny jest r\u00f3wnie\u017c na komputerach z Windows, cho\u0107 instalacja wymaga nieco wi\u0119kszego wysi\u0142ku \u2014 trzeba instalowa\u0107 oprogramowanie Mingw-w64. &hellip; <a href=\"https:\/\/kmim.wm.pwr.edu.pl\/myszka\/projekty\/fortran-dla-uzytkownikow-mes\/04-srodowisko-fortran-na-lokalnym-komputerze\/\" class=\"more-link\">Czytaj dalej <span class=\"screen-reader-text\">04 \u015arodowisko Fortran na lokalnym komputerze<\/span> <span class=\"meta-nav\">&rarr;<\/span><\/a><\/p>\n","protected":false},"author":1,"featured_media":0,"parent":23294,"menu_order":0,"comment_status":"closed","ping_status":"closed","template":"","meta":{"ngg_post_thumbnail":0,"footnotes":""},"class_list":["post-23336","page","type-page","status-publish","hentry"],"publishpress_future_action":{"enabled":false,"date":"2026-04-19 13:52:59","action":"change-status","newStatus":"draft","terms":[],"taxonomy":"language","extraData":[]},"publishpress_future_workflow_manual_trigger":{"enabledWorkflows":[]},"_links":{"self":[{"href":"https:\/\/kmim.wm.pwr.edu.pl\/myszka\/wp-json\/wp\/v2\/pages\/23336","targetHints":{"allow":["GET"]}}],"collection":[{"href":"https:\/\/kmim.wm.pwr.edu.pl\/myszka\/wp-json\/wp\/v2\/pages"}],"about":[{"href":"https:\/\/kmim.wm.pwr.edu.pl\/myszka\/wp-json\/wp\/v2\/types\/page"}],"author":[{"embeddable":true,"href":"https:\/\/kmim.wm.pwr.edu.pl\/myszka\/wp-json\/wp\/v2\/users\/1"}],"replies":[{"embeddable":true,"href":"https:\/\/kmim.wm.pwr.edu.pl\/myszka\/wp-json\/wp\/v2\/comments?post=23336"}],"version-history":[{"count":1,"href":"https:\/\/kmim.wm.pwr.edu.pl\/myszka\/wp-json\/wp\/v2\/pages\/23336\/revisions"}],"predecessor-version":[{"id":23337,"href":"https:\/\/kmim.wm.pwr.edu.pl\/myszka\/wp-json\/wp\/v2\/pages\/23336\/revisions\/23337"}],"up":[{"embeddable":true,"href":"https:\/\/kmim.wm.pwr.edu.pl\/myszka\/wp-json\/wp\/v2\/pages\/23294"}],"wp:attachment":[{"href":"https:\/\/kmim.wm.pwr.edu.pl\/myszka\/wp-json\/wp\/v2\/media?parent=23336"}],"curies":[{"name":"wp","href":"https:\/\/api.w.org\/{rel}","templated":true}]}}