{"id":23371,"date":"2017-01-31T10:12:48","date_gmt":"2017-01-31T09:12:48","guid":{"rendered":"https:\/\/kmim.wm.pwr.edu.pl\/myszka\/?page_id=23371"},"modified":"2017-01-31T10:12:48","modified_gmt":"2017-01-31T09:12:48","slug":"99-dygresje","status":"publish","type":"page","link":"https:\/\/kmim.wm.pwr.edu.pl\/myszka\/projekty\/fortran-dla-uzytkownikow-mes\/99-dygresje\/","title":{"rendered":"99 Dygresje"},"content":{"rendered":"<p>Tutaj b\u0119d\u0105 r\u00f3\u017cne informacje dodatkowe nie zwi\u0105zane bezpo\u015brednio z Fortranem, ale dotycz\u0105ce komputer\u00f3w, programowania, algorytm\u00f3w i innych rzeczy mog\u0105cych si\u0119 przyda\u0107.<\/p>\n<ul class=\"list-pages-shortcode child-pages\"><li class=\"page_item page-item-23373\"><a href=\"https:\/\/kmim.wm.pwr.edu.pl\/myszka\/projekty\/fortran-dla-uzytkownikow-mes\/99-dygresje\/ciekawostki\/\">Ciekawostki<\/a><\/li>\n<li class=\"page_item page-item-23375\"><a href=\"https:\/\/kmim.wm.pwr.edu.pl\/myszka\/projekty\/fortran-dla-uzytkownikow-mes\/99-dygresje\/programowanie\/\">Programowanie<\/a><\/li>\n<\/ul>\n","protected":false},"excerpt":{"rendered":"<p>Tutaj b\u0119d\u0105 r\u00f3\u017cne informacje dodatkowe nie zwi\u0105zane bezpo\u015brednio z Fortranem, ale dotycz\u0105ce komputer\u00f3w, programowania, algorytm\u00f3w i innych rzeczy mog\u0105cych si\u0119 przyda\u0107.<\/p>\n","protected":false},"author":1,"featured_media":0,"parent":23294,"menu_order":0,"comment_status":"closed","ping_status":"closed","template":"","meta":{"ngg_post_thumbnail":0,"footnotes":""},"class_list":["post-23371","page","type-page","status-publish","hentry"],"publishpress_future_action":{"enabled":false,"date":"2026-04-19 14:59:59","action":"change-status","newStatus":"draft","terms":[],"taxonomy":"language","extraData":[]},"publishpress_future_workflow_manual_trigger":{"enabledWorkflows":[]},"_links":{"self":[{"href":"https:\/\/kmim.wm.pwr.edu.pl\/myszka\/wp-json\/wp\/v2\/pages\/23371","targetHints":{"allow":["GET"]}}],"collection":[{"href":"https:\/\/kmim.wm.pwr.edu.pl\/myszka\/wp-json\/wp\/v2\/pages"}],"about":[{"href":"https:\/\/kmim.wm.pwr.edu.pl\/myszka\/wp-json\/wp\/v2\/types\/page"}],"author":[{"embeddable":true,"href":"https:\/\/kmim.wm.pwr.edu.pl\/myszka\/wp-json\/wp\/v2\/users\/1"}],"replies":[{"embeddable":true,"href":"https:\/\/kmim.wm.pwr.edu.pl\/myszka\/wp-json\/wp\/v2\/comments?post=23371"}],"version-history":[{"count":1,"href":"https:\/\/kmim.wm.pwr.edu.pl\/myszka\/wp-json\/wp\/v2\/pages\/23371\/revisions"}],"predecessor-version":[{"id":23372,"href":"https:\/\/kmim.wm.pwr.edu.pl\/myszka\/wp-json\/wp\/v2\/pages\/23371\/revisions\/23372"}],"up":[{"embeddable":true,"href":"https:\/\/kmim.wm.pwr.edu.pl\/myszka\/wp-json\/wp\/v2\/pages\/23294"}],"wp:attachment":[{"href":"https:\/\/kmim.wm.pwr.edu.pl\/myszka\/wp-json\/wp\/v2\/media?parent=23371"}],"curies":[{"name":"wp","href":"https:\/\/api.w.org\/{rel}","templated":true}]}}