{"id":24615,"date":"2019-02-19T08:32:37","date_gmt":"2019-02-19T07:32:37","guid":{"rendered":"http:\/\/kmim.wm.pwr.edu.pl\/myszka\/?page_id=24615"},"modified":"2019-02-22T11:39:31","modified_gmt":"2019-02-22T10:39:31","slug":"pyl-pm-25-dane-historyczne","status":"publish","type":"page","link":"https:\/\/kmim.wm.pwr.edu.pl\/myszka\/projekty\/pyl-pm-25-dane-historyczne\/","title":{"rendered":"Py\u0142 PM 2,5 \u2014 dane historyczne"},"content":{"rendered":"<p>Dane do poni\u017cszych prezentacji tworzone s\u0105 z wykorzystaniem bardzo interesuj\u0105cego narz\u0119dzia: pakietu <a href=\"https:\/\/oss.oetiker.ch\/rrdtool\/\">rrdtool<\/a> (Round Robin Database Tool). Pierwotnie wykorzystywane ono by\u0142o do monitorowania ruchu w sieciach czy na interfejsach router\u00f3w. Podczas takiego monitoringu nie ma wi\u0119kszego sensu przechowywanie wszystkich zebranych informacji (tym bardziej, \u017ce pojdencze urz\u0105dzenie sieciowe to czasmi kilkadziesi\u0105t monitorowanych port\u00f3w). Wa\u017cniejsze jest syntetyczne obrazowanie danych aktualnych (na przyk\u0142ad z jednej doby) oraz danych historycznych \u2014 agregowanych w r\u00f3\u017cnych okresach: godzina, dzie\u0144 tydzie\u0144 miesi\u0105c, rok\u2026<\/p>\n<p>Podobnie jest i w tym przypadku. Nie mam ambicji bada\u0107 zale\u017cno\u015bci ilo\u015bci py\u0142u od temperatury czy wiatru. Chodzi tylko o pokazanie jak dobrze (\u017ale) jest i czy si\u0119 to \u2014 w d\u0142u\u017cszych odcinkach czasu \u2014 zmienia.<\/p>\n<p>Standardowo oprogramowanie wylicza warto\u015bci \u015brednie oraz minimalne i maksymalne (w zadanym okresie).<\/p>\n<p>Poni\u017csze wykresy uaktualniane s\u0105 co godzin\u0119.<\/p>\n<ol start=\"\">\n<li>Dane zebrane bezpo\u015brednio (informacje z ostatnich 24 godzin) \u2014 ka\u017cda zmierzona warto\u015b\u0107 odwzorowana jest na wykresie.<br \/>\n<img decoding=\"async\" src=\"https:\/\/temisto.immt.pwr.wroc.pl\/~myszka\/powietrze\/pyl1d_.svg\" alt=\"\" referrerpolicy=\"no-referrer\"><\/li>\n<li>Dane agregowane w okresach sze\u015bciogodzinnych (wyliczane jest minimum, maksimum i warto\u015b\u0107 \u015brednia); dane z tygodnia.<br \/>\n<img decoding=\"async\" src=\"https:\/\/temisto.immt.pwr.wroc.pl\/~myszka\/powietrze\/pyl1w_.svg\" alt=\"\" referrerpolicy=\"no-referrer\"><\/li>\n<li>Dane agregowane w okresach dobowych \u2014 ostatni miesi\u0105c (31 dni).<br \/>\n<img decoding=\"async\" src=\"https:\/\/temisto.immt.pwr.wroc.pl\/~myszka\/powietrze\/pyl1m_.svg\" alt=\"\" referrerpolicy=\"no-referrer\"><\/li>\n<li>Ostatni rok: dane agregowane s\u0105 w cyklach tygodniowych.<br \/>\n<img decoding=\"async\" src=\"https:\/\/temisto.immt.pwr.wroc.pl\/~myszka\/powietrze\/pyl1y_.svg\" alt=\"\" referrerpolicy=\"no-referrer\"><\/li>\n<\/ol>\n<p>(Ilustracja tytu\u0142owa zaczerpni\u0119ta z: Jessica Marshall, PM 2.5 Proceedings of the National Academy of Sciences May 2013, 110 (22) 8756; DOI:<a href=\"http:\/\/dx.doi.org\/10.1073\/pnas.1307735110\">10.1073\/pnas.1307735110<\/a>)<\/p>\n","protected":false},"excerpt":{"rendered":"<p>Dane do poni\u017cszych prezentacji tworzone s\u0105 z wykorzystaniem bardzo interesuj\u0105cego narz\u0119dzia: pakietu rrdtool (Round Robin Database Tool). Pierwotnie wykorzystywane ono by\u0142o do monitorowania ruchu w sieciach czy na interfejsach router\u00f3w. Podczas takiego monitoringu nie ma wi\u0119kszego sensu przechowywanie wszystkich zebranych informacji (tym bardziej, \u017ce pojdencze urz\u0105dzenie sieciowe to czasmi kilkadziesi\u0105t monitorowanych port\u00f3w). Wa\u017cniejsze jest syntetyczne &hellip; <a href=\"https:\/\/kmim.wm.pwr.edu.pl\/myszka\/projekty\/pyl-pm-25-dane-historyczne\/\" class=\"more-link\">Czytaj dalej <span class=\"screen-reader-text\">Py\u0142 PM 2,5 \u2014 dane historyczne<\/span> <span class=\"meta-nav\">&rarr;<\/span><\/a><\/p>\n","protected":false},"author":1,"featured_media":24623,"parent":90,"menu_order":0,"comment_status":"closed","ping_status":"closed","template":"","meta":{"ngg_post_thumbnail":0,"footnotes":""},"class_list":["post-24615","page","type-page","status-publish","has-post-thumbnail","hentry"],"publishpress_future_action":{"enabled":false,"date":"2026-04-23 17:36:53","action":"change-status","newStatus":"draft","terms":[],"taxonomy":"language","extraData":[]},"publishpress_future_workflow_manual_trigger":{"enabledWorkflows":[]},"_links":{"self":[{"href":"https:\/\/kmim.wm.pwr.edu.pl\/myszka\/wp-json\/wp\/v2\/pages\/24615","targetHints":{"allow":["GET"]}}],"collection":[{"href":"https:\/\/kmim.wm.pwr.edu.pl\/myszka\/wp-json\/wp\/v2\/pages"}],"about":[{"href":"https:\/\/kmim.wm.pwr.edu.pl\/myszka\/wp-json\/wp\/v2\/types\/page"}],"author":[{"embeddable":true,"href":"https:\/\/kmim.wm.pwr.edu.pl\/myszka\/wp-json\/wp\/v2\/users\/1"}],"replies":[{"embeddable":true,"href":"https:\/\/kmim.wm.pwr.edu.pl\/myszka\/wp-json\/wp\/v2\/comments?post=24615"}],"version-history":[{"count":4,"href":"https:\/\/kmim.wm.pwr.edu.pl\/myszka\/wp-json\/wp\/v2\/pages\/24615\/revisions"}],"predecessor-version":[{"id":24622,"href":"https:\/\/kmim.wm.pwr.edu.pl\/myszka\/wp-json\/wp\/v2\/pages\/24615\/revisions\/24622"}],"up":[{"embeddable":true,"href":"https:\/\/kmim.wm.pwr.edu.pl\/myszka\/wp-json\/wp\/v2\/pages\/90"}],"wp:featuredmedia":[{"embeddable":true,"href":"https:\/\/kmim.wm.pwr.edu.pl\/myszka\/wp-json\/wp\/v2\/media\/24623"}],"wp:attachment":[{"href":"https:\/\/kmim.wm.pwr.edu.pl\/myszka\/wp-json\/wp\/v2\/media?parent=24615"}],"curies":[{"name":"wp","href":"https:\/\/api.w.org\/{rel}","templated":true}]}}