{"id":90,"date":"2014-05-26T10:08:03","date_gmt":"2014-05-26T08:08:03","guid":{"rendered":"http:\/\/kmim.wm.pwr.edu.pl\/myszka\/?page_id=90"},"modified":"2017-12-14T08:41:41","modified_gmt":"2017-12-14T07:41:41","slug":"projekty","status":"publish","type":"page","link":"https:\/\/kmim.wm.pwr.edu.pl\/myszka\/projekty\/","title":{"rendered":"Projekty"},"content":{"rendered":"<p>Na co dzie\u0144 korzystam z LaTeXa i u\u017cywam go praktycznie do wszystkiego. Poni\u017cej kilka, najwa\u017cniejszych, moich aktywno\u015bci:<\/p>\n<ol>\n<li>Na Google+ prowadz\u0119 \u201espo\u0142eczno\u015b\u0107\u201d&nbsp;<a title=\"LaTeX - kurs on-line\" href=\"https:\/\/plus.google.com\/communities\/112313265453833642635\" target=\"_blank\" rel=\"noopener\">LaTeX \u2014 Kurs On Line<\/a>. Dost\u0119pna dla wszystkich, \u017ceby aktywnie komentowa\u0107, trzeba korzysta\u0107 z Google+.<\/li>\n<li>Opracowa\u0142em szablon zgodny z wymaganiami Ksi\u0119gi Logotypu Politechniki Wroc\u0142awskiej do LaTeXowego pakietu beamer. <a title=\"Instalacja\" href=\"http:\/\/www.immt.pwr.wroc.pl\/~myszka\/TeX\/beamer\/beamer-logotypPwr-instalacja.html\" target=\"_blank\" rel=\"noopener\">Nieco informacji na jego temat<\/a>. (Cho\u0107, w tej chwili, pewne odsy\u0142acze mog\u0142y przesta\u0107 dzia\u0142a\u0107 \ud83d\ude41<\/li>\n<li>Opracowa\u0142em <a title=\"Szablon pracy dyplomowej W-10\" href=\"http:\/\/kmim.wm.pwr.edu.pl\/myszka\/projekty\/klasa-do-skladu-pracy-dyplomowej-magisterskiej-i-inzynierskiej-na-wydziale-mechanicznym-politechniki-wroclawskiej\/\">szablony<\/a> plac dyplomowych (magisterskiej i in\u017cynierskiej) zgodne z Ksi\u0119g\u0105 Logotypu (strona tytu\u0142owa) i z <a title=\"Zalecenia edytorskie\" href=\"http:\/\/wm.pwr.edu.pl\/studenci\/dyplomanci\/dokumenty-dodatkowe\" target=\"_blank\" rel=\"noopener\">wymaganiami<\/a> obowi\u0105zuj\u0105cymi na Wydziale Mechanicznym Politechniki Wroc\u0142awskiej.<\/li>\n<\/ol>\n<p>Pe\u0142na lista jest poni\u017cej:<\/p>\n<ul class=\"list-pages-shortcode child-pages\"><li class=\"page_item page-item-23294 page_item_has_children\"><a href=\"https:\/\/kmim.wm.pwr.edu.pl\/myszka\/projekty\/fortran-dla-uzytkownikow-mes\/\">Fortran dla u\u017cytkownik\u00f3w MES<\/a><\/li>\n<li class=\"page_item page-item-1161 page_item_has_children\"><a href=\"https:\/\/kmim.wm.pwr.edu.pl\/myszka\/projekty\/klasa-do-skladu-pracy-dyplomowej-magisterskiej-i-inzynierskiej-na-wydziale-mechanicznym-politechniki-wroclawskiej\/\">Klasa do sk\u0142adu pracy dyplomowej (magisterskiej i in\u017cynierskiej) na Wydziale Mechanicznym Politechniki Wroc\u0142awskiej<\/a><\/li>\n<li class=\"page_item page-item-24615\"><a href=\"https:\/\/kmim.wm.pwr.edu.pl\/myszka\/projekty\/pyl-pm-25-dane-historyczne\/\">Py\u0142 PM 2,5 \u2014 dane historyczne<\/a><\/li>\n<li class=\"page_item page-item-1604 page_item_has_children\"><a href=\"https:\/\/kmim.wm.pwr.edu.pl\/myszka\/projekty\/rozne-dodatki-do-latexa\/\">R\u00f3\u017cne dodatki do LaTeXa<\/a><\/li>\n<li class=\"page_item page-item-23900 page_item_has_children\"><a href=\"https:\/\/kmim.wm.pwr.edu.pl\/myszka\/projekty\/szablon-prezentacji-zgodny-z-ksiega-logotypu-politechniki-wroclawskiej\/\">Szablon prezentacji zgodny z Ksi\u0119g\u0105 Logotypu Politechniki Wroc\u0142awskiej<\/a><\/li>\n<li class=\"page_item page-item-22607\"><a href=\"https:\/\/kmim.wm.pwr.edu.pl\/myszka\/projekty\/wlaczanie-grafik-do-tekstow-w-latex2%ce%b5\/\">W\u0142\u0105czanie grafik do tekst\u00f3w w L<sup>A<\/sup>T<sub>E<\/sub>X2\u03b5<\/a><\/li>\n<\/ul>\n","protected":false},"excerpt":{"rendered":"<p>Na co dzie\u0144 korzystam z LaTeXa i u\u017cywam go praktycznie do wszystkiego. Poni\u017cej kilka, najwa\u017cniejszych, moich aktywno\u015bci: Na Google+ prowadz\u0119 \u201espo\u0142eczno\u015b\u0107\u201d&nbsp;LaTeX \u2014 Kurs On Line. Dost\u0119pna dla wszystkich, \u017ceby aktywnie komentowa\u0107, trzeba korzysta\u0107 z Google+. Opracowa\u0142em szablon zgodny z wymaganiami Ksi\u0119gi Logotypu Politechniki Wroc\u0142awskiej do LaTeXowego pakietu beamer. Nieco informacji na jego temat. (Cho\u0107, w &hellip; <a href=\"https:\/\/kmim.wm.pwr.edu.pl\/myszka\/projekty\/\" class=\"more-link\">Czytaj dalej <span class=\"screen-reader-text\">Projekty<\/span> <span class=\"meta-nav\">&rarr;<\/span><\/a><\/p>\n","protected":false},"author":1,"featured_media":0,"parent":0,"menu_order":0,"comment_status":"closed","ping_status":"open","template":"","meta":{"ngg_post_thumbnail":0,"footnotes":""},"class_list":["post-90","page","type-page","status-publish","hentry"],"publishpress_future_action":{"enabled":false,"date":"2026-04-19 13:42:45","action":"change-status","newStatus":"draft","terms":[],"taxonomy":"language","extraData":[]},"publishpress_future_workflow_manual_trigger":{"enabledWorkflows":[]},"_links":{"self":[{"href":"https:\/\/kmim.wm.pwr.edu.pl\/myszka\/wp-json\/wp\/v2\/pages\/90","targetHints":{"allow":["GET"]}}],"collection":[{"href":"https:\/\/kmim.wm.pwr.edu.pl\/myszka\/wp-json\/wp\/v2\/pages"}],"about":[{"href":"https:\/\/kmim.wm.pwr.edu.pl\/myszka\/wp-json\/wp\/v2\/types\/page"}],"author":[{"embeddable":true,"href":"https:\/\/kmim.wm.pwr.edu.pl\/myszka\/wp-json\/wp\/v2\/users\/1"}],"replies":[{"embeddable":true,"href":"https:\/\/kmim.wm.pwr.edu.pl\/myszka\/wp-json\/wp\/v2\/comments?post=90"}],"version-history":[{"count":9,"href":"https:\/\/kmim.wm.pwr.edu.pl\/myszka\/wp-json\/wp\/v2\/pages\/90\/revisions"}],"predecessor-version":[{"id":23894,"href":"https:\/\/kmim.wm.pwr.edu.pl\/myszka\/wp-json\/wp\/v2\/pages\/90\/revisions\/23894"}],"wp:attachment":[{"href":"https:\/\/kmim.wm.pwr.edu.pl\/myszka\/wp-json\/wp\/v2\/media?parent=90"}],"curies":[{"name":"wp","href":"https:\/\/api.w.org\/{rel}","templated":true}]}}