{"id":1208,"date":"2015-02-03T14:15:03","date_gmt":"2015-02-03T13:15:03","guid":{"rendered":"http:\/\/kmim.wm.pwr.edu.pl\/grabowska\/?page_id=1208"},"modified":"2023-11-30T13:14:39","modified_gmt":"2023-11-30T12:14:39","slug":"technologie-informacyjne-laboratorium","status":"publish","type":"page","link":"https:\/\/kmim.wm.pwr.edu.pl\/niemczyk\/dydaktyka\/technologie-informacyjne-laboratorium\/","title":{"rendered":"TECHNOLOGIE INFORMACYJNE &#8211; laboratorium"},"content":{"rendered":"<p><span style=\"text-decoration: underline\">Materia\u0142y dla student\u00f3w:<\/span><\/p>\n<ul>\n<li>Arkusz kalkulacyjny &#8211; <a href=\"https:\/\/docs.google.com\/spreadsheets\/d\/10K3yZmh1d_4BWZFIP3ggnzgG3g86WE0N\/edit?usp=drive_link&amp;ouid=108390547408176826470&amp;rtpof=true&amp;sd=true\">podstawy<\/a><\/li>\n<li>Arkusz kalkulacyjny &#8211; <a href=\"https:\/\/docs.google.com\/spreadsheets\/d\/1XM1rHGvo3YghHdnRNTZhSbzGe_zIW8yo\/edit?usp=drive_link&amp;ouid=108390547408176826470&amp;rtpof=true&amp;sd=true\">rozszerzenie<\/a><\/li>\n<li>Bibliografia <a href=\"http:\/\/kmim.wm.pwr.edu.pl\/niemczyk\/wp-content\/uploads\/sites\/54\/2018\/11\/bibligrafia-instrukcja.docx\">bibliografia-instrukcja<\/a><\/li>\n<li>&nbsp;Instrukcja do Pythona (kierunek Mechatronika)<\/li>\n<li><a href=\"https:\/\/kmim.wm.pwr.edu.pl\/niemczyk\/dydaktyka\/technologie-informacyjne-laboratorium\/prezentacja\/\">Wymagania do prezentacji (kierunek: Zarz\u0105dzanie i&nbsp; In\u017cynieria Produkcji<\/a><\/li>\n<li><a href=\"https:\/\/blockly.games\/maze\">Programowanie<\/a><\/li>\n<\/ul>\n<p><u>Logowanie do&nbsp;e-portalu (modu\u0142y)<\/u><\/p>\n<ul>\n<li>https:\/\/eportal.pwr.edu.pl\/\/<\/li>\n<li>logowanie jak do&nbsp;systemu jsos\/edukcja cl (ten sam login, to&nbsp;samo has\u0142o)<\/li>\n<li>zak\u0142adka <em>Kursy -&gt;<\/em>&nbsp;<em>Wydzia\u0142owe -&gt;<\/em>&nbsp;<em>Wydzia\u0142 Mechaniczny -&gt;<\/em><em> Technologie Informacyjne<\/em><\/li>\n<\/ul>\n<p><strong>&nbsp;<\/strong>Klucz dost\u0119pu do&nbsp;kursu \u2013&nbsp; <strong>KOD GRUPY ZAJ\u0118CIOWEJ<\/strong><\/p>\n<p>&nbsp;<\/p>\n<p>&nbsp;<\/p>\n<p>&nbsp;<\/p>\n","protected":false},"excerpt":{"rendered":"<p>Materia\u0142y dla student\u00f3w: Arkusz kalkulacyjny &#8211; podstawy Arkusz kalkulacyjny &#8211; rozszerzenie Bibliografia bibliografia-instrukcja &nbsp;Instrukcja do Pythona (kierunek Mechatronika) Wymagania do prezentacji (kierunek: Zarz\u0105dzanie i&nbsp; In\u017cynieria Produkcji Programowanie Logowanie do&nbsp;e-portalu (modu\u0142y) https:\/\/eportal.pwr.edu.pl\/\/ logowanie jak do&nbsp;systemu jsos\/edukcja cl (ten sam login, to&nbsp;samo has\u0142o) zak\u0142adka Kursy -&gt;&nbsp;Wydzia\u0142owe -&gt;&nbsp;Wydzia\u0142 Mechaniczny -&gt; Technologie Informacyjne &nbsp;Klucz dost\u0119pu do&nbsp;kursu \u2013&nbsp; KOD GRUPY &hellip; <a href=\"https:\/\/kmim.wm.pwr.edu.pl\/niemczyk\/dydaktyka\/technologie-informacyjne-laboratorium\/\" class=\"more-link\">Czytaj dalej <span class=\"screen-reader-text\">TECHNOLOGIE INFORMACYJNE &#8211; laboratorium<\/span> <span class=\"meta-nav\">&rarr;<\/span><\/a><\/p>\n","protected":false},"author":50,"featured_media":0,"parent":1019,"menu_order":0,"comment_status":"closed","ping_status":"open","template":"","meta":{"ngg_post_thumbnail":0,"footnotes":""},"class_list":["post-1208","page","type-page","status-publish","hentry"],"publishpress_future_action":{"enabled":false,"date":"2026-04-23 12:09:17","action":"change-status","newStatus":"draft","terms":[],"taxonomy":"language","extraData":[]},"publishpress_future_workflow_manual_trigger":{"enabledWorkflows":[]},"_links":{"self":[{"href":"https:\/\/kmim.wm.pwr.edu.pl\/niemczyk\/wp-json\/wp\/v2\/pages\/1208","targetHints":{"allow":["GET"]}}],"collection":[{"href":"https:\/\/kmim.wm.pwr.edu.pl\/niemczyk\/wp-json\/wp\/v2\/pages"}],"about":[{"href":"https:\/\/kmim.wm.pwr.edu.pl\/niemczyk\/wp-json\/wp\/v2\/types\/page"}],"author":[{"embeddable":true,"href":"https:\/\/kmim.wm.pwr.edu.pl\/niemczyk\/wp-json\/wp\/v2\/users\/50"}],"replies":[{"embeddable":true,"href":"https:\/\/kmim.wm.pwr.edu.pl\/niemczyk\/wp-json\/wp\/v2\/comments?post=1208"}],"version-history":[{"count":28,"href":"https:\/\/kmim.wm.pwr.edu.pl\/niemczyk\/wp-json\/wp\/v2\/pages\/1208\/revisions"}],"predecessor-version":[{"id":5320,"href":"https:\/\/kmim.wm.pwr.edu.pl\/niemczyk\/wp-json\/wp\/v2\/pages\/1208\/revisions\/5320"}],"up":[{"embeddable":true,"href":"https:\/\/kmim.wm.pwr.edu.pl\/niemczyk\/wp-json\/wp\/v2\/pages\/1019"}],"wp:attachment":[{"href":"https:\/\/kmim.wm.pwr.edu.pl\/niemczyk\/wp-json\/wp\/v2\/media?parent=1208"}],"curies":[{"name":"wp","href":"https:\/\/api.w.org\/{rel}","templated":true}]}}