{"id":1223,"date":"2015-02-03T14:16:44","date_gmt":"2015-02-03T13:16:44","guid":{"rendered":"http:\/\/kmim.wm.pwr.edu.pl\/grabowska\/?page_id=1223"},"modified":"2019-01-20T09:31:59","modified_gmt":"2019-01-20T08:31:59","slug":"prezentacja","status":"publish","type":"page","link":"https:\/\/kmim.wm.pwr.edu.pl\/niemczyk\/dydaktyka\/technologie-informacyjne-laboratorium\/prezentacja\/","title":{"rendered":"Prezentacja"},"content":{"rendered":"<p><span style=\"text-decoration: underline\">Wymagania do prezentacji (dla kierunku ZIP) znajduj\u0105 si\u0119 w pliku poni\u017cej:<\/span><\/p>\n<p style=\"text-align: center\"><a href=\"http:\/\/kmim.wm.pwr.edu.pl\/grabowska\/wp-content\/uploads\/sites\/54\/2014\/10\/Wymagania-do-prezentacji.pdf\">Wymagania do prezentacji<\/a><\/p>\n<p>&nbsp;<\/p>\n","protected":false},"excerpt":{"rendered":"<p>Wymagania do prezentacji (dla kierunku ZIP) znajduj\u0105 si\u0119 w pliku poni\u017cej: Wymagania do prezentacji &nbsp;<\/p>\n","protected":false},"author":50,"featured_media":0,"parent":1208,"menu_order":0,"comment_status":"closed","ping_status":"closed","template":"","meta":{"ngg_post_thumbnail":0,"footnotes":""},"class_list":["post-1223","page","type-page","status-publish","hentry"],"publishpress_future_action":{"enabled":false,"date":"2026-04-23 15:29:05","action":"change-status","newStatus":"draft","terms":[],"taxonomy":"language","extraData":[]},"publishpress_future_workflow_manual_trigger":{"enabledWorkflows":[]},"_links":{"self":[{"href":"https:\/\/kmim.wm.pwr.edu.pl\/niemczyk\/wp-json\/wp\/v2\/pages\/1223","targetHints":{"allow":["GET"]}}],"collection":[{"href":"https:\/\/kmim.wm.pwr.edu.pl\/niemczyk\/wp-json\/wp\/v2\/pages"}],"about":[{"href":"https:\/\/kmim.wm.pwr.edu.pl\/niemczyk\/wp-json\/wp\/v2\/types\/page"}],"author":[{"embeddable":true,"href":"https:\/\/kmim.wm.pwr.edu.pl\/niemczyk\/wp-json\/wp\/v2\/users\/50"}],"replies":[{"embeddable":true,"href":"https:\/\/kmim.wm.pwr.edu.pl\/niemczyk\/wp-json\/wp\/v2\/comments?post=1223"}],"version-history":[{"count":1,"href":"https:\/\/kmim.wm.pwr.edu.pl\/niemczyk\/wp-json\/wp\/v2\/pages\/1223\/revisions"}],"predecessor-version":[{"id":1224,"href":"https:\/\/kmim.wm.pwr.edu.pl\/niemczyk\/wp-json\/wp\/v2\/pages\/1223\/revisions\/1224"}],"up":[{"embeddable":true,"href":"https:\/\/kmim.wm.pwr.edu.pl\/niemczyk\/wp-json\/wp\/v2\/pages\/1208"}],"wp:attachment":[{"href":"https:\/\/kmim.wm.pwr.edu.pl\/niemczyk\/wp-json\/wp\/v2\/media?parent=1223"}],"curies":[{"name":"wp","href":"https:\/\/api.w.org\/{rel}","templated":true}]}}