{"id":2100,"date":"2019-02-26T18:17:03","date_gmt":"2019-02-26T17:17:03","guid":{"rendered":"http:\/\/kmim.wm.pwr.edu.pl\/niemczyk\/?page_id=2100"},"modified":"2019-03-13T19:55:14","modified_gmt":"2019-03-13T18:55:14","slug":"technologie-informacyjne-projekt","status":"publish","type":"page","link":"https:\/\/kmim.wm.pwr.edu.pl\/niemczyk\/dydaktyka\/technologie-informacyjne-projekt\/","title":{"rendered":"Technologie informacyjne &#8211; projekt"},"content":{"rendered":"\n<p><a href=\"https:\/\/kmim.wm.pwr.edu.pl\/niemczyk\/?page_id=2110\">Wymagania do pliku &#8222;tekstowego&#8221;<\/a><\/p>\n\n\n<p><!-- [if gte mso 9]&gt;--><\/p>\n<p><!-- [if gte mso 9]&gt;--><\/p>\n<p><span style=\"text-decoration: underline\"><span style=\"font-size: 14.0pt\">Informacje do zaj\u0119\u0107:<\/span><\/span><\/p>\n<p class=\"MsoNormal\" style=\"text-align: justify\"><span style=\"font-size: 14.0pt\">Na pierwszych zaj\u0119ciach student wybiera sobie tez\u0119,<br>kt\u00f3r\u0105 b\u0119dzie musia\u0142 udowodni\u0107 na podstawie zaprezentowanych danych, podczas trwania kursu. Tez\u0119 wybieracie Pa\u0144stwo ze strony:<br><\/span><span style=\"font-size: 14.0pt\"><br><span class=\"MsoHyperlink\"><a href=\"http:\/\/www.oecd.org\/education\/educationataglanceindicatorsrawdata.htm\">http:\/\/www.oecd.org\/education\/educationataglanceindicatorsrawdata.htm<\/a><\/span><br>(prosz\u0119 j\u0105 przet\u0142umaczy\u0107 na j\u0119zyk polski, gdy\u017c praca ma by\u0107 w j\u0119zyku polskim)<\/span><\/p>\n<p class=\"MsoNormal\" style=\"text-align: justify\"><span style=\"font-size: 14.0pt\">Ka\u017cdy student z grupy ma mie\u0107 inn\u0105 tez\u0119.<\/span><span style=\"font-size: 14.0pt\">&nbsp;<\/span><\/p>\n<p class=\"MsoNormal\" style=\"text-align: justify\"><span style=\"font-size: 14.0pt\">Zaliczenie z projektu jest otrzymywane na podstawie<br>trzech ocen cz\u0105stkowych z pracy na zaj\u0119ciach.<\/span><span style=\"font-size: 14.0pt\">&nbsp;<\/span><\/p>\n<p class=\"MsoNormal\" style=\"text-align: justify\"><span style=\"font-size: 14.0pt\">Pierwsza ocena b\u0119dzie z cz\u0119\u015bci stworzonej w narz\u0119dziu<br><i>Writer<\/i> dostarczonego w ramach pakietu<br><i>Libre Office.<\/i><\/span><\/p>\n<p class=\"MsoNormal\" style=\"text-align: justify\"><span style=\"font-size: 14.0pt\">Tekst ma by\u0107 odpowiednio sformatowany, zgodnie z<br>wymaganiami prowadz\u0105cego. Ma posiada\u0107 rysunki, tabele, spisy, bibliografi\u0119 itd.<\/span><\/p>\n<p class=\"MsoNormal\" style=\"text-align: justify\"><span style=\"font-size: 14.0pt\">Druga ocena b\u0119dzie wystawiona w ramach cz\u0119\u015bci<br>stworzonej w narz\u0119dziu <i>Calc<\/i>, w kt\u00f3rym zostan\u0105 stworzone odpowiednie tabele, diagramy, wykresy itd.<\/span><\/p>\n<p class=\"MsoNormal\" style=\"text-align: justify\"><span style=\"font-size: 14.0pt\">Natomiast ostatnia ocena b\u0119dzie na podstawie prezentacji stworzonej w narz\u0119dziu Impress. Na kt\u00f3rej przedstawiamy przeprowadzon\u0105 przez nas prac\u0119 podczas semestru z udowodnieniem tezy postawionej na pierwszych zaj\u0119ciach.<\/span><span style=\"font-size: 14.0pt\">&nbsp;<\/span><\/p>\n<p class=\"MsoNormal\" style=\"text-align: justify\"><span style=\"font-size: 14.0pt\">Ocena ko\u0144cowa jest \u015bredni\u0105 arytmetyczn\u0105 z trzech ocen. Jednak\u017ce ka\u017cda z ocen cz\u0105stkowych musi by\u0107 <i>pozytywna<\/i>, aby kurs m\u00f3g\u0142 zosta\u0107 zaliczony.<\/span><\/p>\n<p class=\"MsoNormal\" style=\"text-align: justify\"><span style=\"font-size: 14.0pt\">W przypadku niezadowalaj\u0105cego zdyscyplinowania podczas zaj\u0119\u0107, mog\u0105 pojawi\u0107 si\u0119 kartk\u00f3wki sprawdzaj\u0105ce znajomo\u015b\u0107 pakietu <i>LibreOffice<\/i>, z kt\u00f3rych ocena r\u00f3wnie\u017c<br>b\u0119dzie w\u0142\u0105czana do \u015bredniej.<\/span><\/p>\n<p><span style=\"font-size: 14.0pt;font-family: 'Calibri',sans-serif\">Mo\u017cliwa jest jedna nieobecno\u015b\u0107. Ka\u017cd\u0105 kolejn\u0105 nale\u017cy odrobi\u0107 na dowolnej grupie. <\/span><\/p>\n<p><!-- \/wp:post-content --> <!-- wp:paragraph --><\/p>\n<p><span style=\"font-size: 14.0pt;font-family: 'Calibri',sans-serif\">Prac\u0119 z zaj\u0119\u0107 mo\u017cna doko\u0144czy\u0107 w domu. Jednak b\u0119dzie podany dok\u0142adny termin ostateczny oddania ka\u017cdej cz\u0119\u015bci pracy.<\/span><\/p>\n<p><a href=\"https:\/\/kmim.wm.pwr.edu.pl\/myszka\/dydaktyka\/technologie-informacyjne\/zip-zpm032003\/projekt\/\">Odno\u015bnik do strony Doktora Myszki.<\/a><\/p>\n<p>&nbsp;<\/p>\n<p>&nbsp;<\/p>\n<p><!-- \/wp:paragraph --><\/p>\n<p class=\"MsoNormal\" style=\"text-align: justify\"><span style=\"font-size: 14.0pt\">&nbsp;<\/span><\/p>\n<p><!--EndFragment--><\/p>\n<p>&nbsp;<\/p>","protected":false},"excerpt":{"rendered":"<p>Wymagania do pliku &#8222;tekstowego&#8221; Informacje do zaj\u0119\u0107: Na pierwszych zaj\u0119ciach student wybiera sobie tez\u0119,kt\u00f3r\u0105 b\u0119dzie musia\u0142 udowodni\u0107 na podstawie zaprezentowanych danych, podczas trwania kursu. Tez\u0119 wybieracie Pa\u0144stwo ze strony:http:\/\/www.oecd.org\/education\/educationataglanceindicatorsrawdata.htm(prosz\u0119 j\u0105 przet\u0142umaczy\u0107 na j\u0119zyk polski, gdy\u017c praca ma by\u0107 w j\u0119zyku polskim) Ka\u017cdy student z grupy ma mie\u0107 inn\u0105 tez\u0119.&nbsp; Zaliczenie z projektu jest otrzymywane na &hellip; <a href=\"https:\/\/kmim.wm.pwr.edu.pl\/niemczyk\/dydaktyka\/technologie-informacyjne-projekt\/\" class=\"more-link\">Czytaj dalej <span class=\"screen-reader-text\">Technologie informacyjne &#8211; projekt<\/span> <span class=\"meta-nav\">&rarr;<\/span><\/a><\/p>\n","protected":false},"author":50,"featured_media":0,"parent":1019,"menu_order":0,"comment_status":"closed","ping_status":"closed","template":"","meta":{"ngg_post_thumbnail":0,"footnotes":""},"class_list":["post-2100","page","type-page","status-publish","hentry"],"publishpress_future_action":{"enabled":false,"date":"2026-04-25 16:38:20","action":"change-status","newStatus":"draft","terms":[],"taxonomy":"language","extraData":[]},"publishpress_future_workflow_manual_trigger":{"enabledWorkflows":[]},"_links":{"self":[{"href":"https:\/\/kmim.wm.pwr.edu.pl\/niemczyk\/wp-json\/wp\/v2\/pages\/2100","targetHints":{"allow":["GET"]}}],"collection":[{"href":"https:\/\/kmim.wm.pwr.edu.pl\/niemczyk\/wp-json\/wp\/v2\/pages"}],"about":[{"href":"https:\/\/kmim.wm.pwr.edu.pl\/niemczyk\/wp-json\/wp\/v2\/types\/page"}],"author":[{"embeddable":true,"href":"https:\/\/kmim.wm.pwr.edu.pl\/niemczyk\/wp-json\/wp\/v2\/users\/50"}],"replies":[{"embeddable":true,"href":"https:\/\/kmim.wm.pwr.edu.pl\/niemczyk\/wp-json\/wp\/v2\/comments?post=2100"}],"version-history":[{"count":10,"href":"https:\/\/kmim.wm.pwr.edu.pl\/niemczyk\/wp-json\/wp\/v2\/pages\/2100\/revisions"}],"predecessor-version":[{"id":2117,"href":"https:\/\/kmim.wm.pwr.edu.pl\/niemczyk\/wp-json\/wp\/v2\/pages\/2100\/revisions\/2117"}],"up":[{"embeddable":true,"href":"https:\/\/kmim.wm.pwr.edu.pl\/niemczyk\/wp-json\/wp\/v2\/pages\/1019"}],"wp:attachment":[{"href":"https:\/\/kmim.wm.pwr.edu.pl\/niemczyk\/wp-json\/wp\/v2\/media?parent=2100"}],"curies":[{"name":"wp","href":"https:\/\/api.w.org\/{rel}","templated":true}]}}