{"id":2110,"date":"2019-03-13T19:50:30","date_gmt":"2019-03-13T18:50:30","guid":{"rendered":"http:\/\/kmim.wm.pwr.edu.pl\/niemczyk\/?page_id=2110"},"modified":"2019-03-13T19:50:30","modified_gmt":"2019-03-13T18:50:30","slug":"wymagania-do-pracy-tekstowej","status":"publish","type":"page","link":"https:\/\/kmim.wm.pwr.edu.pl\/niemczyk\/dydaktyka\/technologie-informacyjne-projekt\/wymagania-do-pracy-tekstowej\/","title":{"rendered":"Wymagania do pracy tekstowej"},"content":{"rendered":"\n<p>1. Podpis w nag\u0142\u00f3wku (wstaw \u2013 g\u0142\u00f3wka)<\/p>\n\n\n\n<ul class=\"wp-block-list\"><li>\nimi\u0119,\n\tnazwisko oraz numer indeksu;\n\t<\/li><li>\nwyr\u00f3wnany do\n\tprawej strony;\n\t<\/li><li>\nczcionka\n\tdowolna, cho\u0107 powinna by\u0107 wi\u0119ksza ni\u017c <em>Tre\u015b\u0107 tekstu,<\/em>\n\toraz mniejsza od <em>Tytu\u0142.<\/em>\n<\/li><\/ul>\n\n\n\n<p>2.\nUstali\u0107 marginesy dla ca\u0142ej pracy (Format \u2013 Strona \u2013 Strona (we\nwst\u0105\u017cce) \u2013 Marginesy).<\/p>\n\n\n\n<p>3.\nPraca powinna by\u0107 wyposa\u017cona w automatyczne formatowanie (Style \u2013\nStyle i formatowanie lub skr\u00f3t F11).<\/p>\n\n\n\n<p>4.\nCa\u0142a <em>Tre\u015b\u0107 tekstu <\/em>powinna by\u0107 wyjustowana (wyr\u00f3wnany do\nlewej i prawej), oraz powinna mie\u0107 zastosowane wci\u0119cie dla\npierwszego wiersza (Tre\u015b\u0107 tekstu \u2013 Modyfikuj \u2013 Wci\u0119cia i\nodst\u0119py (we wst\u0105\u017cce)).<\/p>\n\n\n\n<p>5.\nW stopce na \u015brodku strony powinny znajdowa\u0107 si\u0119 numery stron.<\/p>\n\n\n\n<p>6.\nWstawianie ilustracji. Rysunek\/ilustracja w\u0142a\u015bciwo\u015bci po\nklikni\u0119ciu prawym klawiszem myszy:<\/p>\n\n\n\n<ul class=\"wp-block-list\"><li>\n\n\tKotwica \u2013 do znaku,\n\t<\/li><li>\n\n\tOp\u0142ywanie &#8211;  bez op\u0142ywania,\n\t<\/li><li>\n\n\tWyr\u00f3wnanie \u2013 najlepiej centralnie.\n<\/li><\/ul>\n\n\n\n<p>Gdy\nju\u017c wszystko jest ustawione nale\u017cy prawym klawiszem myszy klikn\u0105\u0107\nna obrazek, wybra\u0107 z listy Format obrazu, nast\u0119pnie ze wst\u0105\u017cki\nOpcje \u2013 Chro\u0144 i zaznaczy\u0107: zawarto\u015b\u0107, pozycj\u0119, rozmiar.<\/p>\n\n\n\n<p>7. Tabela z\nLibreOffice Calc powinna by\u0107 wklejona specjalnie do pliku tekstowego\njako \u0142\u0105cze DDE lub HTML. Dzi\u0119ki czemu mo\u017cliwy b\u0119dzie podzia\u0142\njej mi\u0119dzy stornami (W\u0142a\u015bciwo\u015bci tabeli \u2013 Przep\u0142yw tekstu \u2013\nZezw\u00f3l na podzielenie tabeli oraz Powt\u00f3rz nag\u0142\u00f3wek) oraz\nustalenie stylu <em>Nag\u0142\u00f3wek tabeli<\/em>\ndla pierwszego jej wiersza (Style i formatowanie). Dodatkowo\ntabela powinna zawiera\u0107 estetyczne obramowanie.<\/p>\n\n\n\n<p>8.\nDo tabel i rysunk\u00f3w nale\u017cy si\u0119 odwo\u0142a\u0107 w tek\u015bcie wykorzystuj\u0105c\nfunkcj\u0119 za to odpowiedzialn\u0105 (Wstaw \u2013 Odsy\u0142acz \u2013 Odsy\u0142acze\n(we wst\u0105\u017cce) \u2013 w polu Typ wybra\u0107 Ilustracja\/Rysunek\/Tabela \u2013 w\npolu wstaw odsy\u0142acz do wybra\u0107 Kategoria i numer &#8211; Wstaw).<\/p>\n\n\n\n<p>8.Wstawi\u0107\npodpisy pod rysunkami i tabelami (prawym klawiszem klikamy na obiekt\n\u2013 wstaw podpis \u2013 Kategoria (odpowiadaj\u0105ca obiektowi).<\/p>\n\n\n\n<p>9.\nW przypadku wstawiania wzor\u00f3w prosz\u0119 wykorzysta\u0107 narz\u0119dzie do\ntego s\u0142u\u017c\u0105ce (Wstaw \u2013 Obiekt \u2013 Formu\u0142a). Wz\u00f3r powinien\nposiada\u0107 numeracj\u0119. W celu wstawienia wzoru nale\u017cy w nowej linii\nnapisa\u0107 \u201efn\u201d, a nast\u0119pnie nacisn\u0105\u0107 klawisz F3. Do wzor\u00f3w\nnale\u017cy si\u0119 odwo\u0142a\u0107 Wstaw \u2013 Odsy\u0142acz \u2013 Odsy\u0142acze (we\nwst\u0105\u017cce) \u2013 w polu Typ wybra\u0107 Tekst\n\u2013 w polu wstaw odsy\u0142acz do\nwybra\u0107 Odwo\u0142anie \u2013 Wstaw)<\/p>\n\n\n\n<p>10.\nWstaw bibliografi\u0119 za pomoc\u0105 <em>Zotero <\/em>na\nko\u0144cu dokumentu:<\/p>\n\n\n\n<ul class=\"wp-block-list\"><li>\n\n\tInstrukcja na stornie Doktora Myszki <a href=\"http:\/\/www.kmim.wm.pwr.edu.pl\/myszka\">www.kmim.wm.pwr.edu.pl\/myszka<\/a>\n<\/li><\/ul>\n\n\n\n<p>W\ntek\u015bcie powinny znajdowa\u0107 si\u0119 odwo\u0142ania do tekstu cytowanego\n(tekst w cytacie \u201e\u201d)! oraz do tekstu w\u0142asnego je\u015bli jest na\npodstawie materia\u0142\u00f3w cudzych (w\u00f3wczas nie stosujemy cudzys\u0142owu.<\/p>\n\n\n\n<p>11.\nNa ko\u0144cu pracy pod bibliografi\u0105 powinien znajdowa\u0107 si\u0119 spis tabel\noraz spis rysunk\u00f3w (Wstaw \u2013 Spis tre\u015bci i indeks \u2013 Spis tre\u015bci,\nindeks lub bibliografia \u2013 Ustawi\u0107 odpowiedni Tytu\u0142 oraz wybra\u0107\nTyp z listy).<\/p>\n\n\n\n<p>12.W\u0142\u0105cz\nznaki niedrukowalne (Wybierz: Widok \u2013 Znaki niedrukowalne lub\nCtrl+F10):<\/p>\n\n\n\n<ul class=\"wp-block-list\"><li>\n\n\tWprowad\u017a <em>Twarde Spacje <\/em>za jednoliterowymi wisz\u0105cymi \n\tsp\u00f3jnikami, takimi jak: a, z, i itd. Ma to zapobiec takiej\n\tsytuacji, \u017ce na ko\u0144cu linii b\u0119dzie sta\u0142a \u201esamotna\u201d litera.\n\t<\/li><li>\n\n\tSprawd\u017a r\u00f3wnie\u017c czy w tek\u015bcie nie ma konieczno\u015bci u\u017cycia\n\t<em>twardej spacji, <\/em>kiedy nie chcemy, aby komputer rozdziela\u0142\n\tdwa wyrazy przy \u0142amaniu wiersza np. Imi\u0119 Nazwisko.\n\t<\/li><li>\n\n\tWprowad\u017a <em>mi\u0119kki enter <\/em>(taki, kt\u00f3ry nie przerywa akapitu)\n\tShift+Enter, gdzie jest to niezb\u0119dne.\n<\/li><\/ul>\n\n\n\n<p>13.\nWykresy powinny zawiera\u0107 tytu\u0142y, legendy oraz etykiety danych.<\/p>\n\n\n\n<p>14.\nW pracy mog\u0105 r\u00f3wnie\u017c znajdowa\u0107 si\u0119 hiper\u0142\u0105cza.<\/p>\n","protected":false},"excerpt":{"rendered":"<p>1. Podpis w nag\u0142\u00f3wku (wstaw \u2013 g\u0142\u00f3wka) imi\u0119, nazwisko oraz numer indeksu; wyr\u00f3wnany do prawej strony; czcionka dowolna, cho\u0107 powinna by\u0107 wi\u0119ksza ni\u017c Tre\u015b\u0107 tekstu, oraz mniejsza od Tytu\u0142. 2. Ustali\u0107 marginesy dla ca\u0142ej pracy (Format \u2013 Strona \u2013 Strona (we wst\u0105\u017cce) \u2013 Marginesy). 3. Praca powinna by\u0107 wyposa\u017cona w automatyczne formatowanie (Style \u2013 Style &hellip; <a href=\"https:\/\/kmim.wm.pwr.edu.pl\/niemczyk\/dydaktyka\/technologie-informacyjne-projekt\/wymagania-do-pracy-tekstowej\/\" class=\"more-link\">Czytaj dalej <span class=\"screen-reader-text\">Wymagania do pracy tekstowej<\/span> <span class=\"meta-nav\">&rarr;<\/span><\/a><\/p>\n","protected":false},"author":50,"featured_media":0,"parent":2100,"menu_order":0,"comment_status":"closed","ping_status":"closed","template":"","meta":{"ngg_post_thumbnail":0,"footnotes":""},"class_list":["post-2110","page","type-page","status-publish","hentry"],"publishpress_future_action":{"enabled":false,"date":"2026-04-23 10:26:07","action":"change-status","newStatus":"draft","terms":[],"taxonomy":"language","extraData":[]},"publishpress_future_workflow_manual_trigger":{"enabledWorkflows":[]},"_links":{"self":[{"href":"https:\/\/kmim.wm.pwr.edu.pl\/niemczyk\/wp-json\/wp\/v2\/pages\/2110","targetHints":{"allow":["GET"]}}],"collection":[{"href":"https:\/\/kmim.wm.pwr.edu.pl\/niemczyk\/wp-json\/wp\/v2\/pages"}],"about":[{"href":"https:\/\/kmim.wm.pwr.edu.pl\/niemczyk\/wp-json\/wp\/v2\/types\/page"}],"author":[{"embeddable":true,"href":"https:\/\/kmim.wm.pwr.edu.pl\/niemczyk\/wp-json\/wp\/v2\/users\/50"}],"replies":[{"embeddable":true,"href":"https:\/\/kmim.wm.pwr.edu.pl\/niemczyk\/wp-json\/wp\/v2\/comments?post=2110"}],"version-history":[{"count":2,"href":"https:\/\/kmim.wm.pwr.edu.pl\/niemczyk\/wp-json\/wp\/v2\/pages\/2110\/revisions"}],"predecessor-version":[{"id":2112,"href":"https:\/\/kmim.wm.pwr.edu.pl\/niemczyk\/wp-json\/wp\/v2\/pages\/2110\/revisions\/2112"}],"up":[{"embeddable":true,"href":"https:\/\/kmim.wm.pwr.edu.pl\/niemczyk\/wp-json\/wp\/v2\/pages\/2100"}],"wp:attachment":[{"href":"https:\/\/kmim.wm.pwr.edu.pl\/niemczyk\/wp-json\/wp\/v2\/media?parent=2110"}],"curies":[{"name":"wp","href":"https:\/\/api.w.org\/{rel}","templated":true}]}}