{"id":5148,"date":"2023-10-09T10:20:40","date_gmt":"2023-10-09T08:20:40","guid":{"rendered":"https:\/\/kmim.wm.pwr.edu.pl\/niemczyk\/?page_id=5148"},"modified":"2024-01-20T20:43:49","modified_gmt":"2024-01-20T19:43:49","slug":"technologie-informacyjne-wyklad-trn","status":"publish","type":"page","link":"https:\/\/kmim.wm.pwr.edu.pl\/niemczyk\/dydaktyka\/technologie-informacyjne-wyklad-trn\/","title":{"rendered":"TECHNOLOGIE INFORMACYJNE &#8211; WYK\u0141AD TRN"},"content":{"rendered":"<p><a href=\"https:\/\/drive.google.com\/file\/d\/1nbcColBIoloY_ylFSMZx5kSxPCIrDQNi\/view?usp=drive_link\">Wyk\u0142ad 1<\/a><\/p>\n<p><a href=\"https:\/\/drive.google.com\/file\/d\/17SKtUq4kO_J5XWDP491mPKR4TrsaruEc\/view?usp=drive_link\">Wyk\u0142ad 2<\/a><\/p>\n<p><a href=\"https:\/\/drive.google.com\/file\/d\/1AcWGjBnQIYyVkhg7mOtXa-MU47ICJE8h\/view?usp=drive_link\">Wyk\u0142ad 3<\/a><\/p>\n<p><a href=\"https:\/\/drive.google.com\/file\/d\/1ihE9z92NZa7fca6dnsmb-RPiz0h1QNAt\/view?usp=drive_link\">Wyk\u0142ad 4 i 5<\/a><\/p>\n<p><a href=\"https:\/\/drive.google.com\/file\/d\/1MUHfzGagMQamPb85HOI-j6cIfTnt5Ggk\/view?usp=drive_link\">Wyk\u0142ad 6<\/a><\/p>\n<p><a href=\"https:\/\/drive.google.com\/file\/d\/1GUhuJ9t2uQDNk3MAZqwYOIQuRa89dfuj\/view?usp=drive_link\">Wyk\u0142ad 7<\/a><\/p>\n<p><a href=\"https:\/\/drive.google.com\/file\/d\/1GD9nsiHBQPPRWEHXsWCoHlBCY1fkVK1Y\/view?usp=drive_link\">Wyk\u0142ad 8<\/a><\/p>\n<p><a href=\"https:\/\/drive.google.com\/file\/d\/1VSegP2i0HddQaQKXLaHnnZ_he_RagBBt\/view?usp=drive_link\">Wyk\u0142ad 9<\/a><\/p>\n<p><a href=\"https:\/\/drive.google.com\/file\/d\/1WUKul7WRN-Nmxicih503d9o0WRZgt9TP\/view?usp=drive_link\">Wyk\u0142ad 10<\/a><\/p>\n<p><a href=\"https:\/\/drive.google.com\/file\/d\/1t0VbMXwfPTTA1Np8_9kXnjBxfCPErNrp\/view?usp=drive_link\">Wyk\u0142ad 11<\/a><\/p>\n<p><a href=\"https:\/\/drive.google.com\/file\/d\/1JyCdFCLjcV-kOGcBvU1PM0ZA1_aBX8dy\/view?usp=drive_link\">Wyk\u0142ad 12<\/a><\/p>\n<p><a href=\"https:\/\/drive.google.com\/file\/d\/1Wfte6dIricDTsRH-ndHDA4qh4mwpjMRN\/view?usp=drive_link\">Wyk\u0142ad 13<\/a><\/p>\n","protected":false},"excerpt":{"rendered":"<p>Wyk\u0142ad 1 Wyk\u0142ad 2 Wyk\u0142ad 3 Wyk\u0142ad 4 i 5 Wyk\u0142ad 6 Wyk\u0142ad 7 Wyk\u0142ad 8 Wyk\u0142ad 9 Wyk\u0142ad 10 Wyk\u0142ad 11 Wyk\u0142ad 12 Wyk\u0142ad 13<\/p>\n","protected":false},"author":50,"featured_media":0,"parent":1019,"menu_order":0,"comment_status":"closed","ping_status":"closed","template":"","meta":{"ngg_post_thumbnail":0,"footnotes":""},"class_list":["post-5148","page","type-page","status-publish","hentry"],"publishpress_future_action":{"enabled":false,"date":"2026-04-23 15:26:43","action":"change-status","newStatus":"draft","terms":[],"taxonomy":"language","extraData":[]},"publishpress_future_workflow_manual_trigger":{"enabledWorkflows":[]},"_links":{"self":[{"href":"https:\/\/kmim.wm.pwr.edu.pl\/niemczyk\/wp-json\/wp\/v2\/pages\/5148","targetHints":{"allow":["GET"]}}],"collection":[{"href":"https:\/\/kmim.wm.pwr.edu.pl\/niemczyk\/wp-json\/wp\/v2\/pages"}],"about":[{"href":"https:\/\/kmim.wm.pwr.edu.pl\/niemczyk\/wp-json\/wp\/v2\/types\/page"}],"author":[{"embeddable":true,"href":"https:\/\/kmim.wm.pwr.edu.pl\/niemczyk\/wp-json\/wp\/v2\/users\/50"}],"replies":[{"embeddable":true,"href":"https:\/\/kmim.wm.pwr.edu.pl\/niemczyk\/wp-json\/wp\/v2\/comments?post=5148"}],"version-history":[{"count":8,"href":"https:\/\/kmim.wm.pwr.edu.pl\/niemczyk\/wp-json\/wp\/v2\/pages\/5148\/revisions"}],"predecessor-version":[{"id":5400,"href":"https:\/\/kmim.wm.pwr.edu.pl\/niemczyk\/wp-json\/wp\/v2\/pages\/5148\/revisions\/5400"}],"up":[{"embeddable":true,"href":"https:\/\/kmim.wm.pwr.edu.pl\/niemczyk\/wp-json\/wp\/v2\/pages\/1019"}],"wp:attachment":[{"href":"https:\/\/kmim.wm.pwr.edu.pl\/niemczyk\/wp-json\/wp\/v2\/media?parent=5148"}],"curies":[{"name":"wp","href":"https:\/\/api.w.org\/{rel}","templated":true}]}}