{"id":1157,"date":"2014-10-28T18:06:47","date_gmt":"2014-10-28T17:06:47","guid":{"rendered":"http:\/\/kmim.wm.pwr.edu.pl\/przybylski\/?page_id=1157"},"modified":"2016-09-28T13:24:58","modified_gmt":"2016-09-28T11:24:58","slug":"zyciorys","status":"publish","type":"page","link":"https:\/\/kmim.wm.pwr.edu.pl\/przybylski\/o-mnie-2\/zyciorys\/","title":{"rendered":"\u017byciorys"},"content":{"rendered":"<h3>Wykszta\u0142cenie:<\/h3>\n<ul>\n<li>X 2013 &#8211; obecnie, Politechnika Wroc\u0142awska, Wydzia\u0142 Mechaniczny, Interdyscyplinarne studia doktoranckie<br \/>\nw dziedzinie Mechanika;<\/li>\n<li>II 2012 &#8211; VI 2013,\u00a0Politechnika Wroc\u0142awska, Wydzia\u0142 Mechaniczny, studia magisterskie na kierunku Automotive Engineering;<\/li>\n<li>X 2009 &#8211; IX 2012,\u00a0Politechnika Wroc\u0142awska, Wydzia\u0142 Mechaniczny, studia in\u017cynierskie\u00a0na\u00a0kierunku Zarz\u0105dzanie i\u00a0In\u017cynieria Produkcji;<\/li>\n<li>X 2007 &#8211; I 2012,\u00a0Politechnika Wroc\u0142awska, Wydzia\u0142 Mechaniczny, studia in\u017cynierskie\u00a0na\u00a0kierunku Mechanika<br \/>\ni Budowa Maszyn.<\/p>\n<hr \/>\n<\/li>\n<\/ul>\n<h3>Dorobek naukowy:<\/h3>\n<ul>\n<li>Wsp\u00f3\u0142autor 20\u00a0prac;<\/li>\n<li>Wsp\u00f3\u0142autor\u00a05 plakat\u00f3w;<\/li>\n<li>Wyst\u0105pienia na 10\u00a0konferencjach mi\u0119dzynarodowych i 1 polskiej;<\/li>\n<li>Recenzent: Journal of Mechanical Engineering Science,\u00a0Journal of Materials: Design and Applications<br \/>\n<hr \/>\n<\/li>\n<\/ul>\n<h3><strong>Prezentacje na\u00a0konferencjach naukowych:<\/strong><\/h3>\n<p>Konferencje o\u00a0zasi\u0119gu mi\u0119dzynarodowym:<\/p>\n<ul>\n<li>Impact absorption system based on MRE with Halbach array.\u00a027th Symposium on vibrations in physical systems, B\u0119dlewo, Polska, 09-15.05.2016;<\/li>\n<li>Change of damping properties caused by recrystallization of iron alloy. VIII-th International Symposium on Mechanics of Materials and Structures and Fracture and Fragmentation in Science and Engineering Conference, August\u00f3w, Polska, 31.05-03.06.2015;<\/li>\n<li>Modal analysis and method for determination of damping parameters.\u00a012th Students&#8217; Science Conference,\u00a0Bogusz\u00f3w-Gorce, Polska, 18-21.09.2014;<\/li>\n<li>Designing MRE based adjustable damping system for dynamic loading.\u00a014th International Conference on Electrorheological Fluids and Magnetorheological Suspensions, Granada, Spain, 7-11.07.2014;<\/li>\n<li>Test stand and method for determination of the usefulness of the magnetorheological composites in active suspension system. \u00a0XIV Krajowa Konferencja Mechaniki P\u0119kania<br \/>\nKielce &#8211; Cedzyna, Kielce, Polska, 23-26.09.2013;<\/li>\n<li>Design concept of test stand for determining properties of magnetorheological elastomer.\u00a0VII-th International Symposium on Mechanics of Materials and Structures, August\u00f3w, Polska, 3-6.06.2013;<\/li>\n<li>Design, model and construction of the variable magnetic field generator.\u00a011th Students&#8217; Science Conference Man &#8211; Civilization &#8211; Future : B\u0119dlewo, B\u0119dlewo, Polska, 3-6.10.2013;<\/li>\n<li>Application of magnetorheological elastomers in vibration damper. 29th Danubia-Adria Symposium on Advances in Experimental Mechanics (29th DAS), Belgrad, Serbia 26-29.09.2012;<\/li>\n<li>Vibration damping capabilities of magnetorheological elastomers. Junior-Euromat 2012, Lozanna, Szwajcaria, 23-27.07.2012;<\/li>\n<li>Model of vibration damper based on characteristics of magnetorheological elastomer.\u00a0<span class=\"bibbooktitle\">10th Student&#8217;s Science Conference Man &#8211; Civilization &#8211; Future : Wa\u0142brzych<\/span>, Wa\u0142brzych, Polska, 12-15.07.2012.<\/li>\n<\/ul>\n<p>Konferencje o\u00a0zasi\u0119gu krajowym:<\/p>\n<ul>\n<li>Wytwarzanie i badanie elastomer\u00f3w magnetoreologicznych na bazie matrycy termoplastycznej. Puzzel 2012, Wroc\u0142aw, Polska, 28-29.04.2012.<\/li>\n<\/ul>\n","protected":false},"excerpt":{"rendered":"<p>Wykszta\u0142cenie: X 2013 &#8211; obecnie, Politechnika Wroc\u0142awska, Wydzia\u0142 Mechaniczny, Interdyscyplinarne studia doktoranckie w dziedzinie Mechanika; II 2012 &#8211; VI 2013,\u00a0Politechnika Wroc\u0142awska, Wydzia\u0142 Mechaniczny, studia magisterskie na kierunku Automotive Engineering; X 2009 &#8211; IX 2012,\u00a0Politechnika Wroc\u0142awska, Wydzia\u0142 Mechaniczny, studia in\u017cynierskie\u00a0na\u00a0kierunku Zarz\u0105dzanie i\u00a0In\u017cynieria Produkcji; X 2007 &#8211; I 2012,\u00a0Politechnika Wroc\u0142awska, Wydzia\u0142 Mechaniczny, studia in\u017cynierskie\u00a0na\u00a0kierunku Mechanika i Budowa &hellip; <a href=\"https:\/\/kmim.wm.pwr.edu.pl\/przybylski\/o-mnie-2\/zyciorys\/\" class=\"more-link\">Czytaj dalej <span class=\"screen-reader-text\">\u017byciorys<\/span> <span class=\"meta-nav\">&rarr;<\/span><\/a><\/p>\n","protected":false},"author":27,"featured_media":0,"parent":1507,"menu_order":3,"comment_status":"closed","ping_status":"closed","template":"","meta":{"ngg_post_thumbnail":0,"footnotes":""},"class_list":["post-1157","page","type-page","status-publish","hentry"],"publishpress_future_action":{"enabled":false,"date":"2026-04-11 05:25:38","action":"change-status","newStatus":"draft","terms":[],"taxonomy":"language","extraData":[]},"publishpress_future_workflow_manual_trigger":{"enabledWorkflows":[]},"_links":{"self":[{"href":"https:\/\/kmim.wm.pwr.edu.pl\/przybylski\/wp-json\/wp\/v2\/pages\/1157","targetHints":{"allow":["GET"]}}],"collection":[{"href":"https:\/\/kmim.wm.pwr.edu.pl\/przybylski\/wp-json\/wp\/v2\/pages"}],"about":[{"href":"https:\/\/kmim.wm.pwr.edu.pl\/przybylski\/wp-json\/wp\/v2\/types\/page"}],"author":[{"embeddable":true,"href":"https:\/\/kmim.wm.pwr.edu.pl\/przybylski\/wp-json\/wp\/v2\/users\/27"}],"replies":[{"embeddable":true,"href":"https:\/\/kmim.wm.pwr.edu.pl\/przybylski\/wp-json\/wp\/v2\/comments?post=1157"}],"version-history":[{"count":14,"href":"https:\/\/kmim.wm.pwr.edu.pl\/przybylski\/wp-json\/wp\/v2\/pages\/1157\/revisions"}],"predecessor-version":[{"id":1936,"href":"https:\/\/kmim.wm.pwr.edu.pl\/przybylski\/wp-json\/wp\/v2\/pages\/1157\/revisions\/1936"}],"up":[{"embeddable":true,"href":"https:\/\/kmim.wm.pwr.edu.pl\/przybylski\/wp-json\/wp\/v2\/pages\/1507"}],"wp:attachment":[{"href":"https:\/\/kmim.wm.pwr.edu.pl\/przybylski\/wp-json\/wp\/v2\/media?parent=1157"}],"curies":[{"name":"wp","href":"https:\/\/api.w.org\/{rel}","templated":true}]}}