{"id":1490,"date":"2015-03-27T15:45:11","date_gmt":"2015-03-27T14:45:11","guid":{"rendered":"http:\/\/kmim.wm.pwr.edu.pl\/przybylski\/?page_id=1490"},"modified":"2015-04-09T15:29:41","modified_gmt":"2015-04-09T13:29:41","slug":"mozliwe-tematy-prac-dyplomowych","status":"publish","type":"page","link":"https:\/\/kmim.wm.pwr.edu.pl\/przybylski\/o-mnie-2\/mozliwe-tematy-prac-dyplomowych\/","title":{"rendered":"Mo\u017cliwe tematy prac dyplomowych"},"content":{"rendered":"<p>Istnieje mo\u017cliwo\u015b\u0107 realizacji temat\u00f3w prac dyplomowych in\u017cynierskich i magisterskich z zakresu bada\u0144 elastomer\u00f3w magnetoreologicznych oraz macierzy magnetycznych.<\/p>\n<p>Zainteresowane osoby prosz\u0119 o kontakt osobisty.<\/p>\n<p>Tematy to:<\/p>\n<ul>\n<li>Badanie wp\u0142ywu twardo\u015bci matrycy elastomeru magnetorheologicznego na jego w\u0142a\u015bciwo\u015bci dynamiczne. Wytworzenie szeregu materia\u0142\u00f3w, analiza struktury materia\u0142u, badania i analiza wynik\u00f3w. (temat in\u017cynierski)<\/li>\n<li>Projekt i budowa stanowiska do bada\u0144 na \u015bciskanie i skr\u0119canie elastomer\u00f3w magnetoreologicznych na maszynie wytrzyma\u0142o\u015bciowej przy stymulacji zmiennym polem magnetycznym. Badania z wykorzystaniem tego stanowiska. (temat in\u017cynierski)<\/li>\n<li>Projekt i budowa stanowiska sto\u0142owego do bada\u0144 elastomer\u00f3w magnetoreologicznych wymuszanych z wykorzystaniem wzbudnika elektromagnetycznego. Badania z wykorzystaniem tego stanowiska.<\/li>\n<li>Budowa potr\u00f3jnej okr\u0105g\u0142ej macierzy magnetycznej Halbacha oraz uk\u0142adu do jej \u00a0automatycznego obrotu. Kalibracja stanowiska.<\/li>\n<li>Budowa skanera pola magnetycznego bazuj\u0105ce na pojedynczym czujniku magnetycznym oraz napisanie oprogramowania do sterowania uk\u0142adem (przewidywalnie dla wi\u0119cej ni\u017c 1 osoby).<\/li>\n<\/ul>\n","protected":false},"excerpt":{"rendered":"<p>Istnieje mo\u017cliwo\u015b\u0107 realizacji temat\u00f3w prac dyplomowych in\u017cynierskich i magisterskich z zakresu bada\u0144 elastomer\u00f3w magnetoreologicznych oraz macierzy magnetycznych. Zainteresowane osoby prosz\u0119 o kontakt osobisty. Tematy to: Badanie wp\u0142ywu twardo\u015bci matrycy elastomeru magnetorheologicznego na jego w\u0142a\u015bciwo\u015bci dynamiczne. Wytworzenie szeregu materia\u0142\u00f3w, analiza struktury materia\u0142u, badania i analiza wynik\u00f3w. (temat in\u017cynierski) Projekt i budowa stanowiska do bada\u0144 na \u015bciskanie &hellip; <a href=\"https:\/\/kmim.wm.pwr.edu.pl\/przybylski\/o-mnie-2\/mozliwe-tematy-prac-dyplomowych\/\" class=\"more-link\">Czytaj dalej <span class=\"screen-reader-text\">Mo\u017cliwe tematy prac dyplomowych<\/span> <span class=\"meta-nav\">&rarr;<\/span><\/a><\/p>\n","protected":false},"author":27,"featured_media":0,"parent":1507,"menu_order":4,"comment_status":"closed","ping_status":"closed","template":"","meta":{"ngg_post_thumbnail":0,"footnotes":""},"class_list":["post-1490","page","type-page","status-publish","hentry"],"publishpress_future_action":{"enabled":false,"date":"2026-04-16 14:50:56","action":"change-status","newStatus":"draft","terms":[],"taxonomy":"language","extraData":[]},"publishpress_future_workflow_manual_trigger":{"enabledWorkflows":[]},"_links":{"self":[{"href":"https:\/\/kmim.wm.pwr.edu.pl\/przybylski\/wp-json\/wp\/v2\/pages\/1490","targetHints":{"allow":["GET"]}}],"collection":[{"href":"https:\/\/kmim.wm.pwr.edu.pl\/przybylski\/wp-json\/wp\/v2\/pages"}],"about":[{"href":"https:\/\/kmim.wm.pwr.edu.pl\/przybylski\/wp-json\/wp\/v2\/types\/page"}],"author":[{"embeddable":true,"href":"https:\/\/kmim.wm.pwr.edu.pl\/przybylski\/wp-json\/wp\/v2\/users\/27"}],"replies":[{"embeddable":true,"href":"https:\/\/kmim.wm.pwr.edu.pl\/przybylski\/wp-json\/wp\/v2\/comments?post=1490"}],"version-history":[{"count":4,"href":"https:\/\/kmim.wm.pwr.edu.pl\/przybylski\/wp-json\/wp\/v2\/pages\/1490\/revisions"}],"predecessor-version":[{"id":1492,"href":"https:\/\/kmim.wm.pwr.edu.pl\/przybylski\/wp-json\/wp\/v2\/pages\/1490\/revisions\/1492"}],"up":[{"embeddable":true,"href":"https:\/\/kmim.wm.pwr.edu.pl\/przybylski\/wp-json\/wp\/v2\/pages\/1507"}],"wp:attachment":[{"href":"https:\/\/kmim.wm.pwr.edu.pl\/przybylski\/wp-json\/wp\/v2\/media?parent=1490"}],"curies":[{"name":"wp","href":"https:\/\/api.w.org\/{rel}","templated":true}]}}