{"id":1507,"date":"2015-04-09T15:22:23","date_gmt":"2015-04-09T13:22:23","guid":{"rendered":"http:\/\/kmim.wm.pwr.edu.pl\/przybylski\/?page_id=1507"},"modified":"2015-05-12T23:02:12","modified_gmt":"2015-05-12T21:02:12","slug":"o-mnie-2","status":"publish","type":"page","link":"https:\/\/kmim.wm.pwr.edu.pl\/przybylski\/o-mnie-2\/","title":{"rendered":"O mnie"},"content":{"rendered":"<p>Witaj!<\/p>\n<p>Nazywam si\u0119 Micha\u0142 Przybylski. Jestem doktorantem w <a title=\"KMIM\" href=\"http:\/\/kmim.wm.pwr.edu.pl\/\" target=\"_blank\">Katedrze Mechaniki i In\u017cynierii Materia\u0142owej<\/a>\u00a0od 2013 roku. Studia sko\u0144czy\u0142em na <a title=\"WM\" href=\"http:\/\/wm.pwr.wroc.pl\/index.dhtml\" target=\"_blank\">Wydziale Mechanicznym Politechniki Wroc\u0142awskiej<\/a>. Jestem absolwentem 2 kierunk\u00f3w in\u017cynierskich (ZIP i MBMang) oraz studi\u00f3w magisterskich Automotive Engineering. Od zawsze interesowa\u0142o mnie odkrywanie tajemnic nauki i techniki, dlatego zdecydowa\u0142em si\u0119 na takie studia i obecn\u0105 karier\u0119 naukowca\/badacza. Lubi\u0119 to czym si\u0119 zajmuj\u0119!<\/p>\n<p>W czasie studi\u00f3w dzia\u0142a\u0142em w <a title=\"aegee\" href=\"http:\/\/aegee.wroclaw.pl\/\" target=\"_blank\">Europejskim Forum Student\u00f3w AEGEE-Wroc\u0142aw<\/a>, w <a title=\"Rekiny\" href=\"http:\/\/rekiny.wmech.pwr.wroc.pl\/\" target=\"_blank\">Studenckim Kole Naukowym Zarz\u0105dzania Jako\u015bci\u0105 &#8222;Rekiny Jako\u015bci&#8221; <\/a>oraz pracowa\u0142em w <a title=\"manus\" href=\"http:\/\/www.manus.pl\/\" target=\"_blank\">Fundacji Manus<\/a>. Musz\u0119 przyzna\u0107 \u017ce nie lubi\u0119 si\u0119 nudzi\u0107, a mo\u017cliwo\u015b\u0107 wsp\u00f3\u0142pracy<br \/>\nz\u00a0innymi lud\u017ami sprawia mi du\u017co przyjemno\u015bci.<\/p>\n<p>Z zami\u0142owania jestem fotografem amatorem i ch\u0119tnie po\u015bwi\u0119cam si\u0119 mojej pasji. Moje zdj\u0119cia mo\u017cna znale\u017a\u0107 na blogu <a title=\"PrzybylskiPhoto\" href=\"http:\/\/przybylskiphoto.blogspot.com\/\" target=\"_blank\">PrzybylskiPhoto<\/a>.<\/p>\n","protected":false},"excerpt":{"rendered":"<p>Witaj! Nazywam si\u0119 Micha\u0142 Przybylski. Jestem doktorantem w Katedrze Mechaniki i In\u017cynierii Materia\u0142owej\u00a0od 2013 roku. Studia sko\u0144czy\u0142em na Wydziale Mechanicznym Politechniki Wroc\u0142awskiej. Jestem absolwentem 2 kierunk\u00f3w in\u017cynierskich (ZIP i MBMang) oraz studi\u00f3w magisterskich Automotive Engineering. Od zawsze interesowa\u0142o mnie odkrywanie tajemnic nauki i techniki, dlatego zdecydowa\u0142em si\u0119 na takie studia i obecn\u0105 karier\u0119 naukowca\/badacza. Lubi\u0119 &hellip; <a href=\"https:\/\/kmim.wm.pwr.edu.pl\/przybylski\/o-mnie-2\/\" class=\"more-link\">Czytaj dalej <span class=\"screen-reader-text\">O mnie<\/span> <span class=\"meta-nav\">&rarr;<\/span><\/a><\/p>\n","protected":false},"author":27,"featured_media":0,"parent":0,"menu_order":3,"comment_status":"closed","ping_status":"closed","template":"","meta":{"ngg_post_thumbnail":0,"footnotes":""},"class_list":["post-1507","page","type-page","status-publish","hentry"],"publishpress_future_action":{"enabled":false,"date":"2026-04-12 18:51:27","action":"change-status","newStatus":"draft","terms":[],"taxonomy":"language","extraData":[]},"publishpress_future_workflow_manual_trigger":{"enabledWorkflows":[]},"_links":{"self":[{"href":"https:\/\/kmim.wm.pwr.edu.pl\/przybylski\/wp-json\/wp\/v2\/pages\/1507","targetHints":{"allow":["GET"]}}],"collection":[{"href":"https:\/\/kmim.wm.pwr.edu.pl\/przybylski\/wp-json\/wp\/v2\/pages"}],"about":[{"href":"https:\/\/kmim.wm.pwr.edu.pl\/przybylski\/wp-json\/wp\/v2\/types\/page"}],"author":[{"embeddable":true,"href":"https:\/\/kmim.wm.pwr.edu.pl\/przybylski\/wp-json\/wp\/v2\/users\/27"}],"replies":[{"embeddable":true,"href":"https:\/\/kmim.wm.pwr.edu.pl\/przybylski\/wp-json\/wp\/v2\/comments?post=1507"}],"version-history":[{"count":4,"href":"https:\/\/kmim.wm.pwr.edu.pl\/przybylski\/wp-json\/wp\/v2\/pages\/1507\/revisions"}],"predecessor-version":[{"id":1509,"href":"https:\/\/kmim.wm.pwr.edu.pl\/przybylski\/wp-json\/wp\/v2\/pages\/1507\/revisions\/1509"}],"wp:attachment":[{"href":"https:\/\/kmim.wm.pwr.edu.pl\/przybylski\/wp-json\/wp\/v2\/media?parent=1507"}],"curies":[{"name":"wp","href":"https:\/\/api.w.org\/{rel}","templated":true}]}}