{"id":1527,"date":"2015-04-10T12:39:58","date_gmt":"2015-04-10T10:39:58","guid":{"rendered":"http:\/\/kmim.wm.pwr.edu.pl\/przybylski\/?page_id=1527"},"modified":"2017-10-02T15:37:18","modified_gmt":"2017-10-02T13:37:18","slug":"najwazniejsze-osiagniecia","status":"publish","type":"page","link":"https:\/\/kmim.wm.pwr.edu.pl\/przybylski\/o-mnie-2\/najwazniejsze-osiagniecia\/","title":{"rendered":"Najwa\u017cniejsze osi\u0105gni\u0119cia"},"content":{"rendered":"<p>W \u015br\u00f3d moich najwa\u017cniejszych osi\u0105gni\u0119\u0107 naukowych mog\u0119 wymieni\u0107:<\/p>\n<ul>\n<li>Odbycie 3-miesi\u0119cznego sta\u017cu naukowego na University of Wollongong, NSW, Australia.<\/li>\n<li>Uko\u0144czenie i obrona pracy magisterskiej <em>&#8222;Testing magneto-mechanical properties of magnetorheological elastomers obtained with use of single degree of freedom test stand&#8221;<\/em> (<strong><em><a title=\"moja praca magisterska\" href=\"http:\/\/kmim.wm.pwr.edu.pl\/przybylski\/wp-content\/uploads\/sites\/30\/2015\/04\/praca-magisterska-Micha\u0142-Przybylski.pdf\" target=\"_blank\" rel=\"noopener\">PDF<\/a><\/em><\/strong>)<\/li>\n<li>3 publikacje w czasopismach z Listy Filadelfijskiej<\/li>\n<li>Wyst\u0105pienie na konferencji&nbsp;14th International Conference on Electrorheological Fluids and Magnetorheological Suspensions <em>&#8222;Designing MRE based adjustable damping system for dynamic loading&#8221;<\/em> (<em><strong><a title=\"ERMR\" href=\"http:\/\/www.ermr2014.com\/\" target=\"_blank\" rel=\"noopener\">LINK<\/a><\/strong><\/em>)<\/li>\n<\/ul>\n","protected":false},"excerpt":{"rendered":"<p>W \u015br\u00f3d moich najwa\u017cniejszych osi\u0105gni\u0119\u0107 naukowych mog\u0119 wymieni\u0107: Odbycie 3-miesi\u0119cznego sta\u017cu naukowego na University of Wollongong, NSW, Australia. Uko\u0144czenie i obrona pracy magisterskiej &#8222;Testing magneto-mechanical properties of magnetorheological elastomers obtained with use of single degree of freedom test stand&#8221; (PDF) 3 publikacje w czasopismach z Listy Filadelfijskiej Wyst\u0105pienie na konferencji&nbsp;14th International Conference on Electrorheological Fluids &hellip; <a href=\"https:\/\/kmim.wm.pwr.edu.pl\/przybylski\/o-mnie-2\/najwazniejsze-osiagniecia\/\" class=\"more-link\">Czytaj dalej <span class=\"screen-reader-text\">Najwa\u017cniejsze osi\u0105gni\u0119cia<\/span> <span class=\"meta-nav\">&rarr;<\/span><\/a><\/p>\n","protected":false},"author":27,"featured_media":0,"parent":1507,"menu_order":0,"comment_status":"closed","ping_status":"closed","template":"","meta":{"ngg_post_thumbnail":0,"footnotes":""},"class_list":["post-1527","page","type-page","status-publish","hentry"],"publishpress_future_action":{"enabled":false,"date":"2026-04-11 16:01:04","action":"change-status","newStatus":"draft","terms":[],"taxonomy":"language","extraData":[]},"publishpress_future_workflow_manual_trigger":{"enabledWorkflows":[]},"_links":{"self":[{"href":"https:\/\/kmim.wm.pwr.edu.pl\/przybylski\/wp-json\/wp\/v2\/pages\/1527","targetHints":{"allow":["GET"]}}],"collection":[{"href":"https:\/\/kmim.wm.pwr.edu.pl\/przybylski\/wp-json\/wp\/v2\/pages"}],"about":[{"href":"https:\/\/kmim.wm.pwr.edu.pl\/przybylski\/wp-json\/wp\/v2\/types\/page"}],"author":[{"embeddable":true,"href":"https:\/\/kmim.wm.pwr.edu.pl\/przybylski\/wp-json\/wp\/v2\/users\/27"}],"replies":[{"embeddable":true,"href":"https:\/\/kmim.wm.pwr.edu.pl\/przybylski\/wp-json\/wp\/v2\/comments?post=1527"}],"version-history":[{"count":5,"href":"https:\/\/kmim.wm.pwr.edu.pl\/przybylski\/wp-json\/wp\/v2\/pages\/1527\/revisions"}],"predecessor-version":[{"id":2219,"href":"https:\/\/kmim.wm.pwr.edu.pl\/przybylski\/wp-json\/wp\/v2\/pages\/1527\/revisions\/2219"}],"up":[{"embeddable":true,"href":"https:\/\/kmim.wm.pwr.edu.pl\/przybylski\/wp-json\/wp\/v2\/pages\/1507"}],"wp:attachment":[{"href":"https:\/\/kmim.wm.pwr.edu.pl\/przybylski\/wp-json\/wp\/v2\/media?parent=1527"}],"curies":[{"name":"wp","href":"https:\/\/api.w.org\/{rel}","templated":true}]}}