{"id":1928,"date":"2016-09-26T21:54:36","date_gmt":"2016-09-26T19:54:36","guid":{"rendered":"http:\/\/kmim.wm.pwr.edu.pl\/przybylski\/?page_id=1928"},"modified":"2017-10-23T11:09:32","modified_gmt":"2017-10-23T09:09:32","slug":"faq","status":"publish","type":"page","link":"https:\/\/kmim.wm.pwr.edu.pl\/przybylski\/faq\/","title":{"rendered":"FAQ"},"content":{"rendered":"<p style=\"text-align: justify\"><em><strong><span style=\"color: #000080\">Drodzy studenci:<\/span><br \/>\n<span style=\"color: #000080\"> Zanim wy\u015blecie maila albo b\u0119dziecie za mn\u0105 goni\u0107 po uczelni sprawd\u017acie czy odpowiedzi na Wasze pytania nie znajduj\u0105 si\u0119 tutaj:<\/span><\/strong><\/em><\/p>\n<p style=\"text-align: justify\"><strong>Czy mog\u0119 dopisa\u0107 si\u0119 do Pa\u0144skiej grupy zaj\u0119ciowej ponad stan?<\/strong><\/p>\n<ul style=\"text-align: justify\">\n<li style=\"text-align: justify\">Nie, nie zgadzam si\u0119 na zapisywanie ponad stan. Pro\u015bby i b\u0142agania nic nie pomog\u0105.<\/li>\n<\/ul>\n<p style=\"text-align: justify\"><strong>Czy obecno\u015b\u0107 na zaj\u0119ciach jest obowi\u0105zkowa?<\/strong><\/p>\n<ul style=\"text-align: justify\">\n<li>Na zaj\u0119ciach \u0107wiczeniowych sprawdzam obecno\u015b\u0107, natomiast je\u017celi kto\u015b uwa\u017ca, \u017ce da rad\u0119 samemu opanowa\u0107 materia\u0142 dopuszcz\u0119 go do kolokwium bez obecno\u015bci na zaj\u0119ciach, oczywi\u015bcie je\u017celi tylko spe\u0142ni pozosta\u0142e warunki dopuszczenia do zaliczenia.<\/li>\n<\/ul>\n<p style=\"text-align: justify\"><strong>Czy mog\u0119 usprawiedliwi\u0107 nieobecno\u015b\u0107?<\/strong><\/p>\n<ul>\n<li style=\"text-align: justify\">Nie, nie przewiduj\u0119 takiej mo\u017cliwo\u015bci, szczeg\u00f3lnie, \u017ce nie wymagam od Pa\u0144stwa obecno\u015bci na zaj\u0119ciach. Mo\u017cecie natomiast Pa\u0144stwo nadrobi\u0107\/odrobi\u0107 nieobecno\u015b\u0107 z inn\u0105 grup\u0105 we wcze\u015bniejszym b\u0105d\u017a p\u00f3\u017aniejszym terminie zaj\u0119\u0107.<\/li>\n<\/ul>\n<p style=\"text-align: justify\"><strong>Co je\u017celi nie mog\u0142em \/ nie b\u0119d\u0119 m\u00f3g\u0142 przyj\u015b\u0107 na zaj\u0119cia, a chcia\u0142bym nadrobi\u0107 t\u0105 nieobecno\u015b\u0107?<\/strong><\/p>\n<ul style=\"text-align: justify\">\n<li style=\"text-align: justify\">W takim wypadku prosz\u0119 si\u0119 czym pr\u0119dzej ze mn\u0105 skontaktowa\u0107 drog\u0105 mailow\u0105 (b\u0105d\u017a osobi\u015bcie) w celu ustalenia czy s\u0105 jeszcze jakie\u015b grupy, z kt\u00f3rymi mo\u017cecie Pa\u0144stwo nadrobi\u0107 nieobecno\u015b\u0107. Zwykle prowadz\u0119 kilka grup z danego przedmiotu (w okre\u015blonym&nbsp;wymiarze godzin).<\/li>\n<\/ul>\n<p style=\"text-align: justify\"><del><strong>Czy mog\u0119 wys\u0142a\u0107 projekt po zaj\u0119ciach na Pana maila?<\/strong><\/del><\/p>\n<ul style=\"text-align: justify\">\n<li><del>Tak, macie Pa\u0144stwo czas na oddanie mi projekt\u00f3w zawsze do dnia Pa\u0144stwa zaj\u0119\u0107 do godziny 23:59. Projekty oddane p\u00f3\u017aniej b\u0119d\u0105 traktowane jako sp\u00f3\u017anione. Powiem, \u017ce wr\u0119cz preferuj\u0119 oddawanie projekt\u00f3w drog\u0105 mailow\u0105, poniewa\u017c mniej papieru zalega mi p\u00f3\u017aniej pod biurkiem. M\u00f3j maila: <a href=\"&#x6d;&#97;i&#x6c;&#116;o&#x3a;&#109;i&#x63;&#104;a&#x6c;&#46;p&#x72;&#122;y&#x62;&#121;l&#x73;&#107;i&#x40;&#112;w&#x72;&#46;e&#x64;&#117;&#46;&#x70;&#108;\" target=\"_blank\" rel=\"noopener noreferrer\">&#109;&#x69;&#99;&#x68;a&#108;&#x2e;&#112;&#x72;z&#x79;b&#121;&#x6c;&#115;&#x6b;i&#x40;&#x70;&#119;&#x72;&#46;&#x65;d&#117;&#x2e;&#112;&#x6c;<\/a><\/del><\/li>\n<\/ul>\n<p style=\"text-align: justify\"><strong>Co powinien zawiera\u0107 mail, kt\u00f3ry do Pana wysy\u0142am?<\/strong><\/p>\n<ul style=\"text-align: justify\">\n<li>Pisz\u0105c do mnie maila powinni pa\u0144stwo zachowa\u0107 formu\u0142\u0119 listu: <span style=\"color: #ff0000\">wst\u0119p, rozwini\u0119cie i zako\u0144czenie.<\/span> Nale\u017cy napisa\u0107 jak si\u0119 &nbsp;Pa\u0144stwo nazywacie, i z kt\u00f3rej jeste\u015bcie grupy. Prosz\u0119 pami\u0119ta\u0107 te\u017c do kogo si\u0119 Pa\u0144stwo zwracacie i zachowa\u0107 odpowiedni\u0105 form\u0119.<\/li>\n<\/ul>\n<p style=\"text-align: justify\"><strong>Jak mog\u0119 zaliczy\u0107 projekt?<\/strong><\/p>\n<ul>\n<li style=\"text-align: justify\">Jedyn\u0105 mo\u017cliwo\u015bci\u0105 zaliczenia projektu jest oddanie w pe\u0142ni&nbsp;rozwi\u0105zanych poprawnie&nbsp;zada\u0144 w czasie konsultacji i odpowiadanie z tego projektu. Oczywi\u015bcie istnieje mo\u017cliwo\u015b\u0107 ustalenia indywidualnego terminu konsultacji je\u017celi w danym terminie maj\u0105 Pa\u0144stwo inne zaj\u0119cia dydaktyczne co koliduje z terminem konsultacji. Termin oddania projektu jest nie przekraczalny bez wzgl\u0119du na okoliczno\u015bci.W przypadku b\u0142\u0119dnego rozwi\u0105zania kt\u00f3regokolwiek zadania z projektu, b\u0105d\u017a udzielenia niesatysfakcjonuj\u0105cej odpowiedzi na postawione pytania b\u0119dziecie musieli Pa\u0144stwo stawi\u0107 si\u0119 z projektem w innym terminie. W przypadku ostatniego dost\u0119pnego terminu b\u0119dzie si\u0119 to wi\u0105za\u0107 z niezaliczeniem projektu.<\/li>\n<\/ul>\n<p style=\"text-align: justify\"><strong>Nie mog\u0119 si\u0119 zalogowa\u0107 na poczt\u0119 politechniczn\u0105, czy mog\u0119 wys\u0142a\u0107 do Pana wiadomo\u015b\u0107 z mojego prywatnego maila?<\/strong><\/p>\n<ul style=\"text-align: justify\">\n<li>Jest to ostateczno\u015b\u0107, Pa\u0144stwa obowi\u0105zkiem jest korzystanie z poczty politechnicznej w celu komunikacji z prowadz\u0105cymi.<\/li>\n<\/ul>\n<p style=\"text-align: justify\"><strong>Nie dzia\u0142a\u0142 mi internet, spali\u0142 mi si\u0119 komputer, pies zjad\u0142 mi klawiatur\u0119, itp. czy mog\u0119 odda\u0107 projekt z op\u00f3\u017anieniem?<\/strong><\/p>\n<ul style=\"text-align: justify\">\n<li>Nie. Wiecie Pa\u0144stwo jaki jest termin oddawania projekt\u00f3w<br \/>\nz wyprzedzeniem i jest to termin nie przekraczalny. Oddanie projekt\u00f3w po terminie oznacza dla Pa\u0144stwa utrat\u0119 szansy na bonus, co w wielu przypadkach mo\u017ce przekre\u015bli\u0107 szanse na przepisanie oceny na wyk\u0142ad. Czym wcze\u015bniej Pa\u0144stwo przyjdziecie zalicza\u0107 projekt tym \u0142agodniej zostan\u0105 Pa\u0144stwo potraktowani.<\/li>\n<\/ul>\n<p style=\"text-align: justify\"><strong>Czy musz\u0119 przyj\u015b\u0107 do Pana z ca\u0142ym poprawionym projektem czy tylko z konkretnym zadaniem, kt\u00f3re kaza\u0142 mi Pan poprawi\u0107?<\/strong><\/p>\n<ul>\n<li style=\"text-align: justify\">Musicie mi Pa\u0144stwo przed\u0142o\u017cy\u0107 tylko te zadania z projektu, kt\u00f3re kaza\u0142em poprawi\u0107, ale musz\u0105 to by\u0107 kompletne rozwi\u0105zania od A do Z. Je\u017celi kto\u015b poka\u017ce mi tylko fragment zadania oderwany od ca\u0142o\u015bci jako poprawione zadanie nie b\u0119dzie ono uznane przeze mnie za zaliczone zadanie.<\/li>\n<\/ul>\n<p style=\"text-align: justify\"><strong>Czemu mamy tak du\u017co zada\u0144 na projektach kiedy inne grupy maj\u0105 mniej zada\u0144 b\u0105d\u017a nie maj\u0105 projekt\u00f3w w og\u00f3le?<\/strong><\/p>\n<ul>\n<li style=\"text-align: justify\">Poniewa\u017c wiem jak ci\u0119\u017cko jest si\u0119 Pa\u0144stwu zmobilizowa\u0107 do samodzielnej nauki w domu, a to ona jest podstaw\u0105 studiowania, do\u015bwiadczenie pokaza\u0142o, \u017ce konieczno\u015b\u0107 samodzielnego rozwi\u0105zywania projekt\u00f3w prze\u0142o\u017cy\u0142a si\u0119 na wi\u0119ksz\u0105 ilo\u015b\u0107 pozytywnych ocen w moich grupach. Oczywi\u015bcie niekt\u00f3rzy z Pa\u0144stwa b\u0119d\u0105 od siebie odpisywa\u0107 zadania z projekt\u00f3w, ale uprzedzam, \u017ce wyjdzie to na jaw szybciej ni\u017c Pa\u0144stwo my\u015blicie.<\/li>\n<\/ul>\n<p><strong>Czy projekt mo\u017ce by\u0107 rozwi\u0105zany w zeszycie?<\/strong><\/p>\n<ul>\n<li>Nie, projekt jest zadaniem dodatkowym i macie Pa\u0144stwo go przygotowa\u0107 z nale\u017cyt\u0105 staranno\u015bci\u0105 i dba\u0142o\u015bci\u0105. Nie b\u0119d\u0119 przyjmowa\u0142 projekt\u00f3w na obdartych, pokre\u015blonych kartkach (ka\u017cdy ma prawo do b\u0142\u0119d\u00f3w w zadaniu i w tym celu u\u017cywa si\u0119 skre\u015ble\u0144), macie Pa\u0144stwo nauczy\u0107 si\u0119 staranno\u015bci i dok\u0142adno\u015bci. Radz\u0119 te\u017c pisa\u0107 czytelnie, w ko\u0144cu powinni mie\u0107 Pa\u0144stwo ju\u017c zaj\u0119cia, na kt\u00f3rych uczyli\u015bcie si\u0119 pisma technicznego.<\/li>\n<\/ul>\n<p><strong>Czemu niekt\u00f3re pytania s\u0105 skre\u015blone?<\/strong><\/p>\n<ul>\n<li>Poniewa\u017c dotycz\u0105 kwestii ju\u017c nie aktualnych, a nie chc\u0119 ich usuwa\u0107 ze wzgl\u0119du na warto\u015b\u0107 poznawcz\u0105 dla Pa\u0144stwa.<\/li>\n<\/ul>\n<p><em><strong><span style=\"color: #000080\">W przysz\u0142o\u015bci zapewne pojawi si\u0119 tu tego wi\u0119cej.<\/span><\/strong><\/em><\/p>\n","protected":false},"excerpt":{"rendered":"<p>Drodzy studenci: Zanim wy\u015blecie maila albo b\u0119dziecie za mn\u0105 goni\u0107 po uczelni sprawd\u017acie czy odpowiedzi na Wasze pytania nie znajduj\u0105 si\u0119 tutaj: Czy mog\u0119 dopisa\u0107 si\u0119 do Pa\u0144skiej grupy zaj\u0119ciowej ponad stan? Nie, nie zgadzam si\u0119 na zapisywanie ponad stan. Pro\u015bby i b\u0142agania nic nie pomog\u0105. Czy obecno\u015b\u0107 na zaj\u0119ciach jest obowi\u0105zkowa? Na zaj\u0119ciach \u0107wiczeniowych &hellip; <a href=\"https:\/\/kmim.wm.pwr.edu.pl\/przybylski\/faq\/\" class=\"more-link\">Czytaj dalej <span class=\"screen-reader-text\">FAQ<\/span> <span class=\"meta-nav\">&rarr;<\/span><\/a><\/p>\n","protected":false},"author":27,"featured_media":0,"parent":0,"menu_order":4,"comment_status":"closed","ping_status":"closed","template":"","meta":{"ngg_post_thumbnail":0,"footnotes":""},"class_list":["post-1928","page","type-page","status-publish","hentry"],"publishpress_future_action":{"enabled":false,"date":"2026-04-12 15:51:53","action":"change-status","newStatus":"draft","terms":[],"taxonomy":"language","extraData":[]},"publishpress_future_workflow_manual_trigger":{"enabledWorkflows":[]},"_links":{"self":[{"href":"https:\/\/kmim.wm.pwr.edu.pl\/przybylski\/wp-json\/wp\/v2\/pages\/1928","targetHints":{"allow":["GET"]}}],"collection":[{"href":"https:\/\/kmim.wm.pwr.edu.pl\/przybylski\/wp-json\/wp\/v2\/pages"}],"about":[{"href":"https:\/\/kmim.wm.pwr.edu.pl\/przybylski\/wp-json\/wp\/v2\/types\/page"}],"author":[{"embeddable":true,"href":"https:\/\/kmim.wm.pwr.edu.pl\/przybylski\/wp-json\/wp\/v2\/users\/27"}],"replies":[{"embeddable":true,"href":"https:\/\/kmim.wm.pwr.edu.pl\/przybylski\/wp-json\/wp\/v2\/comments?post=1928"}],"version-history":[{"count":10,"href":"https:\/\/kmim.wm.pwr.edu.pl\/przybylski\/wp-json\/wp\/v2\/pages\/1928\/revisions"}],"predecessor-version":[{"id":2273,"href":"https:\/\/kmim.wm.pwr.edu.pl\/przybylski\/wp-json\/wp\/v2\/pages\/1928\/revisions\/2273"}],"wp:attachment":[{"href":"https:\/\/kmim.wm.pwr.edu.pl\/przybylski\/wp-json\/wp\/v2\/media?parent=1928"}],"curies":[{"name":"wp","href":"https:\/\/api.w.org\/{rel}","templated":true}]}}