{"id":958,"date":"2014-09-10T13:22:31","date_gmt":"2014-09-10T11:24:09","guid":{"rendered":"http:\/\/kmim.wm.pwr.edu.pl\/przybylski\/?page_id=958"},"modified":"2015-04-10T12:44:47","modified_gmt":"2015-04-10T10:44:47","slug":"praca-naukowa","status":"publish","type":"page","link":"https:\/\/kmim.wm.pwr.edu.pl\/przybylski\/o-mnie-2\/praca-naukowa\/","title":{"rendered":"Praca naukowa"},"content":{"rendered":"<p>W mojej pracy naukowej zajmuj\u0119 si\u0119 mechanik\u0105 eksperymentaln\u0105<br \/>\ni in\u017cynieri\u0105 materia\u0142ow\u0105. Do g\u0142\u00f3wnych zagadnie\u0144 poruszanych w mojej pracy mo\u017cna zaliczy\u0107:<\/p>\n<ul>\n<li>badania dynamiczne elastomer\u00f3w magnetoreologicznych;<\/li>\n<li>modelowanie i budowa macierzy magnetycznych;<\/li>\n<li>badanie t\u0142umienia drga\u0144.<\/li>\n<\/ul>\n<p>Przyk\u0142adem rezultat\u00f3w mojej pracy jest poni\u017csza symulacja zmiany warto\u015bci pola magnetycznego w podw\u00f3jnej okr\u0105g\u0142ej bipolarnej magnetycznej macierzy Halbacha:<\/p>\n<figure id=\"attachment_999\" aria-describedby=\"caption-attachment-999\" style=\"width: 400px\" class=\"wp-caption aligncenter\"><a href=\"http:\/\/kmim.wm.pwr.edu.pl\/przybylski\/wp-content\/uploads\/sites\/30\/2014\/09\/animacja-co-10o.gif\"><img loading=\"lazy\" decoding=\"async\" class=\"wp-image-999 size-full\" src=\"http:\/\/kmim.wm.pwr.edu.pl\/przybylski\/wp-content\/uploads\/sites\/30\/2014\/09\/animacja-co-10o.gif\" alt=\"animacja-co-10o\" width=\"400\" height=\"400\" \/><\/a><figcaption id=\"caption-attachment-999\" class=\"wp-caption-text\">Podw\u00f3jna bipolarna okr\u0105g\u0142a macierz magnetyczna Halbacha<\/figcaption><\/figure>\n","protected":false},"excerpt":{"rendered":"<p>W mojej pracy naukowej zajmuj\u0119 si\u0119 mechanik\u0105 eksperymentaln\u0105 i in\u017cynieri\u0105 materia\u0142ow\u0105. Do g\u0142\u00f3wnych zagadnie\u0144 poruszanych w mojej pracy mo\u017cna zaliczy\u0107: badania dynamiczne elastomer\u00f3w magnetoreologicznych; modelowanie i budowa macierzy magnetycznych; badanie t\u0142umienia drga\u0144. Przyk\u0142adem rezultat\u00f3w mojej pracy jest poni\u017csza symulacja zmiany warto\u015bci pola magnetycznego w podw\u00f3jnej okr\u0105g\u0142ej bipolarnej magnetycznej macierzy Halbacha:<\/p>\n","protected":false},"author":27,"featured_media":0,"parent":1507,"menu_order":2,"comment_status":"closed","ping_status":"closed","template":"","meta":{"ngg_post_thumbnail":0,"footnotes":""},"class_list":["post-958","page","type-page","status-publish","hentry"],"publishpress_future_action":{"enabled":false,"date":"2026-04-30 18:50:38","action":"change-status","newStatus":"draft","terms":[],"taxonomy":"language","extraData":[]},"publishpress_future_workflow_manual_trigger":{"enabledWorkflows":[]},"_links":{"self":[{"href":"https:\/\/kmim.wm.pwr.edu.pl\/przybylski\/wp-json\/wp\/v2\/pages\/958","targetHints":{"allow":["GET"]}}],"collection":[{"href":"https:\/\/kmim.wm.pwr.edu.pl\/przybylski\/wp-json\/wp\/v2\/pages"}],"about":[{"href":"https:\/\/kmim.wm.pwr.edu.pl\/przybylski\/wp-json\/wp\/v2\/types\/page"}],"author":[{"embeddable":true,"href":"https:\/\/kmim.wm.pwr.edu.pl\/przybylski\/wp-json\/wp\/v2\/users\/27"}],"replies":[{"embeddable":true,"href":"https:\/\/kmim.wm.pwr.edu.pl\/przybylski\/wp-json\/wp\/v2\/comments?post=958"}],"version-history":[{"count":26,"href":"https:\/\/kmim.wm.pwr.edu.pl\/przybylski\/wp-json\/wp\/v2\/pages\/958\/revisions"}],"predecessor-version":[{"id":984,"href":"https:\/\/kmim.wm.pwr.edu.pl\/przybylski\/wp-json\/wp\/v2\/pages\/958\/revisions\/984"}],"up":[{"embeddable":true,"href":"https:\/\/kmim.wm.pwr.edu.pl\/przybylski\/wp-json\/wp\/v2\/pages\/1507"}],"wp:attachment":[{"href":"https:\/\/kmim.wm.pwr.edu.pl\/przybylski\/wp-json\/wp\/v2\/media?parent=958"}],"curies":[{"name":"wp","href":"https:\/\/api.w.org\/{rel}","templated":true}]}}