{"id":1155,"date":"2015-04-02T00:49:57","date_gmt":"2015-04-01T22:49:57","guid":{"rendered":"http:\/\/kmim.wm.pwr.edu.pl\/rybaczuk\/?page_id=1155"},"modified":"2015-04-02T00:50:40","modified_gmt":"2015-04-01T22:50:40","slug":"o-mnie-2","status":"publish","type":"page","link":"https:\/\/kmim.wm.pwr.edu.pl\/rybaczuk\/o-mnie-2\/","title":{"rendered":"O mnie"},"content":{"rendered":"<p>&nbsp;<\/p>\n<p><strong>ZAINTERESOWANIA<\/strong> <strong>NAUKOWE<\/strong><\/p>\n<ul>\n<li>mechanika analityczna,<\/li>\n<li>mechanika o\u015brodk\u00f3w ci\u0105g\u0142ych,<\/li>\n<li>modelowanie matematyczne,<\/li>\n<li>fraktale,<\/li>\n<li>teoria chaosu<\/li>\n<\/ul>\n<p>&nbsp;<\/p>\n<p><strong>\u017bYCIORYS<br \/>\n<\/strong><\/p>\n<ul>\n<li>1971 &#8211; 1976 Studia na Wydziale Podstawowych Problem\u00f3w Techniki Politechniki Wroc\u0142awskiej (mgr\u00a0in\u017c. w\u00a0zakresie: Fizyka techniczna)<\/li>\n<li>1975 &#8211; 1979 Studia doktoranckie w Instytucie Fizyki Politechniki Wroc\u0142awskiej (uzyskanie tytu\u0142u doktora nauk fizycznych)<\/li>\n<li>1979 &#8211; 1987\u00a0adiunkt w Instytucie Fizyki Politechniki Wroc\u0142awskiej<\/li>\n<li>1987 &#8211; 1988\u00a0sta\u017c w Instytucie Fizyki J\u0105drowej w Nowosybirsku, Syberyjski Oddzia\u0142 Akademii Nauk ZSSR<\/li>\n<li>1988 &#8211; 1994\u00a0pracownik techniczny w Instytucie Materia\u0142oznawstwa i Mechaniki Technicznej Politechniki Wroc\u0142awskiej<\/li>\n<li>1994 uzyskanie tytu\u0142u doktora habilitowanego (Wydzia\u0142 Mechaniczny, PWr)<\/li>\n<li>1994 &#8211; 2000 adiunkt w Instytucie Materia\u0142oznawstwa i Mechaniki Technicznej Politechniki Wroc\u0142awskiej<\/li>\n<li>1995 &#8211; 2000 kierownik zespo\u0142u badawczego matematycznego modelowania proces\u00f3w technicznych i technologicznych<\/li>\n<li>2000 Profesor nadzwyczajny PWr na Wydziale Mechanicznym<\/li>\n<li>2008\u00a0Tytu\u0142 profesora nauk technicznych<\/li>\n<\/ul>\n<p>&nbsp;<\/p>\n<p><strong>NAGRODY<\/strong><\/p>\n<ul>\n<li>\u00a01987 nagroda Sekretarza PAN (zespo\u0142owa)<\/li>\n<li>\u00a02005 nagroda Ministra Zdrowia (zespo\u0142owa)<\/li>\n<\/ul>\n","protected":false},"excerpt":{"rendered":"<p>&nbsp; ZAINTERESOWANIA NAUKOWE mechanika analityczna, mechanika o\u015brodk\u00f3w ci\u0105g\u0142ych, modelowanie matematyczne, fraktale, teoria chaosu &nbsp; \u017bYCIORYS 1971 &#8211; 1976 Studia na Wydziale Podstawowych Problem\u00f3w Techniki Politechniki Wroc\u0142awskiej (mgr\u00a0in\u017c. w\u00a0zakresie: Fizyka techniczna) 1975 &#8211; 1979 Studia doktoranckie w Instytucie Fizyki Politechniki Wroc\u0142awskiej (uzyskanie tytu\u0142u doktora nauk fizycznych) 1979 &#8211; 1987\u00a0adiunkt w Instytucie Fizyki Politechniki Wroc\u0142awskiej 1987 &#8211; &hellip; <a href=\"https:\/\/kmim.wm.pwr.edu.pl\/rybaczuk\/o-mnie-2\/\" class=\"more-link\">Czytaj dalej <span class=\"screen-reader-text\">O mnie<\/span> <span class=\"meta-nav\">&rarr;<\/span><\/a><\/p>\n","protected":false},"author":24,"featured_media":0,"parent":0,"menu_order":1,"comment_status":"closed","ping_status":"open","template":"","meta":{"ngg_post_thumbnail":0,"footnotes":""},"class_list":["post-1155","page","type-page","status-publish","hentry"],"publishpress_future_action":{"enabled":false,"date":"2026-04-24 21:19:23","action":"change-status","newStatus":"draft","terms":[],"taxonomy":"language","extraData":[]},"publishpress_future_workflow_manual_trigger":{"enabledWorkflows":[]},"_links":{"self":[{"href":"https:\/\/kmim.wm.pwr.edu.pl\/rybaczuk\/wp-json\/wp\/v2\/pages\/1155","targetHints":{"allow":["GET"]}}],"collection":[{"href":"https:\/\/kmim.wm.pwr.edu.pl\/rybaczuk\/wp-json\/wp\/v2\/pages"}],"about":[{"href":"https:\/\/kmim.wm.pwr.edu.pl\/rybaczuk\/wp-json\/wp\/v2\/types\/page"}],"author":[{"embeddable":true,"href":"https:\/\/kmim.wm.pwr.edu.pl\/rybaczuk\/wp-json\/wp\/v2\/users\/24"}],"replies":[{"embeddable":true,"href":"https:\/\/kmim.wm.pwr.edu.pl\/rybaczuk\/wp-json\/wp\/v2\/comments?post=1155"}],"version-history":[{"count":6,"href":"https:\/\/kmim.wm.pwr.edu.pl\/rybaczuk\/wp-json\/wp\/v2\/pages\/1155\/revisions"}],"predecessor-version":[{"id":1195,"href":"https:\/\/kmim.wm.pwr.edu.pl\/rybaczuk\/wp-json\/wp\/v2\/pages\/1155\/revisions\/1195"}],"wp:attachment":[{"href":"https:\/\/kmim.wm.pwr.edu.pl\/rybaczuk\/wp-json\/wp\/v2\/media?parent=1155"}],"curies":[{"name":"wp","href":"https:\/\/api.w.org\/{rel}","templated":true}]}}