{"id":38,"date":"2019-10-02T22:35:15","date_gmt":"2019-10-02T20:35:15","guid":{"rendered":"http:\/\/kmim.wm.pwr.edu.pl\/smolnicki\/?page_id=38"},"modified":"2024-10-28T00:26:17","modified_gmt":"2024-10-27T23:26:17","slug":"michal-smolnicki-2","status":"publish","type":"page","link":"https:\/\/kmim.wm.pwr.edu.pl\/smolnicki\/","title":{"rendered":"MICHA\u0141 SMOLNICKI"},"content":{"rendered":"<p><span style=\"text-decoration: underline\"><strong>Kontakt:<\/strong><\/span> <img loading=\"lazy\" decoding=\"async\" class=\"wp-image-43 size-medium alignright\" src=\"http:\/\/kmim.wm.pwr.edu.pl\/smolnicki\/wp-content\/uploads\/sites\/75\/2019\/10\/IMG_7569a-1-200x300.jpg\" alt=\"\" width=\"200\" height=\"300\" srcset=\"https:\/\/kmim.wm.pwr.edu.pl\/smolnicki\/wp-content\/uploads\/sites\/75\/2019\/10\/IMG_7569a-1-200x300.jpg 200w, https:\/\/kmim.wm.pwr.edu.pl\/smolnicki\/wp-content\/uploads\/sites\/75\/2019\/10\/IMG_7569a-1-768x1152.jpg 768w, https:\/\/kmim.wm.pwr.edu.pl\/smolnicki\/wp-content\/uploads\/sites\/75\/2019\/10\/IMG_7569a-1-683x1024.jpg 683w\" sizes=\"auto, (max-width: 200px) 100vw, 200px\" \/><br \/>\nWroc\u0142aw, 50-370<br \/>\nul. Mariana Smoluchowskiego 25<br \/>\nbudynek B1, pok\u00f3j 605 (lewa strona)<br \/>\n<strong>e-mail:<\/strong> m&#105;&#99;&#x68;&#x61;&#x6c;&#46;&#115;&#109;&#x6f;&#x6c;&#x6e;ic&#107;&#x69;&#x40;&#x70;wr&#46;&#101;&#x64;&#x75;&#x2e;p&#108;<\/p>\n<p><img decoding=\"async\" src=\"https:\/\/kmim.wm.pwr.edu.pl\/wp-content\/themes\/twentyfourteen-child\/gscholar16.png\"> <a href=\"https:\/\/scholar.google.pl\/citations?user=39XEfukAAAAJ&amp;hl=pl\" target=\"_blank\" rel=\"noopener noreferrer\">Profil Google Scholar<\/a><br \/>\n<img decoding=\"async\" src=\"https:\/\/kmim.wm.pwr.edu.pl\/wp-content\/themes\/twentyfourteen-child\/orcid_32x32.png\">&nbsp;<a href=\"https:\/\/orcid.org\/0000-0003-1489-1062\" target=\"_blank\" rel=\"noopener noreferrer\">Profil ORCID 0000-0003-1489-1062<\/a><br \/>\n<a href=\"https:\/\/www.scopus.com\/authid\/detail.uri?authorId=57198817141\" target=\"_blank\" rel=\"noopener noreferrer\">Profil Scopus<\/a><\/p>\n<p>&nbsp;<\/p>\n<p><span style=\"text-decoration: underline\"><strong>Obszar zainteresowa\u0144:<\/strong><\/span><\/p>\n<ul>\n<li><strong>Metoda Element\u00f3w Sko\u0144czonych<\/strong> (w tym Rozszerzona Metoda Element\u00f3w Sko\u0144czonych)<\/li>\n<li><strong>Skrypty wspomagaj\u0105ce obliczenia MES w \u015brodowisku Abaqus (python) oraz subroutiny (fortran)<\/strong><\/li>\n<li><strong>Kompozyty<\/strong>, z szczeg\u00f3lnym uwzgl\u0119dnieniem kompozyt\u00f3w warstwowych (np. FML &#8211; Laminaty Metalowo-W\u0142\u00f3kniste)<\/li>\n<li>Mechanika p\u0119kania materia\u0142\u00f3w stalowych i kompozytowych<\/li>\n<li><strong>Uczenie maszynowe<\/strong>, algorytmy genetyczne, automatyzacja oblicze\u0144 numerycznych, klastrowanie danych<\/li>\n<\/ul>\n<p><span style=\"text-decoration: underline\"><strong>Promotorzy obronionej pracy doktorskiej<\/strong><\/span><br \/>\nPromotor \u2013 dr hab. in\u017c. Krzysztof Jamroziak, prof. Politechniki Wroc\u0142awskiej<br \/>\nKopromotor &#8211; prof. Abilio M.P. De Jesus, University of Porto<br \/>\nPromotor pomocniczy \u2013 dr hab. in\u017c. Grzegorz Lesiuk, prof. Politechniki Wroc\u0142awskiej<\/p>\n<p><span style=\"text-decoration: underline\"><strong>Prywatnie<\/strong><\/span><\/p>\n<p>Lubi\u0119 podr\u00f3\u017cowa\u0107, gotowa\u0107, gra\u0107 w plansz\u00f3wki i chodzi\u0107 po Escape Roomach zw\u0142aszcza z moj\u0105 \u017bon\u0105 <a href=\"https:\/\/adwokatsmolnicka.pl\/\">Ani\u0105<\/a> i c\u00f3rk\u0105 Ing\u0105 \ud83d\ude42<\/p>\n","protected":false},"excerpt":{"rendered":"<p>Kontakt: Wroc\u0142aw, 50-370 ul. Mariana Smoluchowskiego 25 budynek B1, pok\u00f3j 605 (lewa strona) e-mail: &#x6d;&#105;c&#x68;&#97;&#108;&#x2e;&#x73;&#109;o&#x6c;&#110;i&#x63;&#x6b;&#105;&#64;&#x70;&#119;r&#x2e;&#x65;&#100;u&#x2e;&#112;l Profil Google Scholar &nbsp;Profil ORCID 0000-0003-1489-1062 Profil Scopus &nbsp; Obszar zainteresowa\u0144: Metoda Element\u00f3w Sko\u0144czonych (w tym Rozszerzona Metoda Element\u00f3w Sko\u0144czonych) Skrypty wspomagaj\u0105ce obliczenia MES w \u015brodowisku Abaqus (python) oraz subroutiny (fortran) Kompozyty, z szczeg\u00f3lnym uwzgl\u0119dnieniem kompozyt\u00f3w warstwowych (np. FML &#8211; &hellip; <a href=\"https:\/\/kmim.wm.pwr.edu.pl\/smolnicki\/\" class=\"more-link\">Czytaj dalej <span class=\"screen-reader-text\">MICHA\u0141 SMOLNICKI<\/span> <span class=\"meta-nav\">&rarr;<\/span><\/a><\/p>\n","protected":false},"author":66,"featured_media":0,"parent":0,"menu_order":1,"comment_status":"closed","ping_status":"closed","template":"","meta":{"ngg_post_thumbnail":0,"footnotes":""},"class_list":["post-38","page","type-page","status-publish","hentry"],"publishpress_future_action":{"enabled":false,"date":"2026-04-17 10:25:20","action":"change-status","newStatus":"draft","terms":[],"taxonomy":"language","extraData":[]},"publishpress_future_workflow_manual_trigger":{"enabledWorkflows":[]},"_links":{"self":[{"href":"https:\/\/kmim.wm.pwr.edu.pl\/smolnicki\/wp-json\/wp\/v2\/pages\/38","targetHints":{"allow":["GET"]}}],"collection":[{"href":"https:\/\/kmim.wm.pwr.edu.pl\/smolnicki\/wp-json\/wp\/v2\/pages"}],"about":[{"href":"https:\/\/kmim.wm.pwr.edu.pl\/smolnicki\/wp-json\/wp\/v2\/types\/page"}],"author":[{"embeddable":true,"href":"https:\/\/kmim.wm.pwr.edu.pl\/smolnicki\/wp-json\/wp\/v2\/users\/66"}],"replies":[{"embeddable":true,"href":"https:\/\/kmim.wm.pwr.edu.pl\/smolnicki\/wp-json\/wp\/v2\/comments?post=38"}],"version-history":[{"count":12,"href":"https:\/\/kmim.wm.pwr.edu.pl\/smolnicki\/wp-json\/wp\/v2\/pages\/38\/revisions"}],"predecessor-version":[{"id":5462,"href":"https:\/\/kmim.wm.pwr.edu.pl\/smolnicki\/wp-json\/wp\/v2\/pages\/38\/revisions\/5462"}],"wp:attachment":[{"href":"https:\/\/kmim.wm.pwr.edu.pl\/smolnicki\/wp-json\/wp\/v2\/media?parent=38"}],"curies":[{"name":"wp","href":"https:\/\/api.w.org\/{rel}","templated":true}]}}