{"id":4057,"date":"2020-03-14T18:32:03","date_gmt":"2020-03-14T17:32:03","guid":{"rendered":"http:\/\/kmim.wm.pwr.edu.pl\/smolnicki\/?page_id=4057"},"modified":"2020-03-14T18:33:55","modified_gmt":"2020-03-14T17:33:55","slug":"dydaktyka","status":"publish","type":"page","link":"https:\/\/kmim.wm.pwr.edu.pl\/smolnicki\/dydaktyka\/","title":{"rendered":"Dydaktyka"},"content":{"rendered":"<p>W tej sekcji znajd\u0105 Pa\u0144stwo materia\u0142y po\u015bwi\u0119cone kursom, kt\u00f3re prowadz\u0119.<br \/>\nW razie niejasno\u015bci lub b\u0142\u0119d\u00f3w prosz\u0119 o kontakt mailowy.<\/p>\n","protected":false},"excerpt":{"rendered":"<p>W tej sekcji znajd\u0105 Pa\u0144stwo materia\u0142y po\u015bwi\u0119cone kursom, kt\u00f3re prowadz\u0119. W razie niejasno\u015bci lub b\u0142\u0119d\u00f3w prosz\u0119 o kontakt mailowy.<\/p>\n","protected":false},"author":66,"featured_media":0,"parent":0,"menu_order":2,"comment_status":"closed","ping_status":"closed","template":"","meta":{"ngg_post_thumbnail":0,"footnotes":""},"class_list":["post-4057","page","type-page","status-publish","hentry"],"publishpress_future_action":{"enabled":false,"date":"2026-05-07 08:26:13","action":"change-status","newStatus":"draft","terms":[],"taxonomy":"language","extraData":[]},"publishpress_future_workflow_manual_trigger":{"enabledWorkflows":[]},"_links":{"self":[{"href":"https:\/\/kmim.wm.pwr.edu.pl\/smolnicki\/wp-json\/wp\/v2\/pages\/4057","targetHints":{"allow":["GET"]}}],"collection":[{"href":"https:\/\/kmim.wm.pwr.edu.pl\/smolnicki\/wp-json\/wp\/v2\/pages"}],"about":[{"href":"https:\/\/kmim.wm.pwr.edu.pl\/smolnicki\/wp-json\/wp\/v2\/types\/page"}],"author":[{"embeddable":true,"href":"https:\/\/kmim.wm.pwr.edu.pl\/smolnicki\/wp-json\/wp\/v2\/users\/66"}],"replies":[{"embeddable":true,"href":"https:\/\/kmim.wm.pwr.edu.pl\/smolnicki\/wp-json\/wp\/v2\/comments?post=4057"}],"version-history":[{"count":1,"href":"https:\/\/kmim.wm.pwr.edu.pl\/smolnicki\/wp-json\/wp\/v2\/pages\/4057\/revisions"}],"predecessor-version":[{"id":4058,"href":"https:\/\/kmim.wm.pwr.edu.pl\/smolnicki\/wp-json\/wp\/v2\/pages\/4057\/revisions\/4058"}],"wp:attachment":[{"href":"https:\/\/kmim.wm.pwr.edu.pl\/smolnicki\/wp-json\/wp\/v2\/media?parent=4057"}],"curies":[{"name":"wp","href":"https:\/\/api.w.org\/{rel}","templated":true}]}}