{"id":4878,"date":"2022-03-16T21:59:14","date_gmt":"2022-03-16T20:59:14","guid":{"rendered":"https:\/\/kmim.wm.pwr.edu.pl\/smolnicki\/?page_id=4878"},"modified":"2023-06-14T10:04:54","modified_gmt":"2023-06-14T08:04:54","slug":"wkl","status":"publish","type":"page","link":"https:\/\/kmim.wm.pwr.edu.pl\/smolnicki\/dydaktyka\/wkl\/","title":{"rendered":"WKL"},"content":{"rendered":"<p>Tablice Wytrzyma\u0142o\u015bciowe autorstwa Niezgodzi\u0144skich mo\u017cna pobra\u0107 bezpo\u015brednio ze strony Politechniki Warszwskiej <a href=\"https:\/\/www.meil.pw.edu.pl\/zwmik\/content\/download\/53891\/282576\/file\/Wzory-wykresy-i-tablice-wytrzymalosciowe-michal-edward-niezgodzinski-tadeusz-niezgodzinski.pdf\" target=\"_blank\" rel=\"noopener\">[LINK]<\/a><\/p>\n<p>R\u00f3wnie\u017c na stronie Politechniki Warszawskiej mo\u017cna pobra\u0107 podr\u0119cznik autorstwa Zbigniwa Brzoski&nbsp;<a href=\"https:\/\/www.meil.pw.edu.pl\/zwmik\/content\/download\/42260\/225000\/file\/Brzoska%20Zbigniew%20Wytrzyma%C5%82o%C5%9B%C4%87%20materia%C5%82%C3%B3w_vol1.pdf\" target=\"_blank\" rel=\"noopener\">[LINK &#8211; cz. 1]<\/a>&nbsp;<a href=\"https:\/\/www.meil.pw.edu.pl\/zwmik\/content\/download\/42266\/225029\/file\/Brzoska%20Zbigniew%20Wytrzyma%C5%82o%C5%9B%C4%87%20materia%C5%82%C3%B3w_vol2.pdf\" target=\"_blank\" rel=\"noopener\">[LINK &#8211; cz. 2]<\/a><\/p>\n<p>Projekt 0 &#8211; \u015broda 15:15 &#8211; <a href=\"http:\/\/kmim.wm.pwr.edu.pl\/smolnicki\/wp-content\/uploads\/sites\/75\/2023\/05\/Projekt-0_sroda_new-4.pdf\" rel=\"noopener\" target=\"_blank\">[KLIK &#8211; poprawione dane]<\/a><br \/>\nProjekt 0 &#8211; czwartek 13:15 &#8211; <a href=\"http:\/\/kmim.wm.pwr.edu.pl\/smolnicki\/wp-content\/uploads\/sites\/75\/2023\/05\/Projekt-0_czwartek_new-4.pdf\" rel=\"noopener\" target=\"_blank\">[KLIK &#8211; poprawione dane]<\/a><br \/>\nFormularz do przes\u0142ania raportu On-line (zach\u0119cam do przyj\u015bcia z w\u0142asnym urz\u0105dzeniem wy\u015bwietlaj\u0105cym \ud83d\ude42 ) &#8211; <a href=\"https:\/\/forms.office.com\/e\/xMgC35Jskq\">[KLIK]<\/a><\/p>\n<p>Projekt 1 &#8211; \u015broda 15:15 &#8211; <a href=\"http:\/\/kmim.wm.pwr.edu.pl\/smolnicki\/wp-content\/uploads\/sites\/75\/2023\/05\/PRojekt-WKL-nr-1_sroda_1515.pdf\" rel=\"noopener\" target=\"_blank\">[KLIK]<\/a><br \/>\nProjekt 1 &#8211; czwartek 13:15 &#8211; <a href=\"http:\/\/kmim.wm.pwr.edu.pl\/smolnicki\/wp-content\/uploads\/sites\/75\/2023\/05\/PRojekt-WKL-nr-1_czwartek_1315.pdf\" rel=\"noopener\" target=\"_blank\">[KLIK]<\/a><\/p>\n<p>Projekt 2 &#8211; \u015broda 15:15 &#8211; <a href=\"http:\/\/kmim.wm.pwr.edu.pl\/smolnicki\/wp-content\/uploads\/sites\/75\/2023\/05\/PRojekt-WKL-nr-2-sroda.pdf\" rel=\"noopener\" target=\"_blank\">[KLIK]<\/a><br \/>\nProjekt 2 &#8211; czwartek 13:15 &#8211; <a href=\"http:\/\/kmim.wm.pwr.edu.pl\/smolnicki\/wp-content\/uploads\/sites\/75\/2023\/06\/PRojekt-WKL-nr-2-czwartek.pdf\" rel=\"noopener\" target=\"_blank\">[KLIK]<\/a><\/p>\n<p>Projekt 3 &#8211; \u015broda 15:15 &#8211; <a href=\"http:\/\/kmim.wm.pwr.edu.pl\/smolnicki\/wp-content\/uploads\/sites\/75\/2023\/05\/Projekt-nr-3_sroda_15_15.pdf\" rel=\"noopener\" target=\"_blank\">[KLIK]<\/a><\/p>\n<p>Formularz do przes\u0142ania raportu On-line projekty 0\/1\/2 (po akceptacji na zaj\u00e9ciach z u\u017cyciem tabletu\/komputera etc  ) &#8211; <a href=\"https:\/\/forms.office.com\/Pages\/ResponsePage.aspx?id=W0Pa0OendE2krvcs-POy27nRZyz3SR5OsMKc3EIrcD5UMDU2VlNHRUNROUtaWFM1OVZPTEJUN1VEUy4u\">[KLIK]<\/a><\/p>\n<p>W dniu 14.06.2023 konsultacje odbywaj\u0105 si\u0119 mi\u0119dzy 12:45 a 13:30 ze wzgl\u0119du na wyk\u0142ad go\u015bcinny prof. Naoki Ono. Mo\u017cna przyj\u015b\u0107 te\u017c wcze\u015bniej mi\u0119dzy 9 a 11. <\/p>\n","protected":false},"excerpt":{"rendered":"<p>Tablice Wytrzyma\u0142o\u015bciowe autorstwa Niezgodzi\u0144skich mo\u017cna pobra\u0107 bezpo\u015brednio ze strony Politechniki Warszwskiej [LINK] R\u00f3wnie\u017c na stronie Politechniki Warszawskiej mo\u017cna pobra\u0107 podr\u0119cznik autorstwa Zbigniwa Brzoski&nbsp;[LINK &#8211; cz. 1]&nbsp;[LINK &#8211; cz. 2] Projekt 0 &#8211; \u015broda 15:15 &#8211; [KLIK &#8211; poprawione dane] Projekt 0 &#8211; czwartek 13:15 &#8211; [KLIK &#8211; poprawione dane] Formularz do przes\u0142ania raportu On-line (zach\u0119cam &hellip; <a href=\"https:\/\/kmim.wm.pwr.edu.pl\/smolnicki\/dydaktyka\/wkl\/\" class=\"more-link\">Czytaj dalej <span class=\"screen-reader-text\">WKL<\/span> <span class=\"meta-nav\">&rarr;<\/span><\/a><\/p>\n","protected":false},"author":66,"featured_media":0,"parent":4057,"menu_order":3,"comment_status":"closed","ping_status":"closed","template":"","meta":{"ngg_post_thumbnail":0,"footnotes":""},"class_list":["post-4878","page","type-page","status-publish","hentry"],"publishpress_future_action":{"enabled":false,"date":"2026-05-07 08:25:28","action":"change-status","newStatus":"draft","terms":[],"taxonomy":"language","extraData":[]},"publishpress_future_workflow_manual_trigger":{"enabledWorkflows":[]},"_links":{"self":[{"href":"https:\/\/kmim.wm.pwr.edu.pl\/smolnicki\/wp-json\/wp\/v2\/pages\/4878","targetHints":{"allow":["GET"]}}],"collection":[{"href":"https:\/\/kmim.wm.pwr.edu.pl\/smolnicki\/wp-json\/wp\/v2\/pages"}],"about":[{"href":"https:\/\/kmim.wm.pwr.edu.pl\/smolnicki\/wp-json\/wp\/v2\/types\/page"}],"author":[{"embeddable":true,"href":"https:\/\/kmim.wm.pwr.edu.pl\/smolnicki\/wp-json\/wp\/v2\/users\/66"}],"replies":[{"embeddable":true,"href":"https:\/\/kmim.wm.pwr.edu.pl\/smolnicki\/wp-json\/wp\/v2\/comments?post=4878"}],"version-history":[{"count":31,"href":"https:\/\/kmim.wm.pwr.edu.pl\/smolnicki\/wp-json\/wp\/v2\/pages\/4878\/revisions"}],"predecessor-version":[{"id":5101,"href":"https:\/\/kmim.wm.pwr.edu.pl\/smolnicki\/wp-json\/wp\/v2\/pages\/4878\/revisions\/5101"}],"up":[{"embeddable":true,"href":"https:\/\/kmim.wm.pwr.edu.pl\/smolnicki\/wp-json\/wp\/v2\/pages\/4057"}],"wp:attachment":[{"href":"https:\/\/kmim.wm.pwr.edu.pl\/smolnicki\/wp-json\/wp\/v2\/media?parent=4878"}],"curies":[{"name":"wp","href":"https:\/\/api.w.org\/{rel}","templated":true}]}}