{"id":22,"date":"2014-09-16T20:04:48","date_gmt":"2014-09-16T18:04:48","guid":{"rendered":"http:\/\/kmim.wm.pwr.edu.pl\/ssofm\/?page_id=22"},"modified":"2014-09-16T20:04:48","modified_gmt":"2014-09-16T18:04:48","slug":"the-2nd-sumer-school","status":"publish","type":"page","link":"https:\/\/kmim.wm.pwr.edu.pl\/ssofm\/about\/the-2nd-sumer-school\/","title":{"rendered":"The 2nd Sumer School"},"content":{"rendered":"<h4>\u201cDynamic Aspects of Fracture Mechanics\u201d<\/h4>\n<p>The 2nd Summer School was held in accordance with the agreement between Karpenko Physico-Mechanical Institute of the National Academy of Sciences of Ukraine (KPhMI), Lviv and the Institute of Materials Science and Applied Mechanics of the Wroclaw University of Technology (TU), Poland and Dresden University of Technology (TU).<\/p>\n<p>The above-mentioned Institutes organized the 1st Summer School in June 1995. It was devoted to the \u201cMechanics of Cracking. Mathematical Basis and Introduction to Experiments\u201d. The main lectures were given by: Prof. V.\u00a0V.\u00a0Panasyuk (KPhMI, Lviv), Prof. O.\u00a0Ye.\u00a0Andreykiv (KPhMI, Lviv), Prof. S.\u00a0S\u00e4hn (TU, Dresden), Prof. A.\u00a0Neimitz (TU, Kielce).<\/p>\n<p>Professor Waciaw Kasprzak is the chairman of the Scienti\ufb01c Board of the Schools. Organizing Committee: Dr. Mieczys\u0142aw Szata and Gra\u017cyna Ko\u0144czal, MSc.<\/p>\n<p>The 2nd School, \ufb01nancially supported by Volkswagenstiftung, was devoted to the Dynamic Aspects of Fracture Mechanics, taking into account fatigue problems.<\/p>\n<p>The \ufb01rst part of the 2nd Summer School considered the following subjects:<\/p>\n<ul>\n<li>Criteria of materials fracture under dynamic loading.<\/li>\n<li>Mathematical methods of solution of fracture mechanics dynamic problems.<\/li>\n<li>Experimental method for evaluation of crack extension resistance dynamic characteristics.<\/li>\n<li>Energetic approach to fatigue crack iniation in growth<\/li>\n<\/ul>\n<p>The above topics were presented by Prof. V.\u00a0V.\u00a0Panasyuk and Prof. O.\u00a0Ye.\u00a0Andreykiv.<\/p>\n<p>Prof. S.\u00a0Sahn discussed the subjects:<\/p>\n<ul>\n<li>Assessment of strength under cyclic loading.<\/li>\n<li>A model of fatigue strength phenomena: endurance, crack initiation, growth of small- and macrocracks, crack arrest.<\/li>\n<\/ul>\n<p>Prof. K. L. Kotte (TU, Dresden) presented the following lectures:<\/p>\n<ul>\n<li>Life assessment under random loading of structural components.<\/li>\n<li>Data collection for evaluation and improvement of calculation methods.<\/li>\n<\/ul>\n<p>Prof. L.\u00a0Varkoly (TU, Zilina) gave a lecture on:<\/p>\n<ul>\n<li>Usage of fatigue crack closure concept in modern machine design.<\/li>\n<\/ul>\n<p>The second part of the 2nd Summer School was devoted to the industrial application of fracture mechanics (among the participants besides the research workers, readers (27), and postgraduate students (10) there was a group from industry (13). The state of materials and structures was mainly discussed. The solutions of the problems as well as the unsolved problems in practice were presented.<\/p>\n<p>The main subjects in this part were:<\/p>\n<ul>\n<li>Accoustic emission problems for the case of formation and propagation of cracks in solids \u2014 Prof. V. V. Panasyuk and Prof. 0. Ye. Andreykiv.<\/li>\n<li>Video-magnetic system for determination of bi-axial stresses under cyclic loading \u2014 Dr. J. Kaleta.<\/li>\n<li>Boundary element method for dynamic analysis \u2014 Dr. Piotr Fedelicski.<\/li>\n<li>Transportation and accumulation of hydrogen in front of the crack tip into metal \u2014 Dr. Jan Lachowski.<\/li>\n<li>A nondestructive method of evaluation of the materials tendency to brittle fracture \u2014 Dr. Jerzy Laska.<\/li>\n<li>Assessment of materials, operating in creep conditions by the nondestructive testing of microstructure \u2014 Dr. Jerzy Laska.<\/li>\n<li>Cracking of wood elements with composite strengthening \u2014 Pawel Kassakowski.<\/li>\n<\/ul>\n<p>The 70th birthday of Prof. V. V. Panasyuk was a nice occasion to present his scienti\ufb01c achievements during the years of his highly productive activity. Especially was underlined his share in organization and realization of the Summer Schools of Fracture Mechanics. Prof. V. Panasyuk initiated both schools and was the author of the scienti\ufb01c programs.<\/p>\n<p>Full proceedings are published by the Institute of Materials Science and Applied Mechanics of the Wroclaw University of Technology.<\/p>\n<p>The 3rd Summer School of Fracture Mechanics devoted to the Assessment Methods of Engineering Materials, Components and Structures especially in corrosion environment will be held in June 1997.<\/p>\n<p style=\"text-align: right;\"><em>Waclaw Kasprzak,<\/em><br \/>\n<em> Mieczyslaw Szata<\/em><\/p>\n","protected":false},"excerpt":{"rendered":"<p>\u201cDynamic Aspects of Fracture Mechanics\u201d The 2nd Summer School was held in accordance with the agreement between Karpenko Physico-Mechanical Institute of the National Academy of Sciences of Ukraine (KPhMI), Lviv and the Institute of Materials Science and Applied Mechanics of the Wroclaw University of Technology (TU), Poland and Dresden University of Technology (TU). The above-mentioned &hellip; <a href=\"https:\/\/kmim.wm.pwr.edu.pl\/ssofm\/about\/the-2nd-sumer-school\/\" class=\"more-link\">Continue reading <span class=\"screen-reader-text\">The 2nd Sumer School<\/span> <span class=\"meta-nav\">&rarr;<\/span><\/a><\/p>\n","protected":false},"author":1,"featured_media":0,"parent":7,"menu_order":0,"comment_status":"closed","ping_status":"closed","template":"","meta":{"ngg_post_thumbnail":0,"footnotes":""},"class_list":["post-22","page","type-page","status-publish","hentry"],"publishpress_future_action":{"enabled":false,"date":"2026-04-19 18:13:55","action":"change-status","newStatus":"draft","terms":[],"taxonomy":"language","extraData":[]},"publishpress_future_workflow_manual_trigger":{"enabledWorkflows":[]},"_links":{"self":[{"href":"https:\/\/kmim.wm.pwr.edu.pl\/ssofm\/wp-json\/wp\/v2\/pages\/22","targetHints":{"allow":["GET"]}}],"collection":[{"href":"https:\/\/kmim.wm.pwr.edu.pl\/ssofm\/wp-json\/wp\/v2\/pages"}],"about":[{"href":"https:\/\/kmim.wm.pwr.edu.pl\/ssofm\/wp-json\/wp\/v2\/types\/page"}],"author":[{"embeddable":true,"href":"https:\/\/kmim.wm.pwr.edu.pl\/ssofm\/wp-json\/wp\/v2\/users\/1"}],"replies":[{"embeddable":true,"href":"https:\/\/kmim.wm.pwr.edu.pl\/ssofm\/wp-json\/wp\/v2\/comments?post=22"}],"version-history":[{"count":1,"href":"https:\/\/kmim.wm.pwr.edu.pl\/ssofm\/wp-json\/wp\/v2\/pages\/22\/revisions"}],"predecessor-version":[{"id":23,"href":"https:\/\/kmim.wm.pwr.edu.pl\/ssofm\/wp-json\/wp\/v2\/pages\/22\/revisions\/23"}],"up":[{"embeddable":true,"href":"https:\/\/kmim.wm.pwr.edu.pl\/ssofm\/wp-json\/wp\/v2\/pages\/7"}],"wp:attachment":[{"href":"https:\/\/kmim.wm.pwr.edu.pl\/ssofm\/wp-json\/wp\/v2\/media?parent=22"}],"curies":[{"name":"wp","href":"https:\/\/api.w.org\/{rel}","templated":true}]}}